{"id":21794,"date":"2025-08-28T11:16:04","date_gmt":"2025-08-28T10:16:04","guid":{"rendered":"https:\/\/gem.pt\/1\/?page_id=21794"},"modified":"2025-08-30T11:56:49","modified_gmt":"2025-08-30T10:56:49","slug":"algar-picos-i-alguns-apontamentos","status":"publish","type":"page","link":"https:\/\/gem.pt\/1\/publicacoes\/carso-e-endocarso\/algar-picos-i-alguns-apontamentos\/","title":{"rendered":"Algar Picos I &#8211; Alguns Apontamentos"},"content":{"rendered":"<figure>\n\t\t\t\t\t\t\t\t\t\t<img decoding=\"async\" src=\"https:\/\/gem.pt\/wp-content\/uploads\/elementor\/thumbs\/Algar-Picos-I-pan-rb0kw6omcwrsn3yuigfzy5xucuf9kqed53brqm7grk.jpeg\" title=\"Algar-Picos-I-pan\" alt=\"Algar-Picos-I-pan\" loading=\"lazy\" \/><figcaption>Algar Picos I - Alguns Apontamentos<\/figcaption><\/figure>\n<p>\t\t28 de Agosto de 2025<\/p>\n<p>Introdu\u00e7\u00e3o<\/p>\n<p>O algar Picos I encontra-se no Maci\u00e7o Calc\u00e1rio Estremenho, na unidade morfoestrutural do planalto de Santo Ant\u00f3nio. perto da localidade de Penedos, Belos, concelho de Porto de M\u00f3s As coordenadas geogr\u00e1ficas de entrada da gruta (WGS84) s\u00e3o latitude: 39,50587\u00ba e Longitude: -8,747879 e Z aproximado de 385 metros.<\/p>\n<p>Descri\u00e7\u00e3o<\/p>\n<p>A gruta \u00e9 composta por um po\u00e7o de 16m, a partir do qual se tem acesso a uma galeria de sec\u00e7\u00e3o m\u00e9trica, e cerca de 30m de extens\u00e3o de orienta\u00e7\u00e3o NW-SE, fortemente concrecionada onde a gruta atinge os -25m, a sua profundidade m\u00e1xima.<\/p>\n<figure>\n\t\t\t\t\t\t\t\t\t\t\t<a href=\"https:\/\/gem.pt\/wp-content\/uploads\/2025\/08\/Figura_1_Topografia.jpg\" data-elementor-open-lightbox=\"yes\" data-elementor-lightbox-title=\"Figura 1 - Topografia da Gruta\" data-e-action-hash=\"#elementor-action%3Aaction%3Dlightbox%26settings%3DeyJpZCI6MjE3OTcsInVybCI6Imh0dHBzOlwvXC9nZW0ucHRcL3dwLWNvbnRlbnRcL3VwbG9hZHNcLzIwMjVcLzA4XC9GaWd1cmFfMV9Ub3BvZ3JhZmlhLmpwZyJ9\"><br \/>\n\t\t\t\t\t\t\t<img decoding=\"async\" src=\"https:\/\/gem.pt\/wp-content\/uploads\/elementor\/thumbs\/Figura_1_Topografia-rb0k4vh4tict3wwtxt204vmhkzdocyxkr74ijd1b5s.jpg\" title=\"Figura 1 &#8211; Topografia da Gruta\" alt=\"Figura 1 - Topografia da Gruta\" loading=\"lazy\" \/>\t\t\t\t\t\t\t\t<\/a><figcaption>Figura 1 - Topografia da Gruta<\/figcaption><\/figure>\n<p>Enquadramento Geol\u00f3gico<\/p>\n<p>De acordo com a folha 27-A da Carta Geol\u00f3gica de Portugal - \u00e0 escala 1:50000 (Manupella et al), a gruta desenvolve se na forma\u00e7\u00e3o de Margas e Calc\u00e1rios margosos do Zambujal, datada do andar Aaleniano a Bajociano Inferior, do Jur\u00e1ssico M\u00e9dio. As camadas apresentam,\u00a0 regionalmente de acordo com a Carta acima referida atitude entre NW-SE e NNW-SSE a inclinar cerca de 10 a 30\u00ba para Sul.<\/p>\n<p>Controlo Estrutural<\/p>\n<p>A entrada da gruta \u00e9 controlada por uma fratura de atitude aproximada E-W\/Vertical. A galeria parece seguir a inclina\u00e7\u00e3o das camadas, que apresentam localmente atitude N70W\/10S.<\/p>\n<figure>\n\t\t\t\t\t\t\t\t\t\t\t<a href=\"https:\/\/gem.pt\/wp-content\/uploads\/2025\/08\/Figura_2.jpg\" data-elementor-open-lightbox=\"yes\" data-elementor-lightbox-title=\"Figura 2 - Aspeto do interior da galeria\" data-e-action-hash=\"#elementor-action%3Aaction%3Dlightbox%26settings%3DeyJpZCI6MjE3OTgsInVybCI6Imh0dHBzOlwvXC9nZW0ucHRcL3dwLWNvbnRlbnRcL3VwbG9hZHNcLzIwMjVcLzA4XC9GaWd1cmFfMi5qcGcifQ%3D%3D\"><br \/>\n\t\t\t\t\t\t\t<img decoding=\"async\" src=\"https:\/\/gem.pt\/wp-content\/uploads\/elementor\/thumbs\/Figura_2-rb0k4wez0ce3fivgsbgmpddy6d91ko1b3bs00mzwhs.jpg\" title=\"Figura 2 &#8211; Aspeto do interior da galeria\" alt=\"Figura 2 - Aspeto do interior da galeria\" loading=\"lazy\" \/>\t\t\t\t\t\t\t\t<\/a><figcaption>Figura 2 - Aspeto do interior da galeria<\/figcaption><\/figure>\n<p>G\u00e9nese e Evolu\u00e7\u00e3o<\/p>\n<p>A gruta formou-se na zona fre\u00e1tica de acordo com a defini\u00e7\u00e3o de B\u00f6gli 1980, como o comprovam a sec\u00e7\u00e3o arredondada das galeria e vagas de eros\u00e3o. O Algar Picos I marca um antigo n\u00edvel de circula\u00e7\u00e3o de \u00e1gua que atualmente se encontra \u00e0 cota aproximada de 360-370m. A gruta, por uma descida relativa do n\u00edvel de base, passou da zona fre\u00e1tica para a zona vadosa inactiva. A entrada abriu-se posteriormente com o abatimento do tecto da gruta que se encontra muito perto da superf\u00edcie.<\/p>\n<p>Refer\u00eancias\u00a0 bibliogr\u00e1ficas<\/p>\n<ul style=\"margin-right: 0px; margin-bottom: 0px; padding-right: 0.3em; padding-left: 2em; clear: both;\">\n<li>Baro\u00f1, I. 2002. Speleogenesis along subvertical joints: A model of plateau karst shaft development: A case study: the Doln\u00fd Vrch Plateau (Slovak Republic), Cave&amp; Karst Science 29 (1), 2002, 5-12.\u00a0 Available at <a href=\"https:\/\/cloud3.bcra.org.uk\/cdn\/cavescience\/3_CaveAndKarstScience\/cks085.pdf\">https:\/\/cloud3.bcra.org.uk\/cdn\/cavescience\/3_CaveAndKarstScience\/cks085.pdf<\/a><\/li>\n<li>B\u00f6gli, A. (1980), Karst Hydrology and Physical Speleology, Springer-Verlag, Berlin Heildelberg New York.<\/li>\n<li style=\"line-height: 26.6px;\">Manupella, G., Telles Antunes, M., Costa Almeida, C.A., Azer\u00eado, A.C., Barbosa, B., Cardoso, J.L., Crispim, J.A., Duarte, L.V., Henriques, M.H., Martins, L.T., Ramalho, M.M.; Santos, V.F.; Terrinha. P.; (2000). Carta Geol\u00f3gica de Portugal \u2013 Vila Nova de Our\u00e9m, Folha 27-A, \u00e0 escala 1:50.000, e Nota Explicativa, Instituto Geol\u00f3gico e Mineiro, Lisboa.<\/li>\n<\/ul>\n","protected":false},"excerpt":{"rendered":"<p>Algar Picos I &#8211; Alguns Apontamentos 28 de Agosto de 2025 Introdu\u00e7\u00e3o O algar Picos I encontra-se no Maci\u00e7o Calc\u00e1rio Estremenho, na unidade morfoestrutural do planalto de Santo Ant\u00f3nio. perto da localidade de Penedos, Belos, concelho de Porto de M\u00f3s As coordenadas geogr\u00e1ficas de entrada da gruta (WGS84) s\u00e3o latitude: 39,50587\u00ba e Longitude: -8,747879 e [&hellip;]<\/p>\n","protected":false},"author":1,"featured_media":0,"parent":1574,"menu_order":0,"comment_status":"closed","ping_status":"closed","template":"","meta":{"footnotes":""},"class_list":["post-21794","page","type-page","status-publish","hentry"],"_links":{"self":[{"href":"https:\/\/gem.pt\/1\/wp-json\/wp\/v2\/pages\/21794","targetHints":{"allow":["GET"]}}],"collection":[{"href":"https:\/\/gem.pt\/1\/wp-json\/wp\/v2\/pages"}],"about":[{"href":"https:\/\/gem.pt\/1\/wp-json\/wp\/v2\/types\/page"}],"author":[{"embeddable":true,"href":"https:\/\/gem.pt\/1\/wp-json\/wp\/v2\/users\/1"}],"replies":[{"embeddable":true,"href":"https:\/\/gem.pt\/1\/wp-json\/wp\/v2\/comments?post=21794"}],"version-history":[{"count":0,"href":"https:\/\/gem.pt\/1\/wp-json\/wp\/v2\/pages\/21794\/revisions"}],"up":[{"embeddable":true,"href":"https:\/\/gem.pt\/1\/wp-json\/wp\/v2\/pages\/1574"}],"wp:attachment":[{"href":"https:\/\/gem.pt\/1\/wp-json\/wp\/v2\/media?parent=21794"}],"curies":[{"name":"wp","href":"https:\/\/api.w.org\/{rel}","templated":true}]}}