{"id":21954,"date":"2025-10-05T11:13:40","date_gmt":"2025-10-05T10:13:40","guid":{"rendered":"https:\/\/gem.pt\/1\/?page_id=21954"},"modified":"2025-10-22T23:44:06","modified_gmt":"2025-10-22T22:44:06","slug":"algar-da-cancela-ii","status":"publish","type":"page","link":"https:\/\/gem.pt\/1\/publicacoes\/carso-e-endocarso\/algar-da-cancela-ii\/","title":{"rendered":"Algar da Cancela II"},"content":{"rendered":"<figure>\n\t\t\t\t\t\t\t\t\t\t<img fetchpriority=\"high\" width=\"1500\" height=\"500\" src=\"https:\/\/gem.pt\/wp-content\/uploads\/2025\/10\/Algar-da-Cancela-II_pan.jpg\" alt=\"\" decoding=\"async\" srcset=\"https:\/\/gem.pt\/wp-content\/uploads\/2025\/10\/Algar-da-Cancela-II_pan.jpg 1500w, https:\/\/gem.pt\/wp-content\/uploads\/2025\/10\/Algar-da-Cancela-II_pan-18x6.jpg 18w\" sizes=\"(max-width: 1500px) 100vw, 1500px\" \/><figcaption>Algar da Cancela II<\/figcaption><\/figure>\n<p>\t\t05 de Outubro de 2025<\/p>\n<p>Rodrigues, Afonso 1\u00a0- <a href=\"#introducao\">Introdu\u00e7\u00e3o e Localiza\u00e7\u00e3o<\/a>, <a href=\"#resenha\">Resenha Hist\u00f3rica<\/a>, <a href=\"#descricao\">Descri\u00e7\u00e3o<\/a> e <a href=\"#topo\">Topografia<\/a><\/p>\n<p>Rodrigues, Paulo\u00a0<sup>1,2,3 <\/sup> - <a href=\"#enquadramentogeologico\">Enquadramento Geol\u00f3gico<\/a>, <a href=\"#controloestrutural\">Controlo Estrutural<\/a> e <a href=\"#genese\">G\u00e9nese e Evolu\u00e7\u00e3o<\/a>\u00a0<\/p>\n<ol>\n<li style=\"letter-spacing: normal; margin: 10px; padding: 0px; font-family: Questrial; font-size: 13px; white-space: pre-line; line-height: 0.9;\">Grupo de Espeleologia e Montanhismo, Rua General Pereira de E\u00e7a, n\u00ba30, 2380-075 Alcanena<\/li>\n<li style=\"letter-spacing: normal; margin: 10px; padding: 0px; font-family: Questrial; font-size: 13px; white-space: pre-line; line-height: 0.9;\">N\u00facleo dos Amigos das Lapas Grutas e Algares\u00a0<\/li>\n<li style=\"letter-spacing: normal; margin: 10px; padding: 0px; font-family: Questrial; font-size: 13px; white-space: pre-line; line-height: 0.9;\">Comiss\u00e3o Cient\u00edfica da Federa\u00e7\u00e3o Portuguesa de Espeleologia,Estrada Calhariz de Benfica, 187, 1500-124 Lisboa\u00a0<\/li>\n<\/ol>\n<hr \/>\n<p>Introdu\u00e7\u00e3o e Localiza\u00e7\u00e3o<\/p>\n<p>O algar da Cancela II encontra-se no Maci\u00e7o Calc\u00e1rio Estremenho (MCE), na encosta da Cancela, uma vertente de uma eleva\u00e7\u00e3o situada perto do limite Sul do MCE, entre a Serra dos Candeeiros e o Polge da Mendiga, n\u00e3o muito longe da localidade de Xartinho. As coordenadas geogr\u00e1ficas (WGS84) da entrada da gruta s\u00e3o: Latitude 39,44497\u00ba, Longitude -8,87281\u00ba e Z aproximado de 297 metros.<\/p>\n<figure>\n\t\t\t\t\t\t\t\t\t\t\t<a href=\"https:\/\/gem.pt\/wp-content\/uploads\/2025\/10\/Figura_1a_Satelite_longe.jpg\" data-elementor-open-lightbox=\"yes\" data-elementor-lightbox-title=\"Figura 1 - Localiza\u00e7\u00e3o do Algar da Cancela II (imagem de sat\u00e9lite com planta em roxo).\" data-e-action-hash=\"#elementor-action%3Aaction%3Dlightbox%26settings%3DeyJpZCI6MjE5NTksInVybCI6Imh0dHBzOlwvXC9nZW0ucHRcL3dwLWNvbnRlbnRcL3VwbG9hZHNcLzIwMjVcLzEwXC9GaWd1cmFfMWFfU2F0ZWxpdGVfbG9uZ2UuanBnIn0%3D\"><br \/>\n\t\t\t\t\t\t\t<img width=\"850\" height=\"1300\" src=\"https:\/\/gem.pt\/wp-content\/uploads\/2025\/10\/Figura_1a_Satelite_longe.jpg\" alt=\"\" decoding=\"async\" srcset=\"https:\/\/gem.pt\/wp-content\/uploads\/2025\/10\/Figura_1a_Satelite_longe.jpg 850w, https:\/\/gem.pt\/wp-content\/uploads\/2025\/10\/Figura_1a_Satelite_longe-8x12.jpg 8w\" sizes=\"(max-width: 850px) 100vw, 850px\" \/>\t\t\t\t\t\t\t\t<\/a><figcaption>Figura 1 - Localiza\u00e7\u00e3o do Algar da Cancela II (imagem de sat\u00e9lite com planta em roxo).<\/figcaption><\/figure>\n<figure>\n\t\t\t\t\t\t\t\t\t\t\t<a href=\"https:\/\/gem.pt\/wp-content\/uploads\/2025\/10\/Figura_2b_satelite_lperto.jpg\" data-elementor-open-lightbox=\"yes\" data-elementor-lightbox-title=\"Figura 1a - Amplia\u00e7\u00e3o da imagem de sat\u00e9lite com planta em roxo.\" data-e-action-hash=\"#elementor-action%3Aaction%3Dlightbox%26settings%3DeyJpZCI6MjE5NjEsInVybCI6Imh0dHBzOlwvXC9nZW0ucHRcL3dwLWNvbnRlbnRcL3VwbG9hZHNcLzIwMjVcLzEwXC9GaWd1cmFfMmJfc2F0ZWxpdGVfbHBlcnRvLmpwZyJ9\"><br \/>\n\t\t\t\t\t\t\t<img width=\"850\" height=\"1300\" src=\"https:\/\/gem.pt\/wp-content\/uploads\/2025\/10\/Figura_2b_satelite_lperto.jpg\" alt=\"\" decoding=\"async\" srcset=\"https:\/\/gem.pt\/wp-content\/uploads\/2025\/10\/Figura_2b_satelite_lperto.jpg 850w, https:\/\/gem.pt\/wp-content\/uploads\/2025\/10\/Figura_2b_satelite_lperto-8x12.jpg 8w\" sizes=\"(max-width: 850px) 100vw, 850px\" \/>\t\t\t\t\t\t\t\t<\/a><figcaption>Figura 1a - Amplia\u00e7\u00e3o da imagem de sat\u00e9lite com planta em roxo.<\/figcaption><\/figure>\n<p>Resenha Hist\u00f3rica<\/p>\n<p>Durante os trabalhos foi poss\u00edvel apurar a exist\u00eancia de 2 campanhas de trabalho hist\u00f3ricas nesta gruta, embora nos pare\u00e7a muito prov\u00e1vel que a gruta tenha tido bastante visita\u00e7\u00e3o e trabalho n\u00e3o documentado. Por ordem cronol\u00f3gica, do que foi poss\u00edvel apurar:<\/p>\n<ul>\n<li>Ferreira (1962) apresenta numa separata do boletim da SPE (Sociedade Portuguesa de Espeleologia) uma nota sobre a gruta, com situa\u00e7\u00e3o geogr\u00e1fica, geologia local, espeleog\u00e9nese, espeleomorfologia e um perfil da parte inicial da gruta, incluindo o po\u00e7o de entrada. O acesso ao restante da cavidade \u00e9 marcado com um ponto de interroga\u00e7\u00e3o. Admite-se que posteriormente \u00e0 topografia tenha sido feita uma desobstru\u00e7\u00e3o nessa zona, dando acesso ao resto da cavidade. De salientar a qualidade do artigo. Como nota refira-se que a melhor descri\u00e7\u00e3o da entrada da gruta: \u201calgar-rampa\u201d encontra-se neste artigo.<\/li>\n<\/ul>\n<figure>\n\t\t\t\t\t\t\t\t\t\t\t<a href=\"https:\/\/gem.pt\/wp-content\/uploads\/2025\/10\/Figura_2_Topografia-do-Algar-da-Cancela_SPE.jpg\" data-elementor-open-lightbox=\"yes\" data-elementor-lightbox-title=\"Figura 2 - Topografia do Algar da Cancela II segundo Ferreira (1962).\" data-e-action-hash=\"#elementor-action%3Aaction%3Dlightbox%26settings%3DeyJpZCI6MjE5NjAsInVybCI6Imh0dHBzOlwvXC9nZW0ucHRcL3dwLWNvbnRlbnRcL3VwbG9hZHNcLzIwMjVcLzEwXC9GaWd1cmFfMl9Ub3BvZ3JhZmlhLWRvLUFsZ2FyLWRhLUNhbmNlbGFfU1BFLmpwZyJ9\"><br \/>\n\t\t\t\t\t\t\t<img loading=\"lazy\" width=\"990\" height=\"700\" src=\"https:\/\/gem.pt\/wp-content\/uploads\/2025\/10\/Figura_2_Topografia-do-Algar-da-Cancela_SPE.jpg\" alt=\"\" decoding=\"async\" srcset=\"https:\/\/gem.pt\/wp-content\/uploads\/2025\/10\/Figura_2_Topografia-do-Algar-da-Cancela_SPE.jpg 990w, https:\/\/gem.pt\/wp-content\/uploads\/2025\/10\/Figura_2_Topografia-do-Algar-da-Cancela_SPE-18x12.jpg 18w\" sizes=\"(max-width: 990px) 100vw, 990px\" \/>\t\t\t\t\t\t\t\t<\/a><figcaption>Figura 2 - Topografia do Algar da Cancela II segundo Ferreira (1962).<\/figcaption><\/figure>\n<ul>\n<li>A gruta foi visitada por espele\u00f3logos do GEM e da AESDA (Associa\u00e7\u00e3o de Estudos Subterr\u00e2neos e Defesa do Ambiente) em 2017. Ap\u00f3s essa visita um grupo de espele\u00f3logos de v\u00e1rias associa\u00e7\u00f5es procede a laboriosos trabalhos de desobstru\u00e7\u00e3o e \u00e0 topografia da gruta (que se encontra nas Figuras 3 e 4)\u00a0 Agradecemos a Bruno Pais (AESDA) a ced\u00eancia da topografia e a ajuda na resenha hist\u00f3rica.\u00a0 Esta \u00e9 a primeira topografia integral conhecida da gruta. Os nomes da equipa de campo e dos autores da topografia podem ser consultados nas Figuras 3 e 4.<\/li>\n<\/ul>\n<figure>\n\t\t\t\t\t\t\t\t\t\t\t<a href=\"https:\/\/gem.pt\/wp-content\/uploads\/2025\/10\/Figura_3_Topografia_-Planta-Bruno-Pais.jpg\" data-elementor-open-lightbox=\"yes\" data-elementor-lightbox-title=\"Figura 3 - Planta do Algar da Cancela II (topografia cedida por Bruno Pais).\" data-e-action-hash=\"#elementor-action%3Aaction%3Dlightbox%26settings%3DeyJpZCI6MjE5NjIsInVybCI6Imh0dHBzOlwvXC9nZW0ucHRcL3dwLWNvbnRlbnRcL3VwbG9hZHNcLzIwMjVcLzEwXC9GaWd1cmFfM19Ub3BvZ3JhZmlhXy1QbGFudGEtQnJ1bm8tUGFpcy5qcGcifQ%3D%3D\"><br \/>\n\t\t\t\t\t\t\t<img loading=\"lazy\" width=\"655\" height=\"850\" src=\"https:\/\/gem.pt\/wp-content\/uploads\/2025\/10\/Figura_3_Topografia_-Planta-Bruno-Pais.jpg\" alt=\"\" decoding=\"async\" srcset=\"https:\/\/gem.pt\/wp-content\/uploads\/2025\/10\/Figura_3_Topografia_-Planta-Bruno-Pais.jpg 655w, https:\/\/gem.pt\/wp-content\/uploads\/2025\/10\/Figura_3_Topografia_-Planta-Bruno-Pais-9x12.jpg 9w\" sizes=\"(max-width: 655px) 100vw, 655px\" \/>\t\t\t\t\t\t\t\t<\/a><figcaption>Figura 3 - Planta do Algar da Cancela II (topografia cedida por Bruno Pais).<\/figcaption><\/figure>\n<figure>\n\t\t\t\t\t\t\t\t\t\t\t<a href=\"https:\/\/gem.pt\/wp-content\/uploads\/2025\/10\/Figura_4_Topografia_-Perfil-Bruno-Pais.jpg\" data-elementor-open-lightbox=\"yes\" data-elementor-lightbox-title=\"Figura 4 - Perfil do Algar da Cancela II (topografia cedida por Bruno Pais).\" data-e-action-hash=\"#elementor-action%3Aaction%3Dlightbox%26settings%3DeyJpZCI6MjE5NjMsInVybCI6Imh0dHBzOlwvXC9nZW0ucHRcL3dwLWNvbnRlbnRcL3VwbG9hZHNcLzIwMjVcLzEwXC9GaWd1cmFfNF9Ub3BvZ3JhZmlhXy1QZXJmaWwtQnJ1bm8tUGFpcy5qcGcifQ%3D%3D\"><br \/>\n\t\t\t\t\t\t\t<img loading=\"lazy\" width=\"800\" height=\"640\" src=\"https:\/\/gem.pt\/wp-content\/uploads\/2025\/10\/Figura_4_Topografia_-Perfil-Bruno-Pais.jpg\" alt=\"\" decoding=\"async\" srcset=\"https:\/\/gem.pt\/wp-content\/uploads\/2025\/10\/Figura_4_Topografia_-Perfil-Bruno-Pais.jpg 800w, https:\/\/gem.pt\/wp-content\/uploads\/2025\/10\/Figura_4_Topografia_-Perfil-Bruno-Pais-15x12.jpg 15w\" sizes=\"(max-width: 800px) 100vw, 800px\" \/>\t\t\t\t\t\t\t\t<\/a><figcaption>Figura 4 - Perfil do Algar da Cancela II (topografia cedida por Bruno Pais).<\/figcaption><\/figure>\n<p>Descri\u00e7\u00e3o<\/p>\n<p>A partir da entrada, vertical e arredondada, que a SE abre numa cornija (Ferreira, 1962), desce-se uma s\u00e9rie de ressaltos que conduzem a um sal\u00e3o com fundo de blocos e teto\/paredes marcados profundamente por dissolu\u00e7\u00e3o espongiforme, com alguma concre\u00e7\u00e3o associada. O conjunto de po\u00e7os e ressaltos tem cerca de 20m de desn\u00edvel. No extremo Sul da sala h\u00e1 um pequeno po\u00e7o colmatado por pedras, correspondendo ao ponto mais profundo da cavidade. A gruta continua para Norte, subindo-se um manto estalagm\u00edtico numa zona bastante concrecionada; prossegue-se por uma passagem baixa e relativamente discreta, sendo o tro\u00e7o seguinte mais estreito e lamacento. Passam-se v\u00e1rias pequenas salas com marmitas de teto reveladoras de antiga circula\u00e7\u00e3o sob press\u00e3o, vendo-se tamb\u00e9m prateleiras suspensas de calcite formadas quando as condutas ter\u00e3o estado assoreadas.<\/p>\n<figure>\n\t\t\t\t\t\t\t\t\t\t\t<a href=\"https:\/\/gem.pt\/wp-content\/uploads\/2025\/10\/Figura_5_Boca_-da-gruta.jpg\" data-elementor-open-lightbox=\"yes\" data-elementor-lightbox-title=\"Figura 5 - Boca da gruta (Foto: Afonso Rodrigues - GEM). De notar o aspeto arredondado da sec\u00e7\u00e3o da entrada.\" data-e-action-hash=\"#elementor-action%3Aaction%3Dlightbox%26settings%3DeyJpZCI6MjE5NjQsInVybCI6Imh0dHBzOlwvXC9nZW0ucHRcL3dwLWNvbnRlbnRcL3VwbG9hZHNcLzIwMjVcLzEwXC9GaWd1cmFfNV9Cb2NhXy1kYS1ncnV0YS5qcGcifQ%3D%3D\"><br \/>\n\t\t\t\t\t\t\t<img loading=\"lazy\" width=\"1000\" height=\"750\" src=\"https:\/\/gem.pt\/wp-content\/uploads\/2025\/10\/Figura_5_Boca_-da-gruta.jpg\" alt=\"\" decoding=\"async\" srcset=\"https:\/\/gem.pt\/wp-content\/uploads\/2025\/10\/Figura_5_Boca_-da-gruta.jpg 1000w, https:\/\/gem.pt\/wp-content\/uploads\/2025\/10\/Figura_5_Boca_-da-gruta-16x12.jpg 16w\" sizes=\"(max-width: 1000px) 100vw, 1000px\" \/>\t\t\t\t\t\t\t\t<\/a><figcaption>Figura 5 - Boca da gruta (Foto: Afonso Rodrigues - GEM). De notar o aspeto arredondado da sec\u00e7\u00e3o da entrada.<\/figcaption><\/figure>\n<p>Existe uma galeria que se ramifica novamente para Sul, terminando muit\u00edssimo perto do extremo de outro pequeno meandro, e p\u00f5e-se a hip\u00f3tese de ter existido comunica\u00e7\u00e3o passada. Veem-se vagas de eros\u00e3o de dimens\u00e3o decim\u00e9trica em v\u00e1rias das passagens. Eventualmente atinge-se um ressalto quase vertical para uma sala de maior dimens\u00e3o, onde se veem canais de teto bem proeminentes.<\/p>\n<figure>\n\t\t\t\t\t\t\t\t\t\t\t<a href=\"https:\/\/gem.pt\/wp-content\/uploads\/2025\/10\/Figura_6_teto.jpg\" data-elementor-open-lightbox=\"yes\" data-elementor-lightbox-title=\"Figura 6 - Aspeto do teto da galeria (Foto: Afonso Rodrigues - GEM). Note-se o aspeto corro\u00eddo.\" data-e-action-hash=\"#elementor-action%3Aaction%3Dlightbox%26settings%3DeyJpZCI6MjE5NjUsInVybCI6Imh0dHBzOlwvXC9nZW0ucHRcL3dwLWNvbnRlbnRcL3VwbG9hZHNcLzIwMjVcLzEwXC9GaWd1cmFfNl90ZXRvLmpwZyJ9\"><br \/>\n\t\t\t\t\t\t\t<img loading=\"lazy\" width=\"1000\" height=\"750\" src=\"https:\/\/gem.pt\/wp-content\/uploads\/2025\/10\/Figura_6_teto.jpg\" alt=\"\" decoding=\"async\" srcset=\"https:\/\/gem.pt\/wp-content\/uploads\/2025\/10\/Figura_6_teto.jpg 1000w, https:\/\/gem.pt\/wp-content\/uploads\/2025\/10\/Figura_6_teto-16x12.jpg 16w\" sizes=\"(max-width: 1000px) 100vw, 1000px\" \/>\t\t\t\t\t\t\t\t<\/a><figcaption>Figura 6 - Aspeto do teto da galeria (Foto: Afonso Rodrigues - GEM). Note-se o aspeto corro\u00eddo.<\/figcaption><\/figure>\n<figure>\n\t\t\t\t\t\t\t\t\t\t\t<a href=\"https:\/\/gem.pt\/wp-content\/uploads\/2025\/10\/Figura_7_descontinuidade.jpg\" data-elementor-open-lightbox=\"yes\" data-elementor-lightbox-title=\"Figura 7 - Descontinuidade vertical que controla a zona terminal da gruta (Foto: Afonso Rodrigues - GEM).\" data-e-action-hash=\"#elementor-action%3Aaction%3Dlightbox%26settings%3DeyJpZCI6MjE5NjYsInVybCI6Imh0dHBzOlwvXC9nZW0ucHRcL3dwLWNvbnRlbnRcL3VwbG9hZHNcLzIwMjVcLzEwXC9GaWd1cmFfN19kZXNjb250aW51aWRhZGUuanBnIn0%3D\"><br \/>\n\t\t\t\t\t\t\t<img loading=\"lazy\" width=\"750\" height=\"1000\" src=\"https:\/\/gem.pt\/wp-content\/uploads\/2025\/10\/Figura_7_descontinuidade.jpg\" alt=\"\" decoding=\"async\" srcset=\"https:\/\/gem.pt\/wp-content\/uploads\/2025\/10\/Figura_7_descontinuidade.jpg 750w, https:\/\/gem.pt\/wp-content\/uploads\/2025\/10\/Figura_7_descontinuidade-9x12.jpg 9w\" sizes=\"(max-width: 750px) 100vw, 750px\" \/>\t\t\t\t\t\t\t\t<\/a><figcaption>Figura 7 - Descontinuidade vertical que controla a zona terminal da gruta (Foto: Afonso Rodrigues - GEM).<\/figcaption><\/figure>\n<p>Nesta zona a cavidade muda de configura\u00e7\u00e3o, dando os tubos de press\u00e3o lugar a duas\/tr\u00eas grandes descontinuidades verticais alargadas cobertas de coraloides, tendo este tramo final aspeto de g\u00e9nese vadosa. O teto das passagens estar\u00e1 muito perto da superf\u00edcie, e existe uma raiz impressionante a atravessar a diaclase (ou falha) principal; al\u00e9m disso, sente-se uma pequena corrente de ar no fundo, possivelmente de uma segunda entrada inacess\u00edvel.<\/p>\n<p>Espeleometria<\/p>\n<p>Uma nova topografia da gruta foi realizada tendo-se obtido os seguintes dados de espeleometria:<\/p>\n<ul>\n<li> desenvolvimento total: 152m;<\/li>\n<li> proje\u00e7\u00e3o horizontal: 133m;<\/li>\n<li> desn\u00edvel: -25m. <\/li>\n<\/ul>\n<p>Os dados espeleom\u00e9tricos s\u00e3o compat\u00edveis com a topografia cedida por Bruno Pais.<\/p>\n<figure>\n\t\t\t\t\t\t\t\t\t\t\t<a href=\"https:\/\/drive.google.com\/file\/d\/1WnAuC458BcrWRZCqCSLgA0RInUnxY-MY\/view\" target=\"_blank\"><br \/>\n\t\t\t\t\t\t\t<img loading=\"lazy\" width=\"700\" height=\"990\" src=\"https:\/\/gem.pt\/wp-content\/uploads\/2025\/10\/Algar_da_Cancela_II_PLANTA.jpg\" alt=\"\" decoding=\"async\" srcset=\"https:\/\/gem.pt\/wp-content\/uploads\/2025\/10\/Algar_da_Cancela_II_PLANTA.jpg 700w, https:\/\/gem.pt\/wp-content\/uploads\/2025\/10\/Algar_da_Cancela_II_PLANTA-8x12.jpg 8w\" sizes=\"(max-width: 700px) 100vw, 700px\" \/>\t\t\t\t\t\t\t\t<\/a><figcaption>Figura 8 - Planta do Algar da Cancela II (clique para descarregar em formato png).<\/figcaption><\/figure>\n<figure>\n\t\t\t\t\t\t\t\t\t\t\t<a href=\"https:\/\/drive.google.com\/file\/d\/1O9xw2GfFfxv_N0CNFvxM_FZlmquZtDZ6\/view\" target=\"_blank\"><br \/>\n\t\t\t\t\t\t\t<img loading=\"lazy\" width=\"990\" height=\"700\" src=\"https:\/\/gem.pt\/wp-content\/uploads\/2025\/10\/Algar_da_Cancela_II_ALCADO.jpg\" alt=\"\" decoding=\"async\" srcset=\"https:\/\/gem.pt\/wp-content\/uploads\/2025\/10\/Algar_da_Cancela_II_ALCADO.jpg 990w, https:\/\/gem.pt\/wp-content\/uploads\/2025\/10\/Algar_da_Cancela_II_ALCADO-18x12.jpg 18w\" sizes=\"(max-width: 990px) 100vw, 990px\" \/>\t\t\t\t\t\t\t\t<\/a><figcaption>Figura 9 - Perfil do Algar da Cancela II (clique para descarregar em formato png).<\/figcaption><\/figure>\n<p>Equipagem da cavidade<\/p>\n<p>A ficha de equipagem da cavidade encontra-se no perfil (ver figura 9).<\/p>\n<p>Enquadramento Geol\u00f3gico<\/p>\n<p>De acordo com a folha 27-C da Carta Geol\u00f3gica de Portugal\u00a0 \u00e0 escala 1:50000 (Manupella et al), a gruta desenvolve-se na forma\u00e7\u00e3o de Camadas de Caba\u00e7os e Montejunto, datada do andar Oxfordiano m\u00e9dio a Superior (da \u00c9poca Jur\u00e1ssico Superior). As camadas apresentam-se localmente bastante dobradas, embora de forma irregular, denunciando uma zona de maior deforma\u00e7\u00e3o, o que n\u00e3o ser\u00e1 estranho a proximidade ao cavalgamento do Arrife, situado a cerca de 650m a Sul da gruta (ver Figura 10). A \u00e1rea apresenta tamb\u00e9m v\u00e1rias falhas subparalelas ao Arrife (NNW-SSE a NW-SE) embora algumas virem depois para Norte ou para Oeste.<\/p>\n<p>A t\u00edtulo de curiosidade refira-se que o cavalgamento do Arrife, embora provoque uma vertente de comando consider\u00e1vel, com cerca de 300m, n\u00e3o apresenta a mesma verticalidade que outras fal\u00e9sias do Arrife, merc\u00ea de parte da vertente ser constitu\u00edda por terrenos terr\u00edgenos do Jur\u00e1ssico Superior, que n\u00e3o conseguem manter vertentes subverticais.<\/p>\n<figure>\n\t\t\t\t\t\t\t\t\t\t\t<a href=\"https:\/\/gem.pt\/wp-content\/uploads\/2025\/10\/Figura_10_Geologia.jpg\" data-elementor-open-lightbox=\"yes\" data-elementor-lightbox-title=\"Figura 10 - Implanta\u00e7\u00e3o da planta do Algar da Cancela II em extrato da folha 27-C da Carta Geol\u00f3gica de Portugal \u00e0 escala 1\/50000.\" data-e-action-hash=\"#elementor-action%3Aaction%3Dlightbox%26settings%3DeyJpZCI6MjE5NjcsInVybCI6Imh0dHBzOlwvXC9nZW0ucHRcL3dwLWNvbnRlbnRcL3VwbG9hZHNcLzIwMjVcLzEwXC9GaWd1cmFfMTBfR2VvbG9naWEuanBnIn0%3D\"><br \/>\n\t\t\t\t\t\t\t<img loading=\"lazy\" width=\"850\" height=\"1300\" src=\"https:\/\/gem.pt\/wp-content\/uploads\/2025\/10\/Figura_10_Geologia.jpg\" alt=\"\" decoding=\"async\" srcset=\"https:\/\/gem.pt\/wp-content\/uploads\/2025\/10\/Figura_10_Geologia.jpg 850w, https:\/\/gem.pt\/wp-content\/uploads\/2025\/10\/Figura_10_Geologia-8x12.jpg 8w\" sizes=\"(max-width: 850px) 100vw, 850px\" \/>\t\t\t\t\t\t\t\t<\/a><figcaption>Figura 10 - Implanta\u00e7\u00e3o da planta do Algar da Cancela II em extrato da folha 27-C da Carta Geol\u00f3gica de Portugal \u00e0 escala 1\/50000.<\/figcaption><\/figure>\n<figure>\n\t\t\t\t\t\t\t\t\t\t\t<a href=\"https:\/\/gem.pt\/wp-content\/uploads\/2025\/10\/Figura_11_Geologia.jpg\" data-elementor-open-lightbox=\"yes\" data-elementor-lightbox-title=\"Figura 11 - Implanta\u00e7\u00e3o da planta do Algar da Cancela II em extrato da folha 27-C da Carta Geol\u00f3gica de Portugal, a escala maior.\" data-e-action-hash=\"#elementor-action%3Aaction%3Dlightbox%26settings%3DeyJpZCI6MjE5NjgsInVybCI6Imh0dHBzOlwvXC9nZW0ucHRcL3dwLWNvbnRlbnRcL3VwbG9hZHNcLzIwMjVcLzEwXC9GaWd1cmFfMTFfR2VvbG9naWEuanBnIn0%3D\"><br \/>\n\t\t\t\t\t\t\t<img loading=\"lazy\" width=\"850\" height=\"1300\" src=\"https:\/\/gem.pt\/wp-content\/uploads\/2025\/10\/Figura_11_Geologia.jpg\" alt=\"\" decoding=\"async\" srcset=\"https:\/\/gem.pt\/wp-content\/uploads\/2025\/10\/Figura_11_Geologia.jpg 850w, https:\/\/gem.pt\/wp-content\/uploads\/2025\/10\/Figura_11_Geologia-8x12.jpg 8w\" sizes=\"(max-width: 850px) 100vw, 850px\" \/>\t\t\t\t\t\t\t\t<\/a><figcaption>Figura 11 - Implanta\u00e7\u00e3o da planta do Algar da Cancela II em extrato da folha 27-C da Carta Geol\u00f3gica de Portugal, a escala maior.<\/figcaption><\/figure>\n<p>Controlo Estrutural<\/p>\n<p>A gruta apresenta um controlo estrutural sobretudo pela atitude das camadas, com exce\u00e7\u00e3o da zona terminal. As camadas t\u00eam atitude aproximada N40E\/30E, seguindo a galeria ora a dire\u00e7\u00e3o ora a inclina\u00e7\u00e3o em tro\u00e7os aproximadamente perpendiculares. A principal dire\u00e7\u00e3o de desenvolvimento da galeria \u00e9 pr\u00f3xima da dire\u00e7\u00e3o das camadas. O tro\u00e7o terminal da galeria, por\u00e9m, \u00e9 controlado por descontinuidade de atitude aproximada N70W\/Subvertical, que por coincidir com falha cartografada (ver figura 11) consideramos uma falha.<\/p>\n<p>G\u00e9nese e Evolu\u00e7\u00e3o<\/p>\n<p>A gruta formou-se na zona fre\u00e1tica de acordo com a defini\u00e7\u00e3o de B\u00f6gli. (1980), como o comprovam a sec\u00e7\u00e3o arredondada das galerias, vagas de eros\u00e3o, c\u00fapulas e canais de teto. As vagas de eros\u00e3o t\u00eam um comprimento aproximado geralmente entre 0,4 e 1.0m, com o comprimento mais comum a situar-se entre 0,6 e 0,7m. A maioria das vagas s\u00e3o sim\u00e9tricas, por\u00e9m algumas apontam para a boca da gruta, indicando um antigo sentido de circula\u00e7\u00e3o de \u00e1gua NE-SW.<\/p>\n<p>A gruta posteriormente assoreou, da\u00ed resultando os abundantes dep\u00f3sitos de argila que preenchem a maior parte do espa\u00e7o da galeria. Depois, por uma descida relativa do n\u00edvel de base, a cavidade passou da zona fre\u00e1tica para a zona vadosa inativa.<\/p>\n<p>O Algar da Cancela II marca um antigo n\u00edvel de circula\u00e7\u00e3o de \u00e1gua que atualmente se encontra \u00e0 cota aproximada de 280-285m. A entrada da gruta poder\u00e1 ser uma antiga nascente, como sugerido pelo seu aspeto fre\u00e1tico, proximidade ao cavalgamento do Arrife e contacto do MCE com terrenos n\u00e3o c\u00e1rsicos. Recordamos a nascente de Alcobertas, situada a pouco mais de 3 Km a SW do Algar da Cancela II, que \u00e9 uma nascente permanente atual, situada em contexto geol\u00f3gico similar (formada em terrenos do Jur\u00e1ssico Superior e junto ao contacto do MCE com terrenos n\u00e3o c\u00e1rsicos).<\/p>\n<p>Conclus\u00f5es<\/p>\n<p>O Algar da Cancela II \u00e9 uma gruta de origem fre\u00e1tica, que marca um antigo n\u00edvel de circula\u00e7\u00e3o, atualmente \u00e0 cota aproximada de 280-285m, e que se desenvolveu em Calc\u00e1rios do Jur\u00e1ssico Superior. A cavidade tem um desenvolvimento total de 152m, 133m de proje\u00e7\u00e3o horizontal e -25m de desn\u00edvel. A gruta \u00e9 controlada sobretudo pela dire\u00e7\u00e3o das camadas e, na sua zona terminal, por uma falha. A boca da gruta poder\u00e1 ter sido uma antiga nascente.<\/p>\n<p>Equipa de Trabalho de Campo<\/p>\n<p>A equipa de trabalho de campo foi constitu\u00edda, por ordem alfab\u00e9tica, por Afonso Rodrigues (AESDA\/GEM\/CEAE), Catarina Teixeira (GEM), Filipe Alves (GEM), Filipe Castro (GEM), Paulo Lopes (GEM) e Pedro Cardoso (GEM\/NECA).<\/p>\n<p>Refer\u00eancias\u00a0 bibliogr\u00e1ficas<\/p>\n<ul style=\"margin-right: 0px; margin-bottom: 0px; padding-right: 0.3em; padding-left: 2em; clear: both;\">\n<li>B\u00f6gli, A. (1980), Karst Hydrology and Physical Speleology, Springer-Verlag, Berlin Heildelberg New York.<\/li>\n<li>Crispim, J.A (1995). Din\u00e2mica C\u00e1rsica e Implica\u00e7\u00f5es Ambientais nas Depress\u00f5es de Alvados e Minde. Tese de Do utoramento em Geologia, especialidade de Geologia do Ambiente. Departamento de Geologia. Faculdade de Ci\u00eancias, Universidade de Lisboa.<\/li>\n<li>Ferreira, Jaime Martins, (1962), Nota sobre o Algar da Cancela II, Separata do Boletim da Sociedade Portuguesa de Espeleologia, Vol. II, n\u00ba1.<\/li>\n<li>Manupella, G., Barbosa, B, C.A., Azer\u00eado, Carvalho J,; Crispim, J., Machado S.; Sampaio J.; (2006). Carta Geol\u00f3gica de Portugal \u2013Torres Novas, Folha 27-C, \u00e1 escala 1:50000, e Nota Explicativa, Instituto Nacional de Engenharia, Tecnologia e Inova\u00e7\u00e3o, Lisboa.<\/li>\n<\/ul>\n","protected":false},"excerpt":{"rendered":"<p>Algar da Cancela II 05 de Outubro de 2025 Rodrigues, Afonso 1\u00a0&#8211; Introdu\u00e7\u00e3o e Localiza\u00e7\u00e3o, Resenha Hist\u00f3rica, Descri\u00e7\u00e3o e Topografia Rodrigues, Paulo\u00a01,2,3 &#8211; Enquadramento Geol\u00f3gico, Controlo Estrutural e G\u00e9nese e Evolu\u00e7\u00e3o\u00a0 Grupo de Espeleologia e Montanhismo, Rua General Pereira de E\u00e7a, n\u00ba30, 2380-075 Alcanena N\u00facleo dos Amigos das Lapas Grutas e Algares\u00a0 Comiss\u00e3o Cient\u00edfica da [&hellip;]<\/p>\n","protected":false},"author":20,"featured_media":0,"parent":1574,"menu_order":0,"comment_status":"closed","ping_status":"closed","template":"","meta":{"footnotes":""},"class_list":["post-21954","page","type-page","status-publish","hentry"],"_links":{"self":[{"href":"https:\/\/gem.pt\/1\/wp-json\/wp\/v2\/pages\/21954","targetHints":{"allow":["GET"]}}],"collection":[{"href":"https:\/\/gem.pt\/1\/wp-json\/wp\/v2\/pages"}],"about":[{"href":"https:\/\/gem.pt\/1\/wp-json\/wp\/v2\/types\/page"}],"author":[{"embeddable":true,"href":"https:\/\/gem.pt\/1\/wp-json\/wp\/v2\/users\/20"}],"replies":[{"embeddable":true,"href":"https:\/\/gem.pt\/1\/wp-json\/wp\/v2\/comments?post=21954"}],"version-history":[{"count":0,"href":"https:\/\/gem.pt\/1\/wp-json\/wp\/v2\/pages\/21954\/revisions"}],"up":[{"embeddable":true,"href":"https:\/\/gem.pt\/1\/wp-json\/wp\/v2\/pages\/1574"}],"wp:attachment":[{"href":"https:\/\/gem.pt\/1\/wp-json\/wp\/v2\/media?parent=21954"}],"curies":[{"name":"wp","href":"https:\/\/api.w.org\/{rel}","templated":true}]}}