{"id":3,"date":"2019-12-22T11:38:36","date_gmt":"2019-12-22T11:38:36","guid":{"rendered":"https:\/\/gem.pt\/?page_id=3"},"modified":"2023-01-03T22:29:50","modified_gmt":"2023-01-03T22:29:50","slug":"politica-de-privacidade","status":"publish","type":"page","link":"https:\/\/gem.pt\/1\/quemsomos\/politica-de-privacidade\/","title":{"rendered":"Pol\u00edtica de Privacidade"},"content":{"rendered":"<\/p>\n<h6>Termos de Utiliza\u00e7\u00e3o e Pol\u00edtica de Privacidade<\/h6>\n<hr>\n<p style=\"text-align: right;\">Atualizado a 25&nbsp;de Maio de 2018<\/p>\n<p>&nbsp;<br \/>\nTodo o conteudo deste site est\u00e1 protegido por lei e n\u00e3o pode ser reproduzido, distribu\u00eddo ou transmitido sem o consentimento escrito da Dire\u00e7\u00e3o do GEM. Qualquer viola\u00e7\u00e3o deste principio configura crime e \u00e9 punido pela lei dos direitos de autor em vigor em Portugal e no estrangeiro.<br \/>\n&nbsp;<br \/>\nTodas as fotografias apresentadas neste site e na Galeria de Fotos do GEM s\u00e3o propriedade do GEM e&nbsp;dos seus autores quando identificados, e n\u00e3o podem ser utilizados sem a autoriza\u00e7\u00e3o escrita da Dire\u00e7\u00e3o do&nbsp;GEM.<br \/>\n&nbsp;<br \/>\n&nbsp;<br \/>\nPOL\u00cdTICA DE PRIVACIDADE<br \/>\n&nbsp;<br \/>\nO uso do site www.gem.pt pressup\u00f5e a aceita\u00e7\u00e3o deste acordo de privacidade. A Dire\u00e7\u00e3o do GEM&nbsp;reserva o direito de alterar este acordo sem aviso pr\u00e9vio, pelo que recomenda-se&nbsp;a consulta regular da nossa pol\u00edtica de privacidade.<br \/>\n&nbsp;<br \/>\n<strong style=\"caret-color: #e78b00; color: #e78b00; font-size: 18px; text-align: left;\">Recolha de Informa\u00e7\u00e3o dos Utilizadores<\/strong><br \/>\nO GEM recolhe informa\u00e7\u00e3o dos utilizadores do site gem.pt apenas quando inserem os seus dados&nbsp;num dos formul\u00e1rios de subscri\u00e7\u00e3o de informa\u00e7\u00e3o e de pr\u00e9-inscri\u00e7\u00e3o para s\u00f3cio GEM,&nbsp;ou ainda no pedido de ajuda dispon\u00edvel no site gem.pt.<strong style=\"caret-color: #e78b00; color: #e78b00; font-size: 18px; text-align: left;\"><br \/><\/strong><br \/>\n&nbsp;<br \/>\n<strong style=\"caret-color: #e78b00; color: #e78b00; font-size: 18px; text-align: left;\">Informa\u00e7\u00e3o Recolhida<\/strong><br \/>\nO GEM recolhe a informa\u00e7\u00e3o pessoal que for fornecida pelos utilizadores no preenchimento dos formul\u00e1rios acima indicados. A informa\u00e7\u00e3o pessoal pode incluir o nome, o e-mail, telefone de contacto e\/ou outros, e&nbsp;ser\u00e1 sempre disponibilizada voluntariamente pelos utilizadores quando estes preenchem os formul\u00e1rios disponibilizados no site do GEM&nbsp;(subscri\u00e7\u00e3o das nossas divulga\u00e7\u00f5es&nbsp;ou outras inscri\u00e7\u00f5es).<strong style=\"caret-color: #e78b00; color: #e78b00; font-size: 18px; text-align: left;\"><br \/><\/strong><br \/>\n&nbsp;<br \/>\n<strong style=\"caret-color: #e78b00; color: #e78b00; font-size: 18px; text-align: left;\">Como \u00e9&nbsp;Recolhida a Informa\u00e7\u00e3o<\/strong><br \/>\nA informa\u00e7\u00e3o pessoal recolhida pelo&nbsp;GEM \u00e9 realizada atrav\u00e9s de Formul\u00e1rios Google&nbsp;disponibilizados online&nbsp;pela Google.&nbsp;O GEM n\u00e3o utiliza&nbsp;cookies&nbsp;nem identifica os utilizadores que visitam o site gem.pt, mas no site&nbsp;s\u00e3o usados servi\u00e7os de organiza\u00e7\u00f5es externas como por exemplo a informa\u00e7\u00e3o do tempo, a indica\u00e7\u00e3o&nbsp;das pr\u00f3ximas atividades, os formul\u00e1rios Google&nbsp;ou outros servi\u00e7os embebidos nas p\u00e1ginas do GEM que poder\u00e3o utilizar cookies com o objetivo de melhorar o desempenho e a experi\u00eancia de navega\u00e7\u00e3o dos utilizadores, os quais podem recusar ou apagar esses cookies atrav\u00e9s das defini\u00e7\u00f5es do browser. &nbsp;No entanto, ao desativar os cookies o utilizador poder\u00e1 afetar ou mesmo inutilizar esses servi\u00e7os, e poder\u00e1 limitar a sua experi\u00eancia de navega\u00e7\u00e3o no site gem.pt.<strong style=\"caret-color: #e78b00; color: #e78b00; font-size: 18px; text-align: left;\"><br \/><\/strong><br \/>\n&nbsp;<br \/>\n<strong style=\"caret-color: #e78b00; color: #e78b00; font-size: 18px; text-align: left;\">Como \u00e9&nbsp;Tratada a&nbsp;Informa\u00e7\u00e3o Recolhida<\/strong><br \/>\nTodas as informa\u00e7\u00f5es pessoais recolhidas pelo&nbsp;GEM&nbsp;ser\u00e3o tratadas de forma licita e leal,&nbsp;de acordo com a legisla\u00e7\u00e3o nacional, e geridas com garantia de confidencialidade,&nbsp;sendo unicamente utilizadas com a finalidade de gest\u00e3o administrativa do GEM. A informa\u00e7\u00e3o recolhida \u00e9&nbsp;apenas a extritamente&nbsp;necess\u00e1ria e&nbsp;pertinente \u00e0 finalidade que se destina. O GEM trata as informa\u00e7\u00f5es pessoais em&nbsp;sistemas de seguran\u00e7a que impedem a consulta, modifica\u00e7\u00e3o, destrui\u00e7\u00e3o ou adi\u00e7\u00e3o dos dados por pessoas n\u00e3o autorizadas, e&nbsp;que permitem detetar desvios de informa\u00e7\u00e3o intencionais ou n\u00e3o. O GEM compromete-se a respeitar o sigilo profissional em rela\u00e7\u00e3o aos dados tratados.<strong style=\"caret-color: #e78b00; color: #e78b00; font-size: 18px; text-align: left;\"><br \/><\/strong><br \/>\n&nbsp;<br \/>\n<strong style=\"caret-color: #e78b00; color: #e78b00; font-size: 18px; text-align: left;\">Cookies<\/strong><br \/>\nOs cookies s\u00e3o pequenos ficheiros que os sites indicam ao browser para&nbsp;guardar no computador do utilizador quando este os visita pela primeira vez. Os cookies permitem saber com que frequ\u00eancia \u00e9 que o utilizador visita as p\u00e1ginas, ajudando a conhecer o tipo de informa\u00e7\u00e3o que interessa a esse utilizador. Os cookies permitem guardar prefer\u00eancias e nomes de utilizador, registar produtos e servi\u00e7os, assim como personalizar p\u00e1ginas. Se o utilizador nunca se registou, o servidor ficar\u00e1 apenas a saber que algu\u00e9m com o cookie de um determinado utilizador regressou ao site, n\u00e3o ficando a saber qualquer outra informa\u00e7\u00e3o. Para aprofundar os conhecimentos sobre cookies consulte este t\u00f3pico na <u><a style=\"color: inherit;\" href=\"https:\/\/pt.wikipedia.org\/wiki\/Cookie_(inform%C3%A1tica)\" target=\"_blank\" rel=\"noopener\" data-attached-link=\"{&quot;type&quot;:&quot;Web&quot;,&quot;url&quot;:&quot;https:\/\/pt.wikipedia.org\/wiki\/Cookie_(inform\u00e1tica)&quot;,&quot;title&quot;:&quot;https:\/\/pt.wikipedia.org\/wiki\/Cookie_(inform\u00e1tica)&quot;,&quot;target&quot;:&quot;_blank&quot;}\" data-cke-saved-href=\"https:\/\/pt.wikipedia.org\/wiki\/Cookie_(inform\u00e1tica)\">Wikipedia<\/a><\/u>.<strong style=\"caret-color: #e78b00; color: #e78b00; font-size: 18px; text-align: left;\"><br \/><\/strong><br \/>\n&nbsp;<br \/>\n<strong style=\"caret-color: #e78b00; color: #e78b00; font-size: 18px; text-align: left;\">Cookies de Terceiros<\/strong><br \/>\nOs cookies da responsabilidade de outras organiza\u00e7\u00f5es que n\u00e3o o GEM podem ter origem, por exemplo, em sites como YouTube, Flickr, Facebook, Google Plus ou outros servi\u00e7os para os quais o GEM implementou plugins. Uma vez que a pol\u00edtica de cookies destes sites vai-se alterando ao longo do tempo, \u00e9 aconselh\u00e1vel que o utilizador consulte as pol\u00edticas de privacidade dos respetivos sites.<strong style=\"caret-color: #e78b00; color: #e78b00; font-size: 18px; text-align: left;\"><br \/><\/strong><br \/>\n&nbsp;<br \/>\n<strong style=\"caret-color: #e78b00; color: #e78b00; font-size: 18px; text-align: left;\">Limite de Utiliza\u00e7\u00e3o da Informa\u00e7\u00e3o Recolhida<\/strong><br \/>\nTodas as informa\u00e7\u00f5es pessoais recolhidas sobre o utilizador ser\u00e3o usadas apenas para o fim a que se destina.&nbsp;Os dados recolhidos servir\u00e3o para&nbsp;gest\u00e3o das permiss\u00f5es para efeitos de envio de comunica\u00e7\u00f5es de divulga\u00e7\u00e3o via e-mail,&nbsp;gest\u00e3o de registos de s\u00f3cios GEM,&nbsp;ou gest\u00e3o inscri\u00e7\u00f5es em atividades do GEM.&nbsp;O endere\u00e7o de e-mail que os utilizadores disponibilizam pode ser usado para o envio de informa\u00e7\u00e3o de divulga\u00e7\u00e3o geral ou particular ao utilizador, como meio de comunica\u00e7\u00e3o entre&nbsp;a Dire\u00e7\u00e3o do GEM e o utilizador,&nbsp;ou para comunica\u00e7\u00e3o de um dos respons\u00e1veis das atividades do GEM diretamente&nbsp;com o utilizador.<strong style=\"caret-color: #e78b00; color: #e78b00; font-size: 18px; text-align: left;\"><br \/><\/strong><br \/>\nO GEM reserva o direito de conservar as informa\u00e7\u00f5es&nbsp;pessoais por um per\u00edodo de 3 meses ap\u00f3s cessa\u00e7\u00e3o da rela\u00e7\u00e3o, seja s\u00f3cio ou n\u00e3o s\u00f3cio.<br \/>\n&nbsp;<br \/>\n<strong style=\"caret-color: #e78b00; color: #e78b00; font-size: 18px; text-align: left;\">Links para Sites de Terceiros<\/strong><br \/>\nO site gem.pt possui liga\u00e7\u00f5es para outros sites de organiza\u00e7\u00f5es externas por pensarmos que&nbsp;poder\u00e3o conter informa\u00e7\u00f5es ou ferramentas \u00fateis para os nossos utilizadores. A nossa pol\u00edtica de privacidade n\u00e3o \u00e9 aplicada a esses sites de terceiros, pelo que, caso o utilizador visite algum desses&nbsp;sites a partir do gem.pt dever\u00e1 ler a politica de privacidade do mesmo. O GEM n\u00e3o se responsabiliza&nbsp;pela pol\u00edtica de privacidade ou conte\u00fado existente&nbsp;nesses sites de terceiros.<strong style=\"caret-color: #e78b00; color: #e78b00; font-size: 18px; text-align: left;\"><br \/><\/strong><br \/>\n&nbsp;<br \/>\n<strong style=\"caret-color: #e78b00; color: #e78b00; font-size: 18px; text-align: left;\">Subscri\u00e7\u00f5es&nbsp;Online e Partilha de Informa\u00e7\u00e3o<\/strong><br \/>\nO GEM permite a subscri\u00e7\u00e3o online da divulga\u00e7\u00e3o das atividades e consultas para inscri\u00e7\u00f5es que s\u00e3o enviadas via e-mail para os seus s\u00f3cios e subscritores destas divulga\u00e7\u00f5es. Caso o utilizador n\u00e3o queira mais receber estas divulga\u00e7\u00f5es, bastar\u00e1 seguir as instru\u00e7\u00f5es para \u201cdeixar de subscrever\u201d que dever\u00e1 encontrar&nbsp;corpo de cada e-mail.<strong style=\"caret-color: #e78b00; color: #e78b00; font-size: 18px; text-align: left;\"><br \/><\/strong><br \/>\nA nossa pol\u00edtica de envio de e-mails n\u00e3o nos permite partilhar, vender, trocar ou autorizar que&nbsp;outras entidades possam usar qualquer informa\u00e7\u00e3o pessoal dos nossos utilizadores\/s\u00f3cios\/subcritores desta divulga\u00e7\u00e3o para fins comerciais, \u00e0 exce\u00e7\u00e3o das entidades cuja parceria se insere no \u00e2mbito de uma atividade para a qual o utilizador se tenha inscrito.<br \/>\n&nbsp;<br \/>\n<strong style=\"caret-color: #e78b00; color: #e78b00; font-size: 20px;\">O GEM partilha apenas os dados pessoais dos participantes de atividades que sejam realizadas em&nbsp;parceria com entidades externas, como por exemplo a WIND.<\/strong><br \/>\n<strong style=\"caret-color: #e78b00; color: #e78b00; font-size: 20px;\">&nbsp;<\/strong><br \/>\nAo inscrever-se numa das atividades realizadas em parceria com terceiros,&nbsp;estar\u00e1 a dar a sua permiss\u00e3o para que partilhemos essa informa\u00e7\u00e3o apenas com esses&nbsp;nossos parceiros.<strong style=\"caret-color: #e78b00; color: #e78b00; font-size: 20px;\"><br \/><\/strong><br \/>\n&nbsp;<br \/>\n<strong style=\"caret-color: #e78b00; color: #e78b00; font-size: 18px; text-align: left;\">Direitos dos Utilizadores<\/strong><br \/>\nEnquanto titulares dos dados pessoais, \u00e9 garantido a todos os&nbsp;utilizadores do site&nbsp;do GEM, a qualquer momento e sem encargos, o direito de acesso, rectifica\u00e7\u00e3o, atualiza\u00e7\u00e3o, limita\u00e7\u00e3o e apagamento de parte ou da totalidade&nbsp;dos seus dados pessoais (salvo quanto aos dados que s\u00e3o indispens\u00e1veis ao registo para participa\u00e7\u00e3o de atividades do GEM&nbsp;devidamente identificados no Formul\u00e1rio de Inscri\u00e7\u00e3o de S\u00f3cio&nbsp;como sendo de fornecimento obrigat\u00f3rio ou necess\u00e1rios ao cumprimento de obriga\u00e7\u00f5es legais a que o respons\u00e1vel pelo tratamento esteja sujeito),&nbsp;e \u00e0 retirada do consentimento&nbsp;sem que tal comprometa a licitude do tratamento efetuado ao abrigo desse consentimento, bem como o direito \u00e0 portabilidade dos dados.<strong style=\"caret-color: #e78b00; color: #e78b00; font-size: 18px; text-align: left;\"><br \/><\/strong><br \/>\n&nbsp;<br \/>\n<strong style=\"caret-color: #e78b00; color: #e78b00; font-size: 18px; text-align: left;\">Direito a Cancelar a Rece\u00e7\u00e3o de Divulga\u00e7\u00f5es&nbsp;do GEM<\/strong><br \/>\nOs subscritores das divulga\u00e7\u00f5es do GEM podem exercer o seu direito a cancelar a rece\u00e7\u00e3o dessas divulga\u00e7\u00f5es&nbsp;das seguintes formas:&nbsp;<strong style=\"caret-color: #e78b00; color: #e78b00; font-size: 18px; text-align: left;\"><br \/><\/strong><br \/>\n(a) Seguindo as instru\u00e7\u00f5es de cancelamento inclu\u00eddas nos e-mails de cada&nbsp;divulga\u00e7\u00e3o;<br \/>\n(b) Contactando o GEM atrav\u00e9s do e-mail <u><a style=\"color: inherit;\" href=\"mailto:geral@gem.pt\" data-attached-link=\"{&quot;type&quot;:&quot;Email&quot;,&quot;url&quot;:&quot;geral@gem.pt&quot;,&quot;title&quot;:&quot;geral@gem.pt&quot;}\">geral@gem.pt<\/a><\/u>.&nbsp;<br \/>\nImporta notar que, mesmo depois de canceladas&nbsp;as divulga\u00e7\u00f5es do GEM, poder\u00e1 continuar a receber informa\u00e7\u00e3o essencial \u00e0 rela\u00e7\u00e3o de s\u00f3cio ou participante do GEM, nomeadamente confirma\u00e7\u00f5es de inscri\u00e7\u00e3o em atividades do GEM ou notifica\u00e7\u00f5es respeitantes a atividades em que se tenha inscrito.<br \/>\n&nbsp;<br \/>\n<strong style=\"caret-color: #e78b00; color: #e78b00; font-size: 18px; text-align: left;\">Acesso e Retifica\u00e7\u00e3o<\/strong><br \/>\nQualquer utilizador tem o direito de pedir o acesso aos seus dados pessoais, bastando para isso que&nbsp;envie um pedido para o efeito atrav\u00e9s do e-mail <u><a style=\"color: inherit;\" href=\"mailto:geral@gem.pt\" data-attached-link=\"{&quot;type&quot;:&quot;Email&quot;,&quot;url&quot;:&quot;geral@gem.pt&quot;,&quot;title&quot;:&quot;geral@gem.pt&quot;}\">geral@gem.pt<\/a><\/u>.<strong style=\"caret-color: #e78b00; color: #e78b00; font-size: 18px; text-align: left;\"><br \/><\/strong><br \/>\nTamb\u00e9m tem o direito de pedir que o GEM&nbsp;corrija quaisquer inexatid\u00f5es nos seus dados pessoais. Para isso&nbsp;entre em contacto connosco atrav\u00e9s do e-mail&nbsp;<u><a style=\"color: inherit;\" href=\"mailto:geral@gem.pt\" data-attached-link=\"{&quot;type&quot;:&quot;Email&quot;,&quot;url&quot;:&quot;geral@gem.pt&quot;,&quot;title&quot;:&quot;geral@gem.pt&quot;}\">geral@gem.pt<\/a><\/u>.<\/p>\n","protected":false},"excerpt":{"rendered":"<p>Termos de Utiliza\u00e7\u00e3o e Pol\u00edtica de Privacidade Atualizado a 25&nbsp;de Maio de 2018 &nbsp; Todo o conteudo deste site est\u00e1 protegido por lei e n\u00e3o pode ser reproduzido, distribu\u00eddo ou transmitido sem o consentimento escrito da Dire\u00e7\u00e3o do GEM. Qualquer viola\u00e7\u00e3o deste principio configura crime e \u00e9 punido pela lei dos direitos de autor em [&hellip;]<\/p>\n","protected":false},"author":1,"featured_media":0,"parent":712,"menu_order":3,"comment_status":"closed","ping_status":"closed","template":"","meta":{"footnotes":""},"class_list":["post-3","page","type-page","status-publish","hentry"],"_links":{"self":[{"href":"https:\/\/gem.pt\/1\/wp-json\/wp\/v2\/pages\/3","targetHints":{"allow":["GET"]}}],"collection":[{"href":"https:\/\/gem.pt\/1\/wp-json\/wp\/v2\/pages"}],"about":[{"href":"https:\/\/gem.pt\/1\/wp-json\/wp\/v2\/types\/page"}],"author":[{"embeddable":true,"href":"https:\/\/gem.pt\/1\/wp-json\/wp\/v2\/users\/1"}],"replies":[{"embeddable":true,"href":"https:\/\/gem.pt\/1\/wp-json\/wp\/v2\/comments?post=3"}],"version-history":[{"count":0,"href":"https:\/\/gem.pt\/1\/wp-json\/wp\/v2\/pages\/3\/revisions"}],"up":[{"embeddable":true,"href":"https:\/\/gem.pt\/1\/wp-json\/wp\/v2\/pages\/712"}],"wp:attachment":[{"href":"https:\/\/gem.pt\/1\/wp-json\/wp\/v2\/media?parent=3"}],"curies":[{"name":"wp","href":"https:\/\/api.w.org\/{rel}","templated":true}]}}