{"id":3307,"date":"2020-12-31T20:43:46","date_gmt":"2020-12-31T20:43:46","guid":{"rendered":"https:\/\/gem.pt\/@teste\/?page_id=3307"},"modified":"2021-02-06T17:54:44","modified_gmt":"2021-02-06T17:54:44","slug":"mina-das-aguas-ferreas","status":"publish","type":"page","link":"https:\/\/gem.pt\/1\/publicacoes\/cavidades-artificiais\/mina-das-aguas-ferreas\/","title":{"rendered":"Mina das \u00c1guas F\u00e9rreas"},"content":{"rendered":"<figure>\n\t\t\t\t\t\t\t\t\t\t<img loading=\"lazy\" decoding=\"async\" width=\"900\" height=\"300\" src=\"https:\/\/gem.pt\/wp-content\/uploads\/2020\/12\/Mina-das-Aguas-Ferreas.jpg\" alt=\"\" loading=\"lazy\" \/><figcaption>Mina das \u00c1guas F\u00e9rreas<\/figcaption><\/figure>\n<p>\t\t 15 de Abril de 2018\u00a0<\/p>\n<p>Introdu\u00e7\u00e3o<\/p>\n<p>Designada pelo Servi\u00e7o de Fomento Mineiro como \u00abmina das \u00e1guas f\u00e9rreas\u00bb, esta mina com um desenvolvimento total de 218 metros localiza-se a 123 metros de altitude, junto do Ribeiro do Inferno.\u00a0Cerca de metade da galeria (A)\u00a0referente \u00e0 entrada da mina, encontra-se com \u00e1gua durante todo ano. Completamente horizontal, \u00e9 uma cavidade de f\u00e1cil explora\u00e7\u00e3o\u00a0que ganha vida com centenas de salamandras que por ali proliferam.\t\t<\/p>\n<figure>\n\t\t\t\t\t\t\t\t\t\t\t<a href=\"https:\/\/gem.pt\/wp-content\/uploads\/2020\/12\/Aguas_ferreas_fotos.pdf\"><br \/>\n\t\t\t\t\t\t\t<img loading=\"lazy\" decoding=\"async\" width=\"800\" height=\"566\" src=\"https:\/\/gem.pt\/wp-content\/uploads\/2020\/12\/Aguas_ferreas_Jpeg__fotos_small.jpg\" alt=\"\" loading=\"lazy\" \/>\t\t\t\t\t\t\t\t<\/a><figcaption>Figura 1 \u2013 Planta e Perfil Distendido com localiza\u00e7\u00e3o de algumas fotos da Mina das \u00c1guas F\u00e9rreas<\/figcaption><\/figure>\n<p>\t\tA cavidade abre-se em terreno de xistos argilosos, ardos\u00edferos, designados \u00abXistos de Valongo\u00bb. As concre\u00e7\u00f5es ali existentes, todas elas de origem ferrosa, dotam-na de uma beleza singular.\u00a0<br \/>\n\t\t\t\t\t\t\t\t\t\t\t<a href=\"https:\/\/gem.pt\/wp-content\/uploads\/2020\/12\/DSC_8778.jpg\" data-elementor-open-lightbox=\"yes\"><br \/>\n\t\t\t\t\t\t\t<img loading=\"lazy\" decoding=\"async\" width=\"535\" height=\"800\" src=\"https:\/\/gem.pt\/wp-content\/uploads\/2020\/12\/DSC_8778.jpg\" alt=\"\" loading=\"lazy\" \/>\t\t\t\t\t\t\t\t<\/a><br \/>\n\t\t\t\t\t\t\t\t\t\t\t<a href=\"https:\/\/gem.pt\/wp-content\/uploads\/2020\/12\/DSC_8781.jpg\" data-elementor-open-lightbox=\"yes\"><br \/>\n\t\t\t\t\t\t\t<img decoding=\"async\" src=\"https:\/\/gem.pt\/wp-content\/uploads\/elementor\/thumbs\/DSC_8781-p0ouj1j3go0jmgv3z4cbnwk56v1ejwn3yq1uxxq2a2.jpg\" title=\"\" alt=\"\" \/>\t\t\t\t\t\t\t\t<\/a><br \/>\n\t\tEntre estalactites, estalagmites e bandeiras, encontramos algumas delas danificadas n\u00e3o se sabe se pelo homem ou simplesmente pela sua fragilidade, tamanho e peso adquiridos ao longo dos anos.<br \/>\n\t\t\t\t\t\t\t\t\t\t\t<a href=\"https:\/\/gem.pt\/wp-content\/uploads\/2020\/12\/DSC_8793.jpg\" data-elementor-open-lightbox=\"yes\"><br \/>\n\t\t\t\t\t\t\t<img loading=\"lazy\" decoding=\"async\" width=\"900\" height=\"596\" src=\"https:\/\/gem.pt\/wp-content\/uploads\/2020\/12\/DSC_8793.jpg\" alt=\"\" loading=\"lazy\" \/>\t\t\t\t\t\t\t\t<\/a><br \/>\n\t\tA cavidade tem uma classifica\u00e7\u00e3o UIS, E2 (anterior ao s\u00e9culo XIX) per\u00edodo entre (a) e (m), cuja identifica\u00e7\u00e3o do per\u00edodo em que se insere, carece de avalia\u00e7\u00e3o por elementos com compet\u00eancias para tal.<br \/>\n\t\t\t\t\t\t\t\t\t\t\t<a href=\"https:\/\/gem.pt\/wp-content\/uploads\/2020\/12\/Ponto9.jpg\" data-elementor-open-lightbox=\"yes\"><br \/>\n\t\t\t\t\t\t\t<img loading=\"lazy\" decoding=\"async\" width=\"900\" height=\"598\" src=\"https:\/\/gem.pt\/wp-content\/uploads\/2020\/12\/Ponto9.jpg\" alt=\"\" loading=\"lazy\" \/>\t\t\t\t\t\t\t\t<\/a><br \/>\n\t\tEste trabalho \u00e9 parte integrante do projeto (Contributo espeleol\u00f3gico para o estudo da minera\u00e7\u00e3o antiga no Concelho de Valongo \u2013 Serra de Santa Justa), levado a cabo pelo \u00abGEM Norte\u00bb que est\u00e1 a ser desenvolvido desde 2015 e que, oportunamente, ser\u00e1 publicado na \u00edntegra.\t\t<\/p>\n<figure>\n\t\t\t\t\t\t\t\t\t\t\t<a href=\"\/wp-content\/uploads\/2020\/12\/Aguas_ferreas.pdf\" target=\"_blank\" rel=\"noopener\"><br \/>\n\t\t\t\t\t\t\t<img loading=\"lazy\" decoding=\"async\" width=\"800\" height=\"566\" src=\"https:\/\/gem.pt\/wp-content\/uploads\/2020\/12\/Aguas_ferreas_Jpeg_small.jpg\" alt=\"\" loading=\"lazy\" \/>\t\t\t\t\t\t\t\t<\/a><figcaption>Figura 2 \u2013 Planta e Perfil Distendido da Mina das \u00c1guas F\u00e9rreas<\/figcaption><\/figure>\n<p>\t\tOs trabalhos desenvolvidos na \u00abMina das \u00c1guas F\u00e9rreas\u00bb contaram com a participa\u00e7\u00e3o dos espele\u00f3logos: Eduardo Vieira (GEM) e Andr\u00e9 Leite (GEM).<\/p>\n<p>Autores do projeto: Eduardo Vieira (GEM), Andr\u00e9 Leite (GEM), Pedro Ferreira (GEM) e Pedro Aguiar (GEM)Coordena\u00e7\u00e3o: Eduardo Vieira (GEM)Topografia: Eduardo Vieira (GEM), Andr\u00e9 Leite (GEM)Fotografia: Eduardo Vieira (GEM), Andr\u00e9 Leite (GEM)Texto: Eduardo Vieira (GEM)Revis\u00e3o do texto: Sandra Flor<\/p>\n","protected":false},"excerpt":{"rendered":"<p>Mina das \u00c1guas F\u00e9rreas 15 de Abril de 2018\u00a0 Introdu\u00e7\u00e3o Designada pelo Servi\u00e7o de Fomento Mineiro como \u00abmina das \u00e1guas f\u00e9rreas\u00bb, esta mina com um desenvolvimento total de 218 metros localiza-se a 123 metros de altitude, junto do Ribeiro do Inferno.\u00a0Cerca de metade da galeria (A)\u00a0referente \u00e0 entrada da mina, encontra-se com \u00e1gua durante todo [&hellip;]<\/p>\n","protected":false},"author":13,"featured_media":0,"parent":2793,"menu_order":0,"comment_status":"closed","ping_status":"closed","template":"","meta":{"footnotes":""},"class_list":["post-3307","page","type-page","status-publish","hentry"],"_links":{"self":[{"href":"https:\/\/gem.pt\/1\/wp-json\/wp\/v2\/pages\/3307","targetHints":{"allow":["GET"]}}],"collection":[{"href":"https:\/\/gem.pt\/1\/wp-json\/wp\/v2\/pages"}],"about":[{"href":"https:\/\/gem.pt\/1\/wp-json\/wp\/v2\/types\/page"}],"author":[{"embeddable":true,"href":"https:\/\/gem.pt\/1\/wp-json\/wp\/v2\/users\/13"}],"replies":[{"embeddable":true,"href":"https:\/\/gem.pt\/1\/wp-json\/wp\/v2\/comments?post=3307"}],"version-history":[{"count":0,"href":"https:\/\/gem.pt\/1\/wp-json\/wp\/v2\/pages\/3307\/revisions"}],"up":[{"embeddable":true,"href":"https:\/\/gem.pt\/1\/wp-json\/wp\/v2\/pages\/2793"}],"wp:attachment":[{"href":"https:\/\/gem.pt\/1\/wp-json\/wp\/v2\/media?parent=3307"}],"curies":[{"name":"wp","href":"https:\/\/api.w.org\/{rel}","templated":true}]}}