{"id":3482,"date":"2021-01-01T21:30:05","date_gmt":"2021-01-01T21:30:05","guid":{"rendered":"https:\/\/gem.pt\/@teste\/?page_id=3482"},"modified":"2024-08-24T17:36:23","modified_gmt":"2024-08-24T16:36:23","slug":"haute-route","status":"publish","type":"page","link":"https:\/\/gem.pt\/1\/publicacoes\/trekking-e-alpinismo\/haute-route\/","title":{"rendered":"Haute Route Chamonix-Zermatt GEM 2013"},"content":{"rendered":"<figure>\n\t\t\t\t\t\t\t\t\t\t<img fetchpriority=\"high\" width=\"1500\" height=\"500\" src=\"https:\/\/gem.pt\/wp-content\/uploads\/2021\/01\/haute-route.jpg\" alt=\"\" decoding=\"async\" \/><figcaption>Haute Route Chamonix-Zermatt GEM 2013<\/figcaption><\/figure>\n<p>\t\t13 de Agosto de 2013\u00a0Introdu\u00e7\u00e3o<br \/>\n<a href=\"https:\/\/gem.pt\/wp-content\/uploads\/2021\/01\/20130815-IMG_1076.jpg\"><img decoding=\"async\" src=\"https:\/\/gem.pt\/wp-content\/uploads\/2021\/01\/20130815-IMG_1076.jpg\" alt=\"\" width=\"400\" height=\"300\" \/><\/a>Haute Route, ou Rota dos Montanheiros, \u00e9 o nome dado ao percurso percorrida a p\u00e9 ou de ski, com muitas variantes, entre Chamonix em Fran\u00e7a e Zermatt na Sui\u00e7a.<br \/>\nEsta \u00e9 a Rota que foi percorrida a p\u00e9 pelo GEM entre 9 e 16 de Agosto de 2013. Foram percorridos 85Kms em 8 dias, com desn\u00edveis acumulados de 6650m de subida e 7520m de descida, em altitudes m\u00e9dias perto dos 3000 metros.<br \/>\nAlguns dados t\u00e9cnicos<br \/>\nTotal percorrido a p\u00e9 em 8 dias: 85Kms<br style=\"font-size: 16px;\" \/>Dura\u00e7\u00e3o total da caminhada: 58 horas e 18 minutos<br style=\"font-size: 16px;\" \/>Subida\/descida acumulada total: 6648 metros \/ -7518 metros<br style=\"font-size: 16px;\" \/>Eleva\u00e7\u00e3o m\u00ednima da travessia: 1495 m (Champex-Lac)<br style=\"font-size: 16px;\" \/>Eleva\u00e7\u00e3o m\u00e1xima da travessia: 3711 m (T\u00eat\u00ea Blanche)<br style=\"font-size: 16px;\" \/>Dia com maior distancia percorrida: 3\u00ba dia com 21,7Kms (Ref\u00fagio d'Orny at\u00e9 Ref\u00fagio Chanrion)<br style=\"font-size: 16px;\" \/>Dia com maior tempo gasto no percurso: 4\u00ba dia com 11 horas e 27min (Ref\u00fagio Chanrion at\u00e9 Ref\u00fagio Dix)<\/p>\n<figure>\n\t\t\t\t\t\t\t\t\t\t\t<a href=\"https:\/\/gem.pt\/wp-content\/uploads\/2021\/01\/20130812-IMG_0739.jpg\" data-elementor-open-lightbox=\"yes\" data-elementor-lightbox-title=\"No Col du Mont Rouge, preparados para iniciar a travessia do Glacier du Gi\u00e9tro\" data-e-action-hash=\"#elementor-action%3Aaction%3Dlightbox%26settings%3DeyJpZCI6MzM3MCwidXJsIjoiaHR0cHM6XC9cL2dlbS5wdFwvd3AtY29udGVudFwvdXBsb2Fkc1wvMjAyMVwvMDFcLzIwMTMwODEyLUlNR18wNzM5LmpwZyJ9\"><br \/>\n\t\t\t\t\t\t\t<img decoding=\"async\" src=\"https:\/\/gem.pt\/wp-content\/uploads\/elementor\/thumbs\/20130812-IMG_0739-p0q6rtvk6vt8vkhaqzz1qw1s9u6hyus3xv7z9y8rz4.jpg\" title=\"No Col du Mont Rouge, preparados para iniciar a travessia do Glacier du Gi\u00e9tro\" alt=\"No Col du Mont Rouge, preparados para iniciar a travessia do Glacier du Gi\u00e9tro\" loading=\"lazy\" \/>\t\t\t\t\t\t\t\t<\/a><figcaption>No Col du Mont Rouge, preparados para iniciar a travessia do Glacier du Gi\u00e9tro <\/figcaption><\/figure>\n<p>Resumo das Etapas<\/p>\n<p><strong>1\u00aa Etapa: Chamonix\/Les Autannes - Ref\u00fagio Albert 1er<\/strong><br \/>In\u00edcio \u00e0s 10h14 e fim \u00e0s 13h02<br \/>Dura\u00e7\u00e3o: 2h48<br \/>Dist\u00e2ncia percorrida: 4,38Kms<br \/>Subida\/descida acumulada: 716m \/ -212m<br \/>Eleva\u00e7\u00e3o m\u00e1xima\/m\u00ednima: 2701m \/ 2196m\u00a0<strong>2\u00aa Etapa: Ref\u00fagio Albert 1er - Ref\u00fagio d'Orny<\/strong><br \/>In\u00edcio \u00e0s 5h32 e fim \u00e0s 14h18<br \/>Dura\u00e7\u00e3o: 8h46<br \/>Dist\u00e2ncia percorrida: 8,12Kms<br \/>Subida\/descida acumulada: 734m \/ -604m<br \/>Eleva\u00e7\u00e3o m\u00e1xima\/m\u00ednima: 3293m \/ 2698m\u00a0<strong>3\u00aa Etapa - 1\u00aa parte: Ref\u00fagio d'Orny - Champex<\/strong><br \/>In\u00edcio \u00e0s 5h20 e fim \u00e0s 9h37<br \/>Dura\u00e7\u00e3o: 4h17<br \/>Dist\u00e2ncia percorrida: 9,77Kms<br \/>Subida\/descida acumulada: 122m \/ -1455m<br \/>Eleva\u00e7\u00e3o m\u00e1xima\/m\u00ednima: 2829m \/ 1495m\u00a0<strong>3\u00aa Etapa - 2\u00aa parte: Mauvoisin - Ref\u00fagio Chanrion<\/strong><br \/>In\u00edcio \u00e0s 11h34 e fim \u00e0s 16h52<br \/>Dura\u00e7\u00e3o: 5h18<br \/>Dist\u00e2ncia percorrida: 11,9Kms<br \/>Subida\/descida acumulada: 1361m \/ -746m<br \/>Eleva\u00e7\u00e3o m\u00e1xima\/m\u00ednima: 2629m \/ 1851m\u00a0<strong>4\u00aa Etapa: Ref\u00fagio Chanrion - Ref\u00fagio Dix<\/strong><br \/>In\u00edcio \u00e0s 7h12 e fim \u00e0s 18h39<br \/>Dura\u00e7\u00e3o: 11h27<br \/>Dist\u00e2ncia percorrida: 10,7Kms<br \/>Subida\/descida acumulada: 1090m \/ -630m<br \/>Eleva\u00e7\u00e3o m\u00e1xima\/m\u00ednima: 3345m \/ 2462m<strong>E5\u00aa Etapa: Ref\u00fagio Dix - Arolla<\/strong><br \/>\nIn\u00edcio \u00e0s 9h19 e fim \u00e0s 13h34<br \/>\nDura\u00e7\u00e3o: 4h15<br \/>\nDist\u00e2ncia percorrida: 6,96Kms<br \/>\nSubida\/descida acumulada: 167m \/ -1017m<br \/>\nEleva\u00e7\u00e3o m\u00e1xima\/m\u00ednima: 2865m \/ 2008m<br \/>\n<strong>6\u00aa Etapa: Arolla - Ref\u00fagio Bertol<\/strong><br \/>\nIn\u00edcio \u00e0s 5h29 e fim \u00e0s 12h02<br \/>\nDura\u00e7\u00e3o: 6h33<br \/>\nDist\u00e2ncia percorrida: 8,99Kms<br \/>\nSubida\/descida acumulada: 1416m \/ -153m<br \/>\nEleva\u00e7\u00e3o m\u00e1xima\/m\u00ednima: 3288m \/ 1969m<br \/>\n<strong>7\u00aa Etapa: Ref\u00fagio Bertol - Ref\u00fagio Sch\u00f6nbiel<\/strong><br \/>\nIn\u00edcio \u00e0s 6h26 e fim \u00e0s 17h40<br \/>\nDura\u00e7\u00e3o: 11h14<br \/>\nDist\u00e2ncia percorrida: 12,4Kms<br \/>\nSubida\/descida acumulada: 939m \/ -1522m<br \/>\nEleva\u00e7\u00e3o m\u00e1xima\/m\u00ednima: 3711m \/ 2527m<br \/>\n<strong>8\u00aa Etapa: Ref\u00fagio Sch\u00f6nbiel - Zermatt<\/strong><br \/>\nIn\u00edcio \u00e0s 8h30 e fim \u00e0s 12h10<br \/>\nDura\u00e7\u00e3o: 3h40<br \/>\nDist\u00e2ncia percorrida: 11,2Kms<br \/>\nSubida\/descida acumulada: 103m \/ -1179m<br \/>\nEleva\u00e7\u00e3o m\u00e1xima\/m\u00ednima: 2696m \/ 1618m<\/p>\n<p>Fotolivro Haute Route GEM 2013<\/p>\n<p>Tendo como base as milhares de fotografias que foram tiradas ao longo desta travessia, foi criado o\u00a0fotolivro Haute Route GEM 2013\u00a0com 6 exemplares\u00a0impressos.Cada exemplar \u00e9 um original com algumas fotografias especialmente dedicadas\u00a0aos diferentes\u00a0elementos que compuseram a equipa.<a href=\"https:\/\/gem.pt\/1\/publicacoes\/newsletter\/pdfviewer\/?pdf=1ji6M-oeexgKsX9Acse2M7OJxx_6gx9Dp\">Veja aqui um desses exemplares.<\/a>\u00a0Equipa GEM\u00a0<\/p>\n<p>Ana Anjo<br style=\"font-size: 16px;\" \/>Ana Pita Barros<br style=\"font-size: 16px;\" \/>Marta Borges<br style=\"font-size: 16px;\" \/>Ricardo Leite<br style=\"font-size: 16px;\" \/>S\u00e9rgio Horta<br style=\"font-size: 16px;\" \/>Tiago Matias<br style=\"font-size: 16px;\" \/>V\u00edtor Amendoeira<br style=\"font-size: 16px;\" \/>V\u00edtor Toucinho<\/p>\n<p>\t\t\t\t\t\t\t\t\t\t\t\t\t\t<a href=\"https:\/\/gem.pt\/1\/publicacoes\/newsletter\/pdfviewer\/?pdf=1ji6M-oeexgKsX9Acse2M7OJxx_6gx9Dp\"><br \/>\n\t\t\t\t\t\t\t<img width=\"270\" height=\"355\" src=\"https:\/\/gem.pt\/wp-content\/uploads\/2024\/08\/Haute-Route-GEM2013.jpg\" alt=\"\" decoding=\"async\" srcset=\"https:\/\/gem.pt\/wp-content\/uploads\/2024\/08\/Haute-Route-GEM2013.jpg 270w, https:\/\/gem.pt\/wp-content\/uploads\/2024\/08\/Haute-Route-GEM2013-9x12.jpg 9w\" sizes=\"(max-width: 270px) 100vw, 270px\" \/>\t\t\t\t\t\t\t\t<\/a><\/p>\n<figure>\n\t\t\t\t\t\t\t\t\t\t\t<a href=\"\/wp-content\/uploads\/2021\/01\/mapa1.jpg\"><br \/>\n\t\t\t\t\t\t\t<img decoding=\"async\" src=\"https:\/\/gem.pt\/wp-content\/uploads\/elementor\/thumbs\/mapa-p0q6rykyg6mve375gl4g36x75q3wcjpzcd1f8qpgdc.jpg\" title=\"Percurso efetuado pelo GEM na Haute Route entre Chamonix e Zermatt &#8211; Clique para ampliar.\" alt=\"Percurso efetuado pelo GEM na Haute Route entre Chamonix e Zermatt - Clique para ampliar.\" loading=\"lazy\" \/>\t\t\t\t\t\t\t\t<\/a><figcaption>Percurso efetuado pelo GEM na Haute Route entre Chamonix e Zermatt - Clique para ampliar.<\/figcaption><\/figure>\n","protected":false},"excerpt":{"rendered":"<p>Haute Route Chamonix-Zermatt GEM 2013 13 de Agosto de 2013\u00a0Introdu\u00e7\u00e3o Haute Route, ou Rota dos Montanheiros, \u00e9 o nome dado ao percurso percorrida a p\u00e9 ou de ski, com muitas variantes, entre Chamonix em Fran\u00e7a e Zermatt na Sui\u00e7a. Esta \u00e9 a Rota que foi percorrida a p\u00e9 pelo GEM entre 9 e 16 de [&hellip;]<\/p>\n","protected":false},"author":4,"featured_media":0,"parent":2798,"menu_order":0,"comment_status":"closed","ping_status":"closed","template":"","meta":{"footnotes":""},"class_list":["post-3482","page","type-page","status-publish","hentry"],"_links":{"self":[{"href":"https:\/\/gem.pt\/1\/wp-json\/wp\/v2\/pages\/3482","targetHints":{"allow":["GET"]}}],"collection":[{"href":"https:\/\/gem.pt\/1\/wp-json\/wp\/v2\/pages"}],"about":[{"href":"https:\/\/gem.pt\/1\/wp-json\/wp\/v2\/types\/page"}],"author":[{"embeddable":true,"href":"https:\/\/gem.pt\/1\/wp-json\/wp\/v2\/users\/4"}],"replies":[{"embeddable":true,"href":"https:\/\/gem.pt\/1\/wp-json\/wp\/v2\/comments?post=3482"}],"version-history":[{"count":0,"href":"https:\/\/gem.pt\/1\/wp-json\/wp\/v2\/pages\/3482\/revisions"}],"up":[{"embeddable":true,"href":"https:\/\/gem.pt\/1\/wp-json\/wp\/v2\/pages\/2798"}],"wp:attachment":[{"href":"https:\/\/gem.pt\/1\/wp-json\/wp\/v2\/media?parent=3482"}],"curies":[{"name":"wp","href":"https:\/\/api.w.org\/{rel}","templated":true}]}}