{"id":3509,"date":"2021-01-02T01:07:06","date_gmt":"2021-01-02T01:07:06","guid":{"rendered":"https:\/\/gem.pt\/@teste\/?page_id=3509"},"modified":"2025-12-26T19:22:21","modified_gmt":"2025-12-26T19:22:21","slug":"a-montanha-de-sal-de-cardona","status":"publish","type":"page","link":"https:\/\/gem.pt\/1\/publicacoes\/carso-e-endocarso\/a-montanha-de-sal-de-cardona\/","title":{"rendered":"A Montanha de Sal de Cardona"},"content":{"rendered":"<figure>\n\t\t\t\t\t\t\t\t\t\t<img decoding=\"async\" src=\"https:\/\/gem.pt\/wp-content\/uploads\/elementor\/thumbs\/A-Montanha-de-Sal-de-Cardona-rcr6qfez38wqhm565wpga7mwhmcqz5lim3u135q5cw.jpg\" title=\"A Montanha de Sal de Cardona\" alt=\"A Montanha de Sal de Cardona\" loading=\"lazy\" \/><figcaption>A Montanha de Sal de Cardona<\/figcaption><\/figure>\n<p>\t\t25 de Janeiro de 2019\u00a0Introdu\u00e7\u00e3o<br \/>\nA equipa constitu\u00edda por Ana Pita, Marta Borges, Sandra Lopes, Vitor Amendoeira e V\u00edtor Toucinho rumaram \u00e0 Catalunha para conhecer e fotografar a gruta Forat Mic\u00f3 e a Mina Nieves em Cardona e foram recebidos por Victor Ferrer e Juan Medina.\t\t<\/p>\n<figure>\n\t\t\t\t\t\t\t\t\t\t\t<a href=\"https:\/\/gem.pt\/wp-content\/uploads\/2021\/01\/Untitled1.jpg\" data-elementor-open-lightbox=\"yes\" data-elementor-lightbox-title=\"Figura 1 \u2013 A equipa na entrada da Mina. (Foto: Vitor Amendoeira - GEM)\" data-e-action-hash=\"#elementor-action%3Aaction%3Dlightbox%26settings%3DeyJpZCI6MzQ5NSwidXJsIjoiaHR0cHM6XC9cL2dlbS5wdFwvd3AtY29udGVudFwvdXBsb2Fkc1wvMjAyMVwvMDFcL1VudGl0bGVkMS5qcGcifQ%3D%3D\"><br \/>\n\t\t\t\t\t\t\t<img fetchpriority=\"high\" width=\"900\" height=\"506\" src=\"https:\/\/gem.pt\/wp-content\/uploads\/2021\/01\/Untitled1.jpg\" alt=\"\" decoding=\"async\" \/>\t\t\t\t\t\t\t\t<\/a><figcaption>Figura 1 \u2013 A equipa na entrada da Mina. (Foto: Vitor Amendoeira - GEM)<\/figcaption><\/figure>\n<p>\t\tA Montanha de Sal de Cardona \u00e9 um Diapiro onde afloram os dep\u00f3sitos salinos, com uma extens\u00e3o de 1800m x 600m de largura, pertencentes \u00e0 denominada bacia pot\u00e1ssica catal\u00e3. A acumula\u00e7\u00e3o de sal come\u00e7ou a formar-se h\u00e1 40 milh\u00f5es de anos, quando toda esta regi\u00e3o era mar.<\/p>\n<figure style=\"width: 500px;\"><a href=\"https:\/\/gem.pt\/wp-content\/uploads\/2021\/01\/Untitled2a.jpg\"><img decoding=\"async\" src=\"https:\/\/gem.pt\/wp-content\/uploads\/2021\/01\/Untitled2a.jpg\" alt=\"\" height=\"375\" \/><\/a><figcaption style=\"color: #444444; font-family: Questrial; font-size: 14px; background-color: #f0f0f0; padding: 8px;\">Figura 2 \u2013 Afloramento Salino. (Foto: Vitor Amendoeira - GEM)<\/figcaption><\/figure>\n<p>Os afloramentos salinos de Cardona s\u00e3o explorado pelo homem desde o neol\u00edtico, utilizando diversos m\u00e9todos desde a minera\u00e7\u00e3o a c\u00e9u aberto at\u00e9 \u00e0\u00a0minera\u00e7\u00e3o subterr\u00e2nea que teve in\u00edcio com a introdu\u00e7\u00e3o da p\u00f3lvora no s\u00e9culo XVIII.<br \/>\nA sua explora\u00e7\u00e3o foi um papel determinante no repovoamento de Cardona, ocorrido no s\u00e9c. X, pois um decreto ditava que todos aqueles que se estabelecessem na cidade, poderiam extrair sal livremente, uma vez por semana.\u00a0<br \/>\nDevido \u00e0 descoberta de pot\u00e1ssio pelo engenheiro Emili Viader no in\u00edcio do s\u00e9culo XX,\u00a0que procurava a explora\u00e7\u00e3o de sais de pot\u00e1ssio foi aberto o Pozo del Duque, a primeira mina de sal subterr\u00e2nea, abriu entre 1902 e 1905.<br \/>\nO in\u00edcio da extra\u00e7\u00e3o de pot\u00e1ssio transformou a cidade de Cardona, que at\u00e9 aqui tinha uma popula\u00e7\u00e3o agr\u00edcola e t\u00eaxtil,\u00a0passando a ser uma cidade basicamente mineira duplicando a sua popula\u00e7\u00e3o.<br \/>\nDurante todo o s\u00e9c. XX, a mina transformou-se numa das mais importantes de toda a Europa. Em 1990\u00a0a mina foi fechada\u00a0quando\u00a0a explora\u00e7\u00e3o havia alcan\u00e7ado 1308m de profundidade pelo interior da terra, sendo a mais profunda de\u00a0Espanha.\t\t<\/p>\n<figure>\n\t\t\t\t\t\t\t\t\t\t\t<a href=\"https:\/\/gem.pt\/wp-content\/uploads\/2021\/01\/Untitled3-pan.jpg\" data-elementor-open-lightbox=\"yes\" data-elementor-lightbox-title=\"Figura 3 \u2013 Escombreira da Mina Nieves com vista para o Castelo de Cardona. (Foto: Vitor Amendoeira - GEM)\" data-e-action-hash=\"#elementor-action%3Aaction%3Dlightbox%26settings%3DeyJpZCI6MzQ5NywidXJsIjoiaHR0cHM6XC9cL2dlbS5wdFwvd3AtY29udGVudFwvdXBsb2Fkc1wvMjAyMVwvMDFcL1VudGl0bGVkMy1wYW4uanBnIn0%3D\"><br \/>\n\t\t\t\t\t\t\t<img width=\"1650\" height=\"859\" src=\"https:\/\/gem.pt\/wp-content\/uploads\/2021\/01\/Untitled3-pan.jpg\" alt=\"\" decoding=\"async\" \/>\t\t\t\t\t\t\t\t<\/a><figcaption>Figura 3 \u2013 Escombreira da Mina Nieves com vista para o Castelo de Cardona. (Foto: Vitor Amendoeira - GEM)<\/figcaption><\/figure>\n<p>Parque Cultural Montanha de Sal\u00a0<\/p>\n<figure style=\"width: 500px\"><a href=\"https:\/\/gem.pt\/wp-content\/uploads\/2021\/01\/Untitled4.jpg\"><img decoding=\"async\" src=\"https:\/\/gem.pt\/wp-content\/uploads\/2021\/01\/Untitled4.jpg\" alt=\"\" height=\"375\" \/><\/a><figcaption style=\"color: #444444; font-family: Questrial; font-size: 14px; background-color: #f0f0f0; padding: 8px;\">Figura 4 \u2013 O cabo de a\u00e7o de 1000m. (Foto: Vitor Amendoeira - GEM)<\/figcaption><\/figure>\n<p>Em 2003\u00a0foi criado o Parque Cultural Montanha de Sal, objetivando a divulga\u00e7\u00e3o de t\u00e3o peculiar forma\u00e7\u00e3o geol\u00f3gica. Durante o passeio podemos conhecer a hist\u00f3ria de explora\u00e7\u00e3o do lugar, a origem do afloramento, a vida que levavam os mineiros que nela trabalhavam, etc.<br \/>\nA visita permite contemplar as antigas instala\u00e7\u00f5es mineiras e as m\u00e1quinas de extra\u00e7\u00e3o mineral do po\u00e7o, tal como era quando estavam ainda em funcionamento.<br \/>\nO mais impactante, por\u00e9m, \u00e9 a visita guiada realizada a 86m de profundidade pelo interior das galerias da montanha, abertas ao p\u00fablico em 1997.<\/p>\n<figure>\n\t\t\t\t\t\t\t\t\t\t\t<a href=\"https:\/\/gem.pt\/wp-content\/uploads\/2021\/01\/Untitled5.jpg\" data-elementor-open-lightbox=\"yes\" data-elementor-lightbox-title=\"Figura 5 \u2013 Vista para entrada da mina visit\u00e1vel. (Foto: Vitor Amendoeira - GEM)\" data-e-action-hash=\"#elementor-action%3Aaction%3Dlightbox%26settings%3DeyJpZCI6MzUwMCwidXJsIjoiaHR0cHM6XC9cL2dlbS5wdFwvd3AtY29udGVudFwvdXBsb2Fkc1wvMjAyMVwvMDFcL1VudGl0bGVkNS5qcGcifQ%3D%3D\"><br \/>\n\t\t\t\t\t\t\t<img decoding=\"async\" src=\"https:\/\/gem.pt\/wp-content\/uploads\/elementor\/thumbs\/Untitled5-rcr6qdj26lfo93u2939olivj48q84kphj6djago5u0.jpg\" title=\"Figura 5 \u2013 Vista para entrada da mina visit\u00e1vel. (Foto: Vitor Amendoeira &#8211; GEM)\" alt=\"Figura 5 \u2013 Vista para entrada da mina visit\u00e1vel. (Foto: Vitor Amendoeira - GEM)\" loading=\"lazy\" \/>\t\t\t\t\t\t\t\t<\/a><figcaption>Figura 5 \u2013 Vista para entrada da mina visit\u00e1vel. (Foto: Vitor Amendoeira - GEM)<\/figcaption><\/figure>\n<p>\t\tO trajeto de 500m est\u00e1 repleto de forma\u00e7\u00f5es litoqu\u00edmicas, como estalactites, colunas, estalagmites, de sal.\u00a0\t\t<\/p>\n<figure>\n\t\t\t\t\t\t\t\t\t\t\t<a href=\"https:\/\/gem.pt\/wp-content\/uploads\/2021\/01\/Untitled6.jpg\" data-elementor-open-lightbox=\"yes\" data-elementor-lightbox-title=\"Figura 6 \u2013 Tr\u00eas copos com variedades de sal: Cloreto de S\u00f3dio, de Pot\u00e1ssio e de Magn\u00e9sio. (Foto: Vitor Amendoeira - GEM)\" data-e-action-hash=\"#elementor-action%3Aaction%3Dlightbox%26settings%3DeyJpZCI6MzUwMSwidXJsIjoiaHR0cHM6XC9cL2dlbS5wdFwvd3AtY29udGVudFwvdXBsb2Fkc1wvMjAyMVwvMDFcL1VudGl0bGVkNi5qcGcifQ%3D%3D\"><br \/>\n\t\t\t\t\t\t\t<img width=\"800\" height=\"600\" src=\"https:\/\/gem.pt\/wp-content\/uploads\/2021\/01\/Untitled6.jpg\" alt=\"\" decoding=\"async\" \/>\t\t\t\t\t\t\t\t<\/a><figcaption>Figura 6 \u2013 Tr\u00eas copos com variedades de sal: Cloreto de S\u00f3dio, de Pot\u00e1ssio e de Magn\u00e9sio. (Foto: Vitor Amendoeira - GEM)<\/figcaption><\/figure>\n<p>A Gruta Forat Mic\u00f3 (O Buraco Mic\u00f3)<br \/>\nO Sal de Cardona e os fen\u00f3menos c\u00e1rsicos evapor\u00edticos, formam um dos sistemas subterr\u00e2neos mais interessantes da Catalunha. Os processos de dissolu\u00e7\u00e3o s\u00e3o r\u00e1pidos e formam grutas de grande beleza.\t\t<\/p>\n<figure>\n\t\t\t\t\t\t\t\t\t\t\t<a href=\"https:\/\/gem.pt\/wp-content\/uploads\/2021\/01\/Untitled7.jpg\" data-elementor-open-lightbox=\"yes\" data-elementor-lightbox-title=\"Figura 7 \u2013 Esquema do percurso das \u00e1guas de Forat Mic\u00f3.\" data-e-action-hash=\"#elementor-action%3Aaction%3Dlightbox%26settings%3DeyJpZCI6MzUwMiwidXJsIjoiaHR0cHM6XC9cL2dlbS5wdFwvd3AtY29udGVudFwvdXBsb2Fkc1wvMjAyMVwvMDFcL1VudGl0bGVkNy5qcGcifQ%3D%3D\"><br \/>\n\t\t\t\t\t\t\t<img loading=\"lazy\" width=\"800\" height=\"523\" src=\"https:\/\/gem.pt\/wp-content\/uploads\/2021\/01\/Untitled7.jpg\" alt=\"\" decoding=\"async\" \/>\t\t\t\t\t\t\t\t<\/a><figcaption>Figura 7 \u2013 Esquema do percurso das \u00e1guas de Forat Mic\u00f3.<\/figcaption><\/figure>\n<figure>\n\t\t\t\t\t\t\t\t\t\t\t<a href=\"https:\/\/gem.pt\/wp-content\/uploads\/2021\/01\/Untitled8.jpg\" data-elementor-open-lightbox=\"yes\" data-elementor-lightbox-title=\"Figura 8 \u2013 Topografia do Clube SIS de 1984.\" data-e-action-hash=\"#elementor-action%3Aaction%3Dlightbox%26settings%3DeyJpZCI6MzUwMywidXJsIjoiaHR0cHM6XC9cL2dlbS5wdFwvd3AtY29udGVudFwvdXBsb2Fkc1wvMjAyMVwvMDFcL1VudGl0bGVkOC5qcGcifQ%3D%3D\"><br \/>\n\t\t\t\t\t\t\t<img loading=\"lazy\" width=\"800\" height=\"484\" src=\"https:\/\/gem.pt\/wp-content\/uploads\/2021\/01\/Untitled8.jpg\" alt=\"\" decoding=\"async\" \/>\t\t\t\t\t\t\t\t<\/a><figcaption>Figura 8 \u2013 Topografia do Clube SIS de 1984.<\/figcaption><\/figure>\n<p>Descri\u00e7\u00e3o<br \/>\nA meteorologia n\u00e3o era a melhor, estava um dia de aguaceiros moderados, o que faz ter cuidados redobrados ao entrar na gruta de sal. Alguns abatimentos recentes, do \u00faltimo Inverno, estavam bem presentes, mas para fazer fotografia nestas grutas outro elemento tem que ser levado em conta, o sal. As gateiras, os estreitos meandros do sal e o rio do Forat Mic\u00f3 dificultam o trabalho fotogr\u00e1fico, colocando em risco a delicada eletr\u00f4nica dos aparelhos digitais atuais, mas n\u00e3o ser\u00e1 isso que nos demove a entrar e tirar algumas fotos. S\u00f3 o risco de seguran\u00e7a faria abortar a miss\u00e3o.\t\t<\/p>\n<figure>\n\t\t\t\t\t\t\t\t\t\t\t<a href=\"https:\/\/gem.pt\/wp-content\/uploads\/2021\/01\/Untitled9.jpg\" data-elementor-open-lightbox=\"yes\" data-elementor-lightbox-title=\"Figura 9 \u2013 Entrada inferior da gruta Forat Mic\u00f3. (Foto: Vitor Amendoeira - GEM)\" data-e-action-hash=\"#elementor-action%3Aaction%3Dlightbox%26settings%3DeyJpZCI6MzUwNCwidXJsIjoiaHR0cHM6XC9cL2dlbS5wdFwvd3AtY29udGVudFwvdXBsb2Fkc1wvMjAyMVwvMDFcL1VudGl0bGVkOS5qcGcifQ%3D%3D\"><br \/>\n\t\t\t\t\t\t\t<img loading=\"lazy\" width=\"800\" height=\"594\" src=\"https:\/\/gem.pt\/wp-content\/uploads\/2021\/01\/Untitled9.jpg\" alt=\"\" decoding=\"async\" \/>\t\t\t\t\t\t\t\t<\/a><figcaption>Figura 9 \u2013 Entrada inferior da gruta Forat Mic\u00f3. (Foto: Vitor Amendoeira - GEM)<\/figcaption><\/figure>\n<figure>\n\t\t\t\t\t\t\t\t\t\t\t<a href=\"https:\/\/gem.pt\/wp-content\/uploads\/2021\/01\/Untitled10.jpg\" data-elementor-open-lightbox=\"yes\" data-elementor-lightbox-title=\"Figura 10 \u2013 Pormenor de estalactites. (Foto: Vitor Amendoeira - GEM)\" data-e-action-hash=\"#elementor-action%3Aaction%3Dlightbox%26settings%3DeyJpZCI6MzUwNSwidXJsIjoiaHR0cHM6XC9cL2dlbS5wdFwvd3AtY29udGVudFwvdXBsb2Fkc1wvMjAyMVwvMDFcL1VudGl0bGVkMTAuanBnIn0%3D\"><br \/>\n\t\t\t\t\t\t\t<img loading=\"lazy\" width=\"800\" height=\"600\" src=\"https:\/\/gem.pt\/wp-content\/uploads\/2021\/01\/Untitled10.jpg\" alt=\"\" decoding=\"async\" \/>\t\t\t\t\t\t\t\t<\/a><figcaption>Figura 10 \u2013 Pormenor de estalactites. (Foto: Vitor Amendoeira - GEM)<\/figcaption><\/figure>\n<figure>\n\t\t\t\t\t\t\t\t\t\t\t<a href=\"https:\/\/gem.pt\/wp-content\/uploads\/2021\/01\/Untitled11.jpg\" data-elementor-open-lightbox=\"yes\" data-elementor-lightbox-title=\"Figura 11 \u2013 Pormenor de manto de sal. (Foto: Vitor Amendoeira - GEM)\" data-e-action-hash=\"#elementor-action%3Aaction%3Dlightbox%26settings%3DeyJpZCI6MzUwNiwidXJsIjoiaHR0cHM6XC9cL2dlbS5wdFwvd3AtY29udGVudFwvdXBsb2Fkc1wvMjAyMVwvMDFcL1VudGl0bGVkMTEuanBnIn0%3D\"><br \/>\n\t\t\t\t\t\t\t<img loading=\"lazy\" width=\"800\" height=\"600\" src=\"https:\/\/gem.pt\/wp-content\/uploads\/2021\/01\/Untitled11.jpg\" alt=\"\" decoding=\"async\" \/>\t\t\t\t\t\t\t\t<\/a><figcaption>Figura 11 \u2013 Pormenor de manto de sal. (Foto: Vitor Amendoeira - GEM)<\/figcaption><\/figure>\n<figure>\n\t\t\t\t\t\t\t\t\t\t\t<a href=\"https:\/\/gem.pt\/wp-content\/uploads\/2021\/01\/20180429-P4290490_2.jpg\" data-elementor-open-lightbox=\"yes\" data-elementor-lightbox-title=\"igura 12 \u2013 Contempla\u00e7\u00e3o. (Foto: Vitor Toucinho - GEM)\" data-e-action-hash=\"#elementor-action%3Aaction%3Dlightbox%26settings%3DeyJpZCI6MzQ5MywidXJsIjoiaHR0cHM6XC9cL2dlbS5wdFwvd3AtY29udGVudFwvdXBsb2Fkc1wvMjAyMVwvMDFcLzIwMTgwNDI5LVA0MjkwNDkwXzIuanBnIn0%3D\"><br \/>\n\t\t\t\t\t\t\t<img loading=\"lazy\" width=\"800\" height=\"600\" src=\"https:\/\/gem.pt\/wp-content\/uploads\/2021\/01\/20180429-P4290490_2.jpg\" alt=\"\" decoding=\"async\" \/>\t\t\t\t\t\t\t\t<\/a><figcaption>igura 12 \u2013 Contempla\u00e7\u00e3o. (Foto: Vitor Toucinho - GEM)<\/figcaption><\/figure>\n<figure style=\"width: 500px\"><a href=\"https:\/\/gem.pt\/wp-content\/uploads\/2021\/01\/Untitled12.jpg\"><img decoding=\"async\" src=\"https:\/\/gem.pt\/wp-content\/uploads\/2021\/01\/Untitled12.jpg\" alt=\"\" height=\"667\" \/><\/a><figcaption style=\"color: #444444; font-family: Questrial; font-size: 14px; background-color: #f0f0f0; padding: 8px;\">Figura 13 - Estalactites de sal e intrus\u00e3o de gesso (escuro) em rocha de sal. (Foto: Vitor Amendoeira - GEM)<\/figcaption><\/figure>\n<p>Uma gruta diferente do que estamos habituados a ver\u00a0e\u00a0de uma beleza surpreendente onde poder\u00edamos ficar dias a fotografar.<\/p>\n<figure style=\"width: 400px\"><a href=\"https:\/\/gem.pt\/wp-content\/uploads\/2021\/01\/Untitled13.jpg\"><img decoding=\"async\" src=\"https:\/\/gem.pt\/wp-content\/uploads\/2021\/01\/Untitled13.jpg\" alt=\"\" height=\"300\" \/><\/a><figcaption style=\"color: #444444; font-family: Questrial; font-size: 14px; background-color: #f0f0f0; padding: 8px;\">Figura 14 - A equipa a confraternizar.<\/figcaption><\/figure>\n<p>Bibliografia<\/p>\n<p>In <u style=\"font-size: 16px;\"><a style=\"color: inherit;\" href=\"http:\/\/espeleobloc.blogspot.pt\/2010\/12\/sali-i-forat-mico-de-cardona.html\" target=\"_blank\" rel=\"noopener\" data-attached-link=\"{&quot;type&quot;:&quot;Web&quot;,&quot;url&quot;:&quot;http:\/\/espeleobloc.blogspot.pt\/2010\/12\/sali-i-forat-mico-de-cardona.html&quot;,&quot;title&quot;:&quot;http:\/\/espeleobloc.blogspot.pt\/2010\/12\/sali-i-forat-mico-de-cardona.html&quot;,&quot;target&quot;:&quot;_blank&quot;}\">http:\/\/espeleobloc.blogspot.pt\/2010\/12\/sali-i-forat-mico-de-cardona.html<\/a><\/u>Texto: Vitor Amendoeira (GEM)<\/p>\n","protected":false},"excerpt":{"rendered":"<p>A Montanha de Sal de Cardona 25 de Janeiro de 2019\u00a0Introdu\u00e7\u00e3o A equipa constitu\u00edda por Ana Pita, Marta Borges, Sandra Lopes, Vitor Amendoeira e V\u00edtor Toucinho rumaram \u00e0 Catalunha para conhecer e fotografar a gruta Forat Mic\u00f3 e a Mina Nieves em Cardona e foram recebidos por Victor Ferrer e Juan Medina. Figura 1 \u2013 [&hellip;]<\/p>\n","protected":false},"author":3,"featured_media":0,"parent":1574,"menu_order":0,"comment_status":"closed","ping_status":"closed","template":"","meta":{"footnotes":""},"class_list":["post-3509","page","type-page","status-publish","hentry"],"_links":{"self":[{"href":"https:\/\/gem.pt\/1\/wp-json\/wp\/v2\/pages\/3509","targetHints":{"allow":["GET"]}}],"collection":[{"href":"https:\/\/gem.pt\/1\/wp-json\/wp\/v2\/pages"}],"about":[{"href":"https:\/\/gem.pt\/1\/wp-json\/wp\/v2\/types\/page"}],"author":[{"embeddable":true,"href":"https:\/\/gem.pt\/1\/wp-json\/wp\/v2\/users\/3"}],"replies":[{"embeddable":true,"href":"https:\/\/gem.pt\/1\/wp-json\/wp\/v2\/comments?post=3509"}],"version-history":[{"count":3,"href":"https:\/\/gem.pt\/1\/wp-json\/wp\/v2\/pages\/3509\/revisions"}],"predecessor-version":[{"id":22236,"href":"https:\/\/gem.pt\/1\/wp-json\/wp\/v2\/pages\/3509\/revisions\/22236"}],"up":[{"embeddable":true,"href":"https:\/\/gem.pt\/1\/wp-json\/wp\/v2\/pages\/1574"}],"wp:attachment":[{"href":"https:\/\/gem.pt\/1\/wp-json\/wp\/v2\/media?parent=3509"}],"curies":[{"name":"wp","href":"https:\/\/api.w.org\/{rel}","templated":true}]}}