{"id":712,"date":"2020-05-15T22:16:42","date_gmt":"2020-05-15T21:16:42","guid":{"rendered":"https:\/\/gem.pt\/@teste\/?page_id=712"},"modified":"2025-05-13T00:03:49","modified_gmt":"2025-05-12T23:03:49","slug":"quemsomos","status":"publish","type":"page","link":"https:\/\/gem.pt\/1\/quemsomos\/","title":{"rendered":"Quem somos"},"content":{"rendered":"<h1>O Grupo GEM<\/h1>\n<p>\t\t\u00a0O Grupo de Espeleologia e Montanhismo (GEM) \u00e9 um grupo associativo sem fins lucrativos, que se dedica \u00e0 pr\u00e1tica de\u00a0Espeleologia, Montanhismo, Canyoning,\u00a0Alpinismo, e outras atividades\u00a0que promovem o contacto e a intera\u00e7\u00e3o com a natureza.\u00a0<\/p>\n<hr \/>\n<p>\u00a0<\/p>\n<p>O GEM, na execu\u00e7\u00e3o\u00a0das suas atividades, procura contribuir para a preserva\u00e7\u00e3o da natureza atrav\u00e9s do seu estudo e divulga\u00e7\u00e3o do conhecimento a todos os que tamb\u00e9m partilham dos mesmos ideais.<\/p>\n<p>\t\t\t\t\t\t\t\t\t\t\t\t<img loading=\"lazy\" decoding=\"async\" width=\"1280\" height=\"853\" src=\"https:\/\/gem.pt\/wp-content\/uploads\/2020\/05\/Publicacoes_0_2.jpg\" alt=\"Cavidades Artificiais\" loading=\"lazy\" \/><\/p>\n","protected":false},"excerpt":{"rendered":"<p>O Grupo GEM \u00a0O Grupo de Espeleologia e Montanhismo (GEM) \u00e9 um grupo associativo sem fins lucrativos, que se dedica \u00e0 pr\u00e1tica de\u00a0Espeleologia, Montanhismo, Canyoning,\u00a0Alpinismo, e outras atividades\u00a0que promovem o contacto e a intera\u00e7\u00e3o com a natureza.\u00a0 \u00a0 O GEM, na execu\u00e7\u00e3o\u00a0das suas atividades, procura contribuir para a preserva\u00e7\u00e3o da natureza atrav\u00e9s do seu estudo [&hellip;]<\/p>\n","protected":false},"author":1,"featured_media":0,"parent":0,"menu_order":7,"comment_status":"closed","ping_status":"closed","template":"","meta":{"footnotes":""},"class_list":["post-712","page","type-page","status-publish","hentry"],"_links":{"self":[{"href":"https:\/\/gem.pt\/1\/wp-json\/wp\/v2\/pages\/712","targetHints":{"allow":["GET"]}}],"collection":[{"href":"https:\/\/gem.pt\/1\/wp-json\/wp\/v2\/pages"}],"about":[{"href":"https:\/\/gem.pt\/1\/wp-json\/wp\/v2\/types\/page"}],"author":[{"embeddable":true,"href":"https:\/\/gem.pt\/1\/wp-json\/wp\/v2\/users\/1"}],"replies":[{"embeddable":true,"href":"https:\/\/gem.pt\/1\/wp-json\/wp\/v2\/comments?post=712"}],"version-history":[{"count":0,"href":"https:\/\/gem.pt\/1\/wp-json\/wp\/v2\/pages\/712\/revisions"}],"wp:attachment":[{"href":"https:\/\/gem.pt\/1\/wp-json\/wp\/v2\/media?parent=712"}],"curies":[{"name":"wp","href":"https:\/\/api.w.org\/{rel}","templated":true}]}}