{"id":768,"date":"2020-05-17T23:44:55","date_gmt":"2020-05-17T22:44:55","guid":{"rendered":"https:\/\/gem.pt\/@teste\/?page_id=768"},"modified":"2025-02-14T22:17:51","modified_gmt":"2025-02-14T22:17:51","slug":"socio-gem","status":"publish","type":"page","link":"https:\/\/gem.pt\/1\/socio-gem\/","title":{"rendered":"S\u00f3cio GEM"},"content":{"rendered":"<h1>S\u00f3cio GEM<\/h1>\n<p>Fa\u00e7a parte desta fam\u00edlia.<\/p>\n<p>O GEM pertence aos s\u00f3cios, e quando se\u00a0junta\u00a0ao\u00a0Grupo de Espeleologia e Montanhismo, o associado passa a fazer parte do dia a dia do grupo, integrando a fam\u00edlia GEM, promovendo entre todos\u00a0o desenvolvimento do GEM nas suas atividades, objetivos e princ\u00edpios.<\/p>\n<p>\t\t\t\t\t\t\t\t\t\t\t\t\t\t\t<img fetchpriority=\"high\" width=\"4799\" height=\"2462\" src=\"https:\/\/gem.pt\/wp-content\/uploads\/2020\/05\/Quem_somos_0_0-scaled-e1589635810557.jpg\" alt=\"\" decoding=\"async\" \/><\/p>\n","protected":false},"excerpt":{"rendered":"<p>S\u00f3cio GEM Fa\u00e7a parte desta fam\u00edlia. O GEM pertence aos s\u00f3cios, e quando se\u00a0junta\u00a0ao\u00a0Grupo de Espeleologia e Montanhismo, o associado passa a fazer parte do dia a dia do grupo, integrando a fam\u00edlia GEM, promovendo entre todos\u00a0o desenvolvimento do GEM nas suas atividades, objetivos e princ\u00edpios.<\/p>\n","protected":false},"author":1,"featured_media":0,"parent":0,"menu_order":8,"comment_status":"closed","ping_status":"closed","template":"","meta":{"footnotes":""},"class_list":["post-768","page","type-page","status-publish","hentry"],"_links":{"self":[{"href":"https:\/\/gem.pt\/1\/wp-json\/wp\/v2\/pages\/768","targetHints":{"allow":["GET"]}}],"collection":[{"href":"https:\/\/gem.pt\/1\/wp-json\/wp\/v2\/pages"}],"about":[{"href":"https:\/\/gem.pt\/1\/wp-json\/wp\/v2\/types\/page"}],"author":[{"embeddable":true,"href":"https:\/\/gem.pt\/1\/wp-json\/wp\/v2\/users\/1"}],"replies":[{"embeddable":true,"href":"https:\/\/gem.pt\/1\/wp-json\/wp\/v2\/comments?post=768"}],"version-history":[{"count":0,"href":"https:\/\/gem.pt\/1\/wp-json\/wp\/v2\/pages\/768\/revisions"}],"wp:attachment":[{"href":"https:\/\/gem.pt\/1\/wp-json\/wp\/v2\/media?parent=768"}],"curies":[{"name":"wp","href":"https:\/\/api.w.org\/{rel}","templated":true}]}}