{"id":850,"date":"2020-05-21T14:15:08","date_gmt":"2020-05-21T13:15:08","guid":{"rendered":"https:\/\/gem.pt\/@teste\/?page_id=850"},"modified":"2025-05-06T22:42:18","modified_gmt":"2025-05-06T21:42:18","slug":"projetos","status":"publish","type":"page","link":"https:\/\/gem.pt\/1\/projetos\/","title":{"rendered":"Projetos"},"content":{"rendered":"<h1>Projetos<\/h1>\n<p style=\"text-align: left;\">Que projetos existem no GEM?<img fetchpriority=\"high\" decoding=\"async\" src=\"https:\/\/gem.pt\/wp-content\/uploads\/2020\/05\/Projetos_0_1-854x1024.jpg\" alt=\"\" width=\"424\" height=\"350\" \/><\/p>\n<p>Em todas as \u00e1reas de atividade a que o GEM se dedica existem projetos espec\u00edficos que se encontram em desenvolvimento.<\/p>\n<p>Toda a din\u00e2mica destes se desenvolve, na sua totalidade ou em determinados per\u00edodos, por uma constante colabora\u00e7\u00e3o entre o GEM e outras associa\u00e7\u00f5es tanto nacionais, como internacionais<\/p>\n<p>\u00a0<\/p>\n<p>\u00a0<\/p>\n<p>\u00a0<\/p>\n<p>Projetos atualmente em curso no GEM<\/p>\n<ul>\n<li>\n\t\t\t\t\t\t\t\t\t\t\t<a href=\"\/1\/index.php\/projetos\/climatologia\/\"><br \/>\n\t\t\t\t\t\t\t\t\t\t<strong style=\"font-size: 20px; text-align: left;\">Projeto de Climatologia<\/strong><br \/>ECGPC - Estudo Climatol\u00f3gico das Grutas de Portugal Continental<br \/>\n\t\t\t\t\t\t\t\t\t\t\t<\/a>\n\t\t\t\t\t\t\t\t\t<\/li>\n<li>\n\t\t\t\t\t\t\t\t\t\t\t<a href=\"\/1\/index.php\/projetos\/espeleo-polje\/\"><br \/>\n\t\t\t\t\t\t\t\t\t\t<strong style=\"font-size: 20px; text-align: left;\">Projeto Espeleo-Polje<\/strong><br \/>Explora\u00e7\u00e3o e estudo das grutas associadas \u00e0s nascentes c\u00e1rsicas do Polje de Minde<br \/>\n\t\t\t\t\t\t\t\t\t\t\t<\/a>\n\t\t\t\t\t\t\t\t\t<\/li>\n<li>\n\t\t\t\t\t\t\t\t\t\t\t<a href=\"\/1\/index.php\/projetos\/prospecao-em-pnsac\/\"><br \/>\n\t\t\t\t\t\t\t\t\t\t<strong style=\"font-size: 20px; text-align: left;\">Projeto de Prospe\u00e7\u00e3o em PNSAC<\/strong><br \/>Projeto de prospe\u00e7\u00e3o e verifica\u00e7\u00e3o de pontos no Parque Natural das Serras de Aire e Candeeiros (PNSAC)<br \/>\n\t\t\t\t\t\t\t\t\t\t\t<\/a>\n\t\t\t\t\t\t\t\t\t<\/li>\n<li>\n\t\t\t\t\t\t\t\t\t\t\t<a href=\"\/1\/index.php\/projetos\/cabelo-dos-alecrineiros\/\"><br \/>\n\t\t\t\t\t\t\t\t\t\t<strong style=\"font-size: 20px; text-align: left;\">Projeto Cabe\u00e7o dos Alecrineiros<\/strong><br \/>Prospe\u00e7\u00e3o, Levantamento e Explora\u00e7\u00e3o no Cabe\u00e7o dos Alecrineiros<br \/>\n\t\t\t\t\t\t\t\t\t\t\t<\/a>\n\t\t\t\t\t\t\t\t\t<\/li>\n<li>\n\t\t\t\t\t\t\t\t\t\t\t<a href=\"\/1\/index.php\/projetos\/espeleocota\/\"><br \/>\n\t\t\t\t\t\t\t\t\t\t<strong style=\"font-size: 20px; text-align: left;\">Projeto Espeleocota<\/strong><br \/>Levantamento topogr\u00e1fico e geol\u00f3gico de cavidades de origem fre\u00e1tica do Maci\u00e7o Calc\u00e1rio Estremenho e sua envolvente<br \/>\n\t\t\t\t\t\t\t\t\t\t\t<\/a>\n\t\t\t\t\t\t\t\t\t<\/li>\n<li>\n\t\t\t\t\t\t\t\t\t\t\t<a href=\"\/1\/index.php\/projetos\/olho-da-mata\/\"><br \/>\n\t\t\t\t\t\t\t\t\t\t<strong style=\"font-size: 20px; text-align: left;\">Projeto Vale da Trave \u2013 Moitas Venda<\/strong><br \/>Levantamento topogr\u00e1fico e geol\u00f3gico de cavidades c\u00e1rsicas situadas no corredor Vale da Trave \u2013 Moitas Venda<br \/>\n\t\t\t\t\t\t\t\t\t\t\t<\/a>\n\t\t\t\t\t\t\t\t\t<\/li>\n<li>\n\t\t\t\t\t\t\t\t\t\t\t<a href=\"\/1\/index.php\/projetos\/espeleo-barlavento\/\"><br \/>\n\t\t\t\t\t\t\t\t\t\t<strong style=\"font-size: 20px; text-align: left;\">Projeto Espeleo-Barlavento<\/strong><br \/>Estudo, inventaria\u00e7\u00e3o e topografia das cavidades do litoral Algarvio<br \/>\n\t\t\t\t\t\t\t\t\t\t\t<\/a>\n\t\t\t\t\t\t\t\t\t<\/li>\n<li>\n\t\t\t\t\t\t\t\t\t\t\t<a href=\"\/1\/index.php\/projetos\/projeto-espeleologico-valongo\/\"><br \/>\n\t\t\t\t\t\t\t\t\t\t<strong style=\"font-size: 20px; text-align: left;\">Projeto Espeleol\u00f3gico-Valongo<\/strong><br \/>Explora\u00e7\u00e3o espeleol\u00f3gica da vertente Nordeste da Serra de Sta. Justa, Valongo<br \/>\n\t\t\t\t\t\t\t\t\t\t\t<\/a>\n\t\t\t\t\t\t\t\t\t<\/li>\n<li>\n\t\t\t\t\t\t\t\t\t\t\t<a href=\"\/1\/index.php\/projetos\/monitorizacao-de-morcegos\/\"><br \/>\n\t\t\t\t\t\t\t\t\t\t<strong style=\"font-size: 20px; text-align: left;\">Monitoriza\u00e7\u00e3o de Quir\u00f3pteros<\/strong><br \/>Monitoriza\u00e7\u00f5es de Morcegos Cavern\u00edcolas<br \/>\n\t\t\t\t\t\t\t\t\t\t\t<\/a>\n\t\t\t\t\t\t\t\t\t<\/li>\n<li>\n\t\t\t\t\t\t\t\t\t\t\t<a href=\"\/1\/index.php\/projetos\/alcobertas\/\"><br \/>\n\t\t\t\t\t\t\t\t\t\t<strong style=\"font-size: 20px; text-align: left;\">Projeto Alcobertas<\/strong><br \/>Levantamento de coordenadas e topografia das cavidades da regi\u00e3o de Alcobertas<br \/>\n\t\t\t\t\t\t\t\t\t\t\t<\/a>\n\t\t\t\t\t\t\t\t\t<\/li>\n<li>\n\t\t\t\t\t\t\t\t\t\t\t<a href=\"\/1\/index.php\/projetos\/projeto-espeleologico-parque-biologico-de-gaia\/\"><br \/>\n\t\t\t\t\t\t\t\t\t\t<strong style=\"font-size: 20px; text-align: left;\">Projeto Espeleol\u00f3gico Parque Biol\u00f3gico de Gaia<\/strong><br \/>Levantamento Espeleol\u00f3gico das Minas de \u00c1gua do Parque Biol\u00f3gico de Gaia \u2013 1\u00aa Fase<br \/>\n\t\t\t\t\t\t\t\t\t\t\t<\/a>\n\t\t\t\t\t\t\t\t\t<\/li>\n<li>\n\t\t\t\t\t\t\t\t\t\t\t<a href=\"\/1\/index.php\/projetos\/projeto-espeleologico-de-valongo-ao-paraiso\/\"><br \/>\n\t\t\t\t\t\t\t\t\t\t<strong style=\"font-size: 20px; text-align: left;\">De Valongo ao Para\u00edso<\/strong><br \/>Projeto Espeleol\u00f3gico do patrim\u00f3nio mineiro do concelho de Valongo<br \/>\n\t\t\t\t\t\t\t\t\t\t\t<\/a>\n\t\t\t\t\t\t\t\t\t<\/li>\n<\/ul>\n","protected":false},"excerpt":{"rendered":"<p>Projetos Que projetos existem no GEM? Em todas as \u00e1reas de atividade a que o GEM se dedica existem projetos espec\u00edficos que se encontram em desenvolvimento. Toda a din\u00e2mica destes se desenvolve, na sua totalidade ou em determinados per\u00edodos, por uma constante colabora\u00e7\u00e3o entre o GEM e outras associa\u00e7\u00f5es tanto nacionais, como internacionais \u00a0 \u00a0 [&hellip;]<\/p>\n","protected":false},"author":1,"featured_media":0,"parent":0,"menu_order":4,"comment_status":"closed","ping_status":"closed","template":"","meta":{"footnotes":""},"class_list":["post-850","page","type-page","status-publish","hentry"],"_links":{"self":[{"href":"https:\/\/gem.pt\/1\/wp-json\/wp\/v2\/pages\/850","targetHints":{"allow":["GET"]}}],"collection":[{"href":"https:\/\/gem.pt\/1\/wp-json\/wp\/v2\/pages"}],"about":[{"href":"https:\/\/gem.pt\/1\/wp-json\/wp\/v2\/types\/page"}],"author":[{"embeddable":true,"href":"https:\/\/gem.pt\/1\/wp-json\/wp\/v2\/users\/1"}],"replies":[{"embeddable":true,"href":"https:\/\/gem.pt\/1\/wp-json\/wp\/v2\/comments?post=850"}],"version-history":[{"count":0,"href":"https:\/\/gem.pt\/1\/wp-json\/wp\/v2\/pages\/850\/revisions"}],"wp:attachment":[{"href":"https:\/\/gem.pt\/1\/wp-json\/wp\/v2\/media?parent=850"}],"curies":[{"name":"wp","href":"https:\/\/api.w.org\/{rel}","templated":true}]}}