{"id":867,"date":"2020-05-21T19:03:20","date_gmt":"2020-05-21T18:03:20","guid":{"rendered":"https:\/\/gem.pt\/@teste\/?page_id=867"},"modified":"2025-05-18T11:06:23","modified_gmt":"2025-05-18T10:06:23","slug":"formacao","status":"publish","type":"page","link":"https:\/\/gem.pt\/1\/formacao\/","title":{"rendered":"Forma\u00e7\u00e3o"},"content":{"rendered":"<h1>Forma\u00e7\u00e3o<\/h1>\n<p>\t\t\t\t\t\t\t\t\t\t\t\t\t\t\t<img fetchpriority=\"high\" width=\"2848\" height=\"4288\" src=\"https:\/\/gem.pt\/wp-content\/uploads\/2020\/05\/Formacao_0_1-scaled.jpg\" alt=\"\" decoding=\"async\" \/><br \/>\n\t\tO GEM \u00e9, acima de tudo, um grupo de pessoas. E para o GEM, as pessoas est\u00e3o sempre em primeiro lugar, pois \u00e9 para elas que o grupo existe e trabalha.\u00a0O GEM deseja que o seu corpo associativo esteja permanentemente motivado e com altos n\u00edveis de qualifica\u00e7\u00e3o. Pretende-se acima de tudo dar condi\u00e7\u00f5es para que todos enrique\u00e7am os seus conhecimentos garantindo no futuro a continuidade do grupo e a renova\u00e7\u00e3o permanente de conhecimentos, sempre assentes em condi\u00e7\u00f5es de alta seguran\u00e7a<img decoding=\"async\" src=\"https:\/\/gem.pt\/wp-content\/uploads\/2020\/05\/Formacao_0_2-scaled.jpg\" alt=\"\" width=\"450\" height=\"300\" \/>\u00a0Neste sentido, o GEM preocupa-se em ter uma componente de forma\u00e7\u00e3o muito desenvolvida e sempre atual. A forma\u00e7\u00e3o que o GEM disponibiliza dirige-se tanto aos seus s\u00f3cios como a pessoas que ainda n\u00e3o sejam s\u00f3cias, com condi\u00e7\u00f5es espec\u00edficas para cada um dos casos.\u00a0\u00a0<\/p>\n<p>Forma\u00e7\u00e3o no GEM<\/p>\n<p>Os cursos de forma\u00e7\u00e3o que atualmente s\u00e3o administrados no GEM s\u00e3o os seguintes:<\/p>\n<ul>\n<li style=\"list-style-type: none;\">\n<ul>\n<li><u style=\"caret-color: #000000; color: #000000; font-family: Questrial; letter-spacing: normal; white-space: pre-line;\"><a style=\"color: inherit;\" title=\"\" href=\"https:\/\/gem.pt\/1\/formacao\/iniciacao-a-espeleologia\/\" type=\"\" data-attached-link=\"{\">Curso de Inicia\u00e7\u00e3o \u00e0 Espeleologia (N\u00edvel I FPE)<\/a><\/u><\/li>\n<li><u style=\"caret-color: #000000; color: #000000; font-family: Questrial; letter-spacing: normal; white-space: pre-line;\"><a style=\"color: inherit;\" title=\"\" href=\"https:\/\/gem.pt\/1\/formacao\/espeleologia-nivel-ii\/\" type=\"\" data-attached-link=\"{\">Curso de Espeleologia N\u00edvel II (com certifica\u00e7\u00e3o FPE)<\/a><\/u><\/li>\n<li><u style=\"caret-color: #000000; color: #000000; font-family: Questrial; letter-spacing: normal; white-space: pre-line;\"><a style=\"color: inherit;\" title=\"\" href=\"https:\/\/gem.pt\/1\/formacao\/canyoning-autonomia\/\" type=\"\" data-attached-link=\"{\">Curso de Canyoning Autonomia<\/a><\/u><\/li>\n<li><u style=\"caret-color: #000000; color: #000000; font-family: Questrial; letter-spacing: normal; white-space: pre-line;\"><a style=\"color: inherit;\" title=\"\" href=\"https:\/\/gem.pt\/1\/formacao\/iniciacao-ao-alpinismo\/\" type=\"\" data-attached-link=\"{\">Curso de Inicia\u00e7\u00e3o ao Alpinismo<\/a><\/u><\/li>\n<li><u style=\"caret-color: #000000; color: #000000; font-family: Questrial; letter-spacing: normal; white-space: pre-line;\"><a style=\"color: inherit;\" title=\"\" href=\"https:\/\/gem.pt\/1\/formacao\/iniciacao-ao-montanhismo\/\" type=\"\" data-attached-link=\"{\">Curso de Inicia\u00e7\u00e3o ao Montanhismo<\/a><\/u><\/li>\n<\/ul>\n<\/li>\n<\/ul>\n<hr \/>\n<p>\u00a0<\/p>\n<p>Pr\u00f3ximas a\u00e7\u00f5es de forma\u00e7\u00e3o<\/p>\n<p>\u00a0Consulte no <a href=\"https:\/\/gem.pt\/1\/atividades\/plano-atividades\/\">Plano de Atividades<\/a> do GEM.<\/p>\n<hr \/>\n<p>\u00a0<\/p>\n<p>A\u00e7\u00f5es de forma\u00e7\u00e3o anteriores<\/p>\n<ul style=\"letter-spacing: normal; margin-right: 0px; margin-bottom: 0px; padding-right: 0.3em; padding-left: 2em; clear: both; caret-color: #000000; color: #000000; font-family: Questrial; text-align: justify; white-space: pre-line;\">\n<li style=\"padding: 0px; line-height: 0.5; text-align: left;\" data-line-height=\"0.5\"><u><a style=\"color: #000000;\" href=\"\/wp-content\/uploads\/2020\/09\/Curso-de-Iniciacao-ao-Canyoning_GEM_ICA-2019.pdf\">2019 - Curso de Inicia\u00e7\u00e3o ao Canyoning (Agosto)<\/a><\/u><\/li>\n<li style=\"padding: 0px; line-height: 0.5; text-align: left;\" data-line-height=\"0.5\"><u><\/u><u style=\"letter-spacing: 0px;\"><a style=\"color: #000000;\" href=\"\/wp-content\/uploads\/2020\/09\/Batismo_A-Descoberta-das-Grutas_18-Maio-2019.pdf\">2019 -\u00a0Batismo -\u00a0\u00c0\u00a0Descoberta das Grutas\u00a02019 (Maio)<\/a><\/u><\/li>\n<li style=\"padding: 0px; line-height: 0.5; text-align: left;\" data-line-height=\"0.5\"><u><a style=\"color: #000000;\" href=\"\/wp-content\/uploads\/2020\/09\/A-Descoberta-da-Espeleologia_Nivel-I_Abril2019.pdf\">2019\u00a0-\u00a0Curso N\u00edvel I -\u00a0\u00c0 Descoberta da Espeleologia (Abril)<\/a><\/u><u><\/u><\/li>\n<\/ul>\n<p>\u00a0<\/p>\n<ul style=\"letter-spacing: normal; margin-right: 0px; margin-bottom: 0px; padding-right: 0.3em; padding-left: 2em; clear: both; caret-color: #000000; color: #000000; font-family: Questrial; text-align: justify; white-space: pre-line;\">\n<li style=\"padding: 0px; line-height: 0.5; text-align: left;\" data-line-height=\"0.5\"><u><a style=\"color: #000000;\" href=\"\/wp-content\/uploads\/2020\/09\/Curso-de-Iniciacao-a-Espeleologia_Nivel-II_2018.pdf\">2018\u00a0- Curso de Espeleologia N\u00edvel II (Outubro\/Novembro)<\/a><\/u><\/li>\n<li style=\"padding: 0px; line-height: 0.5; text-align: left;\" data-line-height=\"0.5\"><u><a style=\"color: #000000;\" href=\"\/wp-content\/uploads\/2020\/09\/Batismo_A-Descoberta-das-Grutas_21-Outubro.pdf\">2018 -\u00a0Batismo -\u00a0\u00c0\u00a0Descoberta das Grutas\u00a02018 (Outubro)<\/a><\/u><\/li>\n<li style=\"padding: 0px; line-height: 0.5; text-align: left;\" data-line-height=\"0.5\"><u><a style=\"color: #000000;\" href=\"\/wp-content\/uploads\/2020\/09\/A-Descoberta-da-Espeleologia_Nivel-I_Abril2018.pdf\">2018 -\u00a0Curso N\u00edvel I -\u00a0\u00c0 Descoberta da Espeleologia (Abril)<\/a><\/u><\/li>\n<li style=\"padding: 0px; line-height: 0.5; text-align: left;\" data-line-height=\"0.5\"><u><a style=\"color: #000000;\" href=\"\/wp-content\/uploads\/2020\/09\/A-Descoberta-da-Espeleologia_Nivel-I_Marco2018.pdf\">2018 -\u00a0Curso N\u00edvel I -\u00a0\u00c0 Descoberta da Espeleologia (Mar\u00e7o)<\/a><\/u><\/li>\n<li style=\"padding: 0px; line-height: 0.5; text-align: left;\" data-line-height=\"0.5\"><u><a style=\"color: #000000;\" href=\"\/wp-content\/uploads\/2020\/09\/INICIACAO-AO-ALPINISMO_TECNICAS-INVERNAIS_2018.pdf\">2018 -\u00a0Inicia\u00e7\u00e3o ao Alpinismo -\u00a0T\u00e9cnicas Invernais 2018 (Janeiro\/Fevereiro)<\/a><\/u><\/li>\n<\/ul>\n<p>\u00a0<\/p>\n<ul style=\"letter-spacing: normal; margin-right: 0px; margin-bottom: 0px; padding-right: 0.3em; padding-left: 2em; clear: both; caret-color: #000000; color: #000000; font-family: Questrial; text-align: justify; white-space: pre-line;\">\n<li style=\"padding: 0px; text-align: left;\"><u><a style=\"color: #000000;\" href=\"\/wp-content\/uploads\/2020\/09\/A-Descoberta-das-Grutas_14-Maio-2017.pdf\">2017 - Curso de Descoberta das Grutas N\u00edvel I (Maio)<\/a><\/u><\/li>\n<li style=\"padding: 0px; text-align: left;\"><u><\/u><u><a style=\"color: #000000;\" href=\"\/wp-content\/uploads\/2020\/09\/A-Descoberta-da-Espeleologia_Nivel-I_Marco-2017.pdf\">2017 - Curso de Descoberta da Espeleologia N\u00edvel I (Mar\u00e7o)<\/a><\/u><\/li>\n<li style=\"padding: 0px; text-align: left;\"><u><\/u><u><a style=\"color: #000000;\" href=\"\/wp-content\/uploads\/2020\/09\/INICIACAO-AO-ALPINISMO_TECNICAS-INVERNAIS_2017.pdf\">2017 - Inicia\u00e7\u00e3o ao Alpinismo\u00a0e T\u00e9cnicas Invernais (Janeiro\/Fevereiro)<\/a><\/u><\/li>\n<\/ul>\n<p>\u00a0<\/p>\n<ul style=\"letter-spacing: normal; margin-right: 0px; margin-bottom: 0px; padding-right: 0.3em; padding-left: 2em; clear: both; caret-color: #000000; color: #000000; font-family: Questrial; text-align: justify; white-space: pre-line;\">\n<li style=\"padding: 0px; text-align: left;\"><u><a style=\"color: #000000;\" href=\"\/wp-content\/uploads\/2020\/09\/Curso-de-Iniciacao-a-Espeleologia_Nivel-II_2016.pdf\">2016 - Inicia\u00e7\u00e3o \u00e0 Espeleologia N\u00edvel II\u00a0(Setembro\/Outubro\/Novembro)<\/a><\/u><\/li>\n<li style=\"padding: 0px; text-align: left;\"><a style=\"color: #000000;\" href=\"\/wp-content\/uploads\/2020\/09\/A-Descoberta-da-Espeleologia_Nivel-I_Marco-2016.pdf\">2016 - Curso de Descoberta da Espeleologia N\u00edvel I (Maio)\u00a0<\/a><\/li>\n<\/ul>\n<p>\u00a0<\/p>\n<ul style=\"letter-spacing: normal; margin-right: 0px; margin-bottom: 0px; padding-right: 0.3em; padding-left: 2em; clear: both; caret-color: #000000; color: #000000; font-family: Questrial; text-align: justify; white-space: pre-line;\">\n<li style=\"padding: 0px;\"><a style=\"color: #000000; text-decoration: underline;\" href=\"\/wp-content\/uploads\/2020\/09\/INICIA\u0627\u0623O-AO-ALPINISMO_TECNICAS-INVERNAIS_2015.pdf\">2015 - Inicia\u00e7\u00e3o ao Alpinismo e T\u00e9cnicas Invernais (Janeiro\/Fevereiro)<\/a><\/li>\n<li style=\"padding: 0px;\"><a style=\"color: #000000; text-decoration: underline;\" href=\"\/wp-content\/uploads\/2020\/09\/A-Descoberta-da-Espeleologia_Nivel-I_2015.pdf\">2015 - \u00c0 Descoberta da Espeleologia (Abril)<\/a><\/li>\n<li style=\"padding: 0px;\"><u><a style=\"color: #000000;\" href=\"\/wp-content\/uploads\/2020\/09\/Curso-de-Iniciacao-a-Espeleologia_Nivel-II_2015.pdf\">2015 - Curso de Espeleologia N\u00edvel II (Setembro\/Outubro\/Novembro)<\/a><\/u><\/li>\n<\/ul>\n<p>\u00a0<\/p>\n<ul style=\"letter-spacing: normal; margin-right: 0px; margin-bottom: 0px; padding-right: 0.3em; padding-left: 2em; clear: both; caret-color: #000000; color: #000000; font-family: Questrial; text-align: justify; white-space: pre-line;\">\n<li style=\"padding: 0px;\"><u><\/u><u><a style=\"color: #000000;\" href=\"\/wp-content\/uploads\/2020\/09\/Iniciacao_ao_Montanhismo_2014.pdf\">2014 - Inicia\u00e7\u00e3o ao Montanhismo (Janeiro)<\/a><\/u><\/li>\n<li style=\"padding: 0px;\"><u><a style=\"color: #000000;\" href=\"\/wp-content\/uploads\/2020\/09\/INICIACAO_AO_ALPINISMO_TECNICAS_INVERNAIS_2014.pdf\">2014 - Inicia\u00e7\u00e3o ao Alpinismo e T\u00e9cnicas Invernais (Fevereiro\/Mar\u00e7o)<\/a><\/u><\/li>\n<li style=\"padding: 0px;\"><a style=\"color: #000000; text-decoration: underline;\" href=\"\/wp-content\/uploads\/2020\/09\/A-Descoberta-da-Espeleologia_Nivel-I_2014.pdf\">2014 - \u00c0 Descoberta da Espeleologia (N\u00edvel I) (Mar\u00e7o)<\/a><\/li>\n<li style=\"padding: 0px;\"><u><\/u><u><a style=\"color: #000000;\" href=\"\/wp-content\/uploads\/2020\/09\/Curso-de-Iniciacao-a-Espeleologia_Nivel-II_2014.pdf\">2014 - Curso de Espeleologia N\u00edvel II (Maio\/Junho)<\/a><\/u><\/li>\n<li style=\"padding: 0px;\"><u><a style=\"color: #000000;\" href=\"\/wp-content\/uploads\/2020\/09\/Curso-de-Iniciacao-a-Espeleologia_Nivel-II_2014-2.pdf\">2014 - Curso de Espeleologia N\u00edvel II (Setembro\/Outubro)<\/a><\/u><\/li>\n<\/ul>\n<p>\u00a0<\/p>\n<ul style=\"letter-spacing: normal; margin-right: 0px; margin-bottom: 0px; padding-right: 0.3em; padding-left: 2em; clear: both; caret-color: #000000; color: #000000; font-family: Questrial; text-align: justify; white-space: pre-line;\">\n<li style=\"padding: 0px;\"><u><a style=\"color: #000000;\" href=\"\/wp-content\/uploads\/2020\/09\/INICIAO-AO-ALPINISMO_TCNICAS-INVERNAIS.pdf\">2013 - Inicia\u00e7\u00e3o do Alpinismo \/ T\u00e9cnicas Invernais (Janeiro e Fevereiro)<\/a><\/u><\/li>\n<li style=\"padding: 0px;\"><u><a style=\"color: #000000;\" href=\"\/wp-content\/uploads\/2020\/09\/Curso_espeleo_nivel-I_2013.pdf\">2013 - Curso de Descoberta da Espeleologia (Mar\u00e7o)<\/a><\/u><\/li>\n<li style=\"padding: 0px;\"><a style=\"color: #000000;\" href=\"\/wp-content\/uploads\/2020\/09\/Curso-nivel-II_2013-.pdf\">2013 - Curso nivel II de Espeleologia (Setembro a Novembro)<\/a><\/li>\n<li style=\"padding: 0px;\"><u><a style=\"color: #000000;\" href=\"\/wp-content\/uploads\/2020\/09\/A_Descoberta_das_Grutas_23112013_2.pdf\">2013 - \u00c0 Descoberta das Grutas (Novembro)<\/a><\/u><\/li>\n<\/ul>\n<p>\u00a0<\/p>\n<ul style=\"letter-spacing: normal; margin-right: 0px; margin-bottom: 0px; padding-right: 0.3em; padding-left: 2em; clear: both; caret-color: #000000; color: #000000; font-family: Questrial; text-align: justify; white-space: pre-line;\">\n<li style=\"padding: 0px;\"><u><a style=\"color: #000000;\" href=\"\/wp-content\/uploads\/2020\/09\/Vem_descobrir_a_Espeleologia_2012.pdf\">2012 - Vem descobrir a Espeleologia (Abril)<\/a><\/u><\/li>\n<li style=\"padding: 0px;\"><u><a style=\"color: #000000;\" href=\"\/wp-content\/uploads\/2020\/09\/Curso_de_Descoberta_da_Espeleologia_Nivel_I_2012_.pdf\">2012 - Curso de Descoberta da Espeleologia (Abril)<\/a><\/u><\/li>\n<li style=\"padding: 0px;\"><a style=\"color: #000000; text-decoration: underline;\" href=\"\/wp-content\/uploads\/2020\/09\/Curso_Nivel_II_Set_2012_1.pdf\">2012 - Curso nivel II de Espeleologia (Setembro a Novembro)<\/a><\/li>\n<\/ul>\n<p>\u00a0<\/p>\n<ul style=\"letter-spacing: normal; margin-right: 0px; margin-bottom: 0px; padding-right: 0.3em; padding-left: 2em; clear: both; caret-color: #000000; color: #000000; font-family: Questrial; text-align: justify; white-space: pre-line;\">\n<li style=\"padding: 0px;\"><u><a style=\"color: #000000;\" href=\"\/wp-content\/uploads\/2020\/09\/GEM-Curso-2010.pdf\">2010 - Curso nivel II de Espeleologia (Abril e Maio)<\/a><\/u><\/li>\n<\/ul>\n","protected":false},"excerpt":{"rendered":"<p>Forma\u00e7\u00e3o O GEM \u00e9, acima de tudo, um grupo de pessoas. E para o GEM, as pessoas est\u00e3o sempre em primeiro lugar, pois \u00e9 para elas que o grupo existe e trabalha.\u00a0O GEM deseja que o seu corpo associativo esteja permanentemente motivado e com altos n\u00edveis de qualifica\u00e7\u00e3o. Pretende-se acima de tudo dar condi\u00e7\u00f5es para [&hellip;]<\/p>\n","protected":false},"author":1,"featured_media":0,"parent":0,"menu_order":2,"comment_status":"closed","ping_status":"closed","template":"","meta":{"footnotes":""},"class_list":["post-867","page","type-page","status-publish","hentry"],"_links":{"self":[{"href":"https:\/\/gem.pt\/1\/wp-json\/wp\/v2\/pages\/867","targetHints":{"allow":["GET"]}}],"collection":[{"href":"https:\/\/gem.pt\/1\/wp-json\/wp\/v2\/pages"}],"about":[{"href":"https:\/\/gem.pt\/1\/wp-json\/wp\/v2\/types\/page"}],"author":[{"embeddable":true,"href":"https:\/\/gem.pt\/1\/wp-json\/wp\/v2\/users\/1"}],"replies":[{"embeddable":true,"href":"https:\/\/gem.pt\/1\/wp-json\/wp\/v2\/comments?post=867"}],"version-history":[{"count":0,"href":"https:\/\/gem.pt\/1\/wp-json\/wp\/v2\/pages\/867\/revisions"}],"wp:attachment":[{"href":"https:\/\/gem.pt\/1\/wp-json\/wp\/v2\/media?parent=867"}],"curies":[{"name":"wp","href":"https:\/\/api.w.org\/{rel}","templated":true}]}}