{"id":8991,"date":"2015-04-23T00:42:33","date_gmt":"2015-04-22T23:42:33","guid":{"rendered":"https:\/\/gem.pt\/1\/?page_id=8991"},"modified":"2021-02-06T17:25:33","modified_gmt":"2021-02-06T17:25:33","slug":"algar-do-lacarote","status":"publish","type":"page","link":"https:\/\/gem.pt\/1\/publicacoes\/carso-e-endocarso\/algar-do-lacarote\/","title":{"rendered":"Algar do La\u00e7arote"},"content":{"rendered":"<figure>\n\t\t\t\t\t\t\t\t\t\t<img decoding=\"async\" src=\"https:\/\/gem.pt\/wp-content\/uploads\/elementor\/thumbs\/Artigo_Algar-do-Lacarote-p2fvni2qhyl8zpksulgc8m7cagf817idiobbaqny5c.jpg\" title=\"Artigo_Algar do Lacarote\" alt=\"Artigo_Algar do Lacarote\" \/><figcaption>Algar do La\u00e7arote<\/figcaption><\/figure>\n<p>\t\t23 de Abril de 2015\u00a0Localiza\u00e7\u00e3o<\/p>\n<figure style=\"width: 361px\"><a href=\"https:\/\/gem.pt\/wp-content\/uploads\/2021\/02\/DSC_0411_final.jpg\"><img fetchpriority=\"high\" decoding=\"async\" src=\"https:\/\/gem.pt\/wp-content\/uploads\/2021\/02\/DSC_0411_final.jpg\" alt=\"\" width=\"361\" height=\"500\" \/><\/a><figcaption style=\"color: #444444; font-family: Questrial; font-size: 14px; background-color: #f0f0f0; padding: 8px;\">Figura 1 \u2013 Algar de acesso<br \/>\n(Foto: Vitor Amendoeira - GEM)<\/figcaption><\/figure>\n<p>O algar do La\u00e7arote fica situado perto do algar da Bajanca, pr\u00f3ximo da localidade de S\u00e3o Bento, no planalto de Sto. Ant\u00f3nio, no Maci\u00e7o Calc\u00e1rio Estremenho.<br \/>\n&nbsp;<br \/>\nO algar \u00e9 composto de um modo grosseiro por dois po\u00e7os, o primeiro com cerca de 15m, a que se segue uma rampa que d\u00e1 acesso a um 2\u00ba po\u00e7o, que n\u00e3o foi nem descido, nem topografado.\u00a0A\u00a0conclus\u00e3o dos trabalhos ficou para outras n\u00fapcias.<br \/>\nAlguns apontamentos de geologia do algar do La\u00e7arote<br \/>\nO algar do La\u00e7arote, segundo a Folha 27-A da Carta geol\u00f3gica de Portugal \u00e0 escala 1\/50000, encontra-se junto do limite entre as forma\u00e7\u00f5es de Calc\u00e1rios biocl\u00e1sticos do Coda\u00e7al e de Calc\u00e1rios micr\u00edticos da Serra de Aire, ambas as forma\u00e7\u00f5es est\u00e3o datadas do Batoniano (Jur\u00e1ssico M\u00e9dio) e s\u00e3o id\u00eanticas relativamente ao potencial de carsifica\u00e7\u00e3o.<br \/>\nA gruta pode ser classificada com um colector \u201cvadose shaft\u201d de acordo com a defini\u00e7\u00e3o de Baro\u00f1, 2003. O controlo estrutural do desenvolvimento da gruta \u00e9 feito por descontinuidades cujas fam\u00edlias t\u00eam atitude N60W\/Vertical, E-W\/ Vertical e N20E\/Vertical. A atitude local das camadas \u00e9 E-W\/4S.As paredes dos po\u00e7os apresentam caneluras de dissolu\u00e7\u00e3o t\u00edpicas de \u201cvadose shafts\u201d.\t\t<\/p>\n<figure>\n\t\t\t\t\t\t\t\t\t\t\t<a href=\"https:\/\/gem.pt\/wp-content\/uploads\/2021\/02\/DSC_0402_final.jpg\" data-elementor-open-lightbox=\"yes\" data-elementor-lightbox-title=\"Figura 2 \u2013 Base do Algar de acesso (Foto: Vitor Amendoeira - GEM)\"><br \/>\n\t\t\t\t\t\t\t<img loading=\"lazy\" decoding=\"async\" width=\"1024\" height=\"680\" src=\"https:\/\/gem.pt\/wp-content\/uploads\/2021\/02\/DSC_0402_final.jpg\" alt=\"\" loading=\"lazy\" \/>\t\t\t\t\t\t\t\t<\/a><figcaption>Figura 2 \u2013 Base do Algar de acesso (Foto: Vitor Amendoeira - GEM)<\/figcaption><\/figure>\n<p>\t\tTopografia por Fotogrametria \u2013 Estudo no Algar do La\u00e7arote<\/p>\n<figure style=\"width: 500px\"><a href=\"https:\/\/gem.pt\/wp-content\/uploads\/2021\/02\/Lacarote8a2.jpg\"><img decoding=\"async\" src=\"https:\/\/gem.pt\/wp-content\/uploads\/2021\/02\/Lacarote8a2.jpg\" alt=\"\" width=\"500\" height=\"227\" \/><\/a><figcaption style=\"color: #444444; font-family: Questrial; font-size: 14px; background-color: #f0f0f0; padding: 8px;\">Figura 3 \u2013 Descida para a entrada onde se encontram os morcegos<br \/>\n(Imagem por fotogrametria: Vitor Toucinho - GEM)<\/figcaption><\/figure>\n<p>Aquando da recolha dos dados para a\u00a0Topografia , foram igualmente recolhidas imagens do Algar, para a realiza\u00e7\u00e3o de um estudo de topografia alternativa \u2013 Topografia por Fotogrametria.&nbsp;<br \/>\nAp\u00f3s v\u00e1rias horas de intenso\u00a0processamento fotogr\u00e1fico,\u00a0obtiveram-se alguns resultados satisfat\u00f3rios, mas ainda existe muito trabalho pela frente para afinar este\u00a0m\u00e9todo de realiza\u00e7\u00e3o de topografia.<br \/>\nTrabalho desenvolvido por\u00a0Vitor Toucinho.\t\t<\/p>\n<figure>\n\t\t\t\t\t\t\t\t\t\t\t<a href=\"https:\/\/gem.pt\/wp-content\/uploads\/2021\/02\/t2.jpg\" data-elementor-open-lightbox=\"yes\"><br \/>\n\t\t\t\t\t\t\t<img decoding=\"async\" src=\"https:\/\/gem.pt\/wp-content\/uploads\/2021\/02\/t2.jpg\" title=\"\" alt=\"\" \/>\t\t\t\t\t\t\t\t<\/a><figcaption>Figura 4 \u2013 Exemplo de medidas no al\u00e7ado lateral (a rampa da esquerda \u00e9 a que d\u00e1 acesso \u00e0 galeria dos morcegos)<\/figcaption><\/figure>\n<figure>\n\t\t\t\t\t\t\t\t\t\t\t<a href=\"https:\/\/gem.pt\/wp-content\/uploads\/2021\/02\/Topo_Lacarote_c_geologia.jpg\" data-elementor-open-lightbox=\"yes\" data-elementor-lightbox-title=\"Figura 5 \u2013 Topografia do Algar do La\u00e7arote\"><br \/>\n\t\t\t\t\t\t\t<img loading=\"lazy\" decoding=\"async\" width=\"1496\" height=\"1877\" src=\"https:\/\/gem.pt\/wp-content\/uploads\/2021\/02\/Topo_Lacarote_c_geologia.jpg\" alt=\"\" loading=\"lazy\" \/>\t\t\t\t\t\t\t\t<\/a><figcaption>Figura 5 \u2013 Topografia do Algar do La\u00e7arote<\/figcaption><\/figure>\n<p>\t\tRefer\u00eancias\u00a0 bibliogr\u00e1ficas&nbsp;<\/p>\n<ul>\n<li>Manupella, G., Telles Antunes, M., Costa Almeida, C.A., Azer\u00eado, A.C., Barbosa, B., Cardoso, J.L., Crispim, J.A., Duarte, L.V., Henriques, M.H., Martins, L.T., Ramalho, M.M.; Santos, V.F.; Terrinha. P.; (2000). Carta Geol\u00f3gica de Portugal \u2013 Vila Nova de Our\u00e9m, Folha 27-A, \u00e1 escala 1:50000, e Nota explicativa, Instituto Geol\u00f3gico e Mineiro, Lisboa.<\/li>\n<li>Baro\u00f1, Ivo (2003) \u2013 Speleogenesis along subv ertical joints: A model of plateau karstshaft development: A case study: the Doln\u00fd Vrch Plateau (Slovak Republic), Cave&amp;Karst Science 29 (1), 2002, 5-12.\u00a0 010<\/li>\n<\/ul>\n<p>Explora\u00e7\u00e3o e topografia: Andreia Monteiro (LPN-CEAE), Ros\u00e1rio Fernandes (LPN-CEAE) e Sandra Lopes (GEM\/ LPN-CEAE)<br \/>\nArte final: Sandra Lopes (GEM\/CEAE-LPN)<br \/>\nTexto e geologia: Paulo Rodrigues<\/p>\n","protected":false},"excerpt":{"rendered":"<p>Algar do La\u00e7arote 23 de Abril de 2015\u00a0Localiza\u00e7\u00e3o Figura 1 \u2013 Algar de acesso (Foto: Vitor Amendoeira &#8211; GEM) O algar do La\u00e7arote fica situado perto do algar da Bajanca, pr\u00f3ximo da localidade de S\u00e3o Bento, no planalto de Sto. Ant\u00f3nio, no Maci\u00e7o Calc\u00e1rio Estremenho. &nbsp; O algar \u00e9 composto de um modo grosseiro por [&hellip;]<\/p>\n","protected":false},"author":12,"featured_media":0,"parent":1574,"menu_order":0,"comment_status":"closed","ping_status":"closed","template":"","meta":{"footnotes":""},"class_list":["post-8991","page","type-page","status-publish","hentry"],"_links":{"self":[{"href":"https:\/\/gem.pt\/1\/wp-json\/wp\/v2\/pages\/8991","targetHints":{"allow":["GET"]}}],"collection":[{"href":"https:\/\/gem.pt\/1\/wp-json\/wp\/v2\/pages"}],"about":[{"href":"https:\/\/gem.pt\/1\/wp-json\/wp\/v2\/types\/page"}],"author":[{"embeddable":true,"href":"https:\/\/gem.pt\/1\/wp-json\/wp\/v2\/users\/12"}],"replies":[{"embeddable":true,"href":"https:\/\/gem.pt\/1\/wp-json\/wp\/v2\/comments?post=8991"}],"version-history":[{"count":0,"href":"https:\/\/gem.pt\/1\/wp-json\/wp\/v2\/pages\/8991\/revisions"}],"up":[{"embeddable":true,"href":"https:\/\/gem.pt\/1\/wp-json\/wp\/v2\/pages\/1574"}],"wp:attachment":[{"href":"https:\/\/gem.pt\/1\/wp-json\/wp\/v2\/media?parent=8991"}],"curies":[{"name":"wp","href":"https:\/\/api.w.org\/{rel}","templated":true}]}}