{"id":9008,"date":"2015-03-01T13:24:41","date_gmt":"2015-03-01T13:24:41","guid":{"rendered":"https:\/\/gem.pt\/1\/?page_id=9008"},"modified":"2021-02-06T17:24:36","modified_gmt":"2021-02-06T17:24:36","slug":"algar-casal-velho-i","status":"publish","type":"page","link":"https:\/\/gem.pt\/1\/publicacoes\/carso-e-endocarso\/algar-casal-velho-i\/","title":{"rendered":"Algar Casal Velho I"},"content":{"rendered":"<figure>\n\t\t\t\t\t\t\t\t\t\t<img decoding=\"async\" src=\"https:\/\/gem.pt\/wp-content\/uploads\/elementor\/thumbs\/Artigo_Algar-Casal-Velho-I-p2fvnw6bch4jtv0bk9jqs0n978hq8o2ckm3lhw31k0.jpg\" title=\"Artigo_Algar Casal Velho I\" alt=\"Artigo_Algar Casal Velho I\" \/><figcaption>Algar Casal Velho I<\/figcaption><\/figure>\n<p>\t\t1 de Mar\u00e7o de 2015Introdu\u00e7\u00e3o<br \/>\n&nbsp;Em Mar\u00e7o de 2015, durante uma atividade de verifica\u00e7\u00e3o do cadastro do grupo de S\u00e3o Bento\u00a0realizada pelo GEM, foi feita uma\u00a0visita\u00a0ao ponto marcado como Casal Velho I. Os trabalhos de campo da topografia aqui publicada foram realizados por Vitor Amendoeira, Tiago Matias, Denise Fialho\u00a0e Ana Anjo do GEM.<br \/>\nLocaliza\u00e7\u00e3o<br \/>\n&nbsp;O algar localiza-se indo de S. Bento para o Casal Velho em sitio Jo\u00e3o Malh\u00e3o, planalto de Sto. Ant\u00f3nio no Maci\u00e7o Calc\u00e1rio Estremenho.<br \/>\nDescri\u00e7\u00e3o<br \/>\n&nbsp;Entrada larga com Figueira a brotar na boca bem v\u00edsivel. Na zona abundam os cerrados e infelizmente este algar tem sido usado, como dep\u00f3sito de cad\u00e1veres. A vertical de 21m termina num cone de blocos enquanto dep\u00f3sito de lixo e cad\u00e1veres de animais. Um ressalto  de 0,80cm para uma pequena sala  repleta de ossos. Para SW uma descontinuidade esta tamb\u00e9m culmatada de ossos que antev\u00ea um prolongamento.<br \/>\nTopografia<br \/>\n\t\t\t\t\t\t\t\t\t\t\t<a href=\"https:\/\/gem.pt\/wp-content\/uploads\/2021\/02\/Algar_Casal_Velho_.jpg\" data-elementor-open-lightbox=\"yes\" data-elementor-lightbox-title=\"Algar_Casal_Velho_I\"><br \/>\n\t\t\t\t\t\t\t<img loading=\"lazy\" decoding=\"async\" width=\"1199\" height=\"1759\" src=\"https:\/\/gem.pt\/wp-content\/uploads\/2021\/02\/Algar_Casal_Velho_.jpg\" alt=\"\" loading=\"lazy\" \/>\t\t\t\t\t\t\t\t<\/a><br \/>\n\t\t\u00a0Texto: Vitor Amendoeira\u00a0<\/p>\n","protected":false},"excerpt":{"rendered":"<p>Algar Casal Velho I 1 de Mar\u00e7o de 2015Introdu\u00e7\u00e3o &nbsp;Em Mar\u00e7o de 2015, durante uma atividade de verifica\u00e7\u00e3o do cadastro do grupo de S\u00e3o Bento\u00a0realizada pelo GEM, foi feita uma\u00a0visita\u00a0ao ponto marcado como Casal Velho I. Os trabalhos de campo da topografia aqui publicada foram realizados por Vitor Amendoeira, Tiago Matias, Denise Fialho\u00a0e Ana Anjo [&hellip;]<\/p>\n","protected":false},"author":3,"featured_media":0,"parent":1574,"menu_order":0,"comment_status":"closed","ping_status":"closed","template":"","meta":{"footnotes":""},"class_list":["post-9008","page","type-page","status-publish","hentry"],"_links":{"self":[{"href":"https:\/\/gem.pt\/1\/wp-json\/wp\/v2\/pages\/9008","targetHints":{"allow":["GET"]}}],"collection":[{"href":"https:\/\/gem.pt\/1\/wp-json\/wp\/v2\/pages"}],"about":[{"href":"https:\/\/gem.pt\/1\/wp-json\/wp\/v2\/types\/page"}],"author":[{"embeddable":true,"href":"https:\/\/gem.pt\/1\/wp-json\/wp\/v2\/users\/3"}],"replies":[{"embeddable":true,"href":"https:\/\/gem.pt\/1\/wp-json\/wp\/v2\/comments?post=9008"}],"version-history":[{"count":0,"href":"https:\/\/gem.pt\/1\/wp-json\/wp\/v2\/pages\/9008\/revisions"}],"up":[{"embeddable":true,"href":"https:\/\/gem.pt\/1\/wp-json\/wp\/v2\/pages\/1574"}],"wp:attachment":[{"href":"https:\/\/gem.pt\/1\/wp-json\/wp\/v2\/media?parent=9008"}],"curies":[{"name":"wp","href":"https:\/\/api.w.org\/{rel}","templated":true}]}}