{"id":9646,"date":"2021-02-27T21:55:11","date_gmt":"2021-02-27T21:55:11","guid":{"rendered":"https:\/\/gem.pt\/1\/?page_id=9646"},"modified":"2025-11-19T20:54:14","modified_gmt":"2025-11-19T20:54:14","slug":"contenda-o-regresso-aos-banhos","status":"publish","type":"page","link":"https:\/\/gem.pt\/1\/publicacoes\/carso-e-endocarso\/contenda-o-regresso-aos-banhos\/","title":{"rendered":"Contenda &#8211; O Regresso aos Banhos"},"content":{"rendered":"<figure>\n\t\t\t\t\t\t\t\t\t\t<img decoding=\"async\" src=\"https:\/\/gem.pt\/wp-content\/uploads\/elementor\/thumbs\/20200815-P8150017-rcr6qk461f363nycegql4og7gjpl1n46ar3ghjj6hs.jpg\" title=\"\" alt=\"\" loading=\"lazy\" \/><figcaption>Contenda - O Regresso aos Banhos<\/figcaption><\/figure>\n<p>\t\t27 de Fevereiro de 2021\u00a0Com a obten\u00e7\u00e3o de autoriza\u00e7\u00e3o do ICNF voltou-se \u00e0s atividades na gruta da Contenda, desta feita aos espeleomergulhos. A \u00faltima atividade realizada na gruta, no \u00e2mbito do Projeto Contenda, tinha sido em 2015 na galeria SPE 66. O \u00faltimo espeleomergulho datava j\u00e1 de 2013, realizado na galeria do Rio por Ant\u00f3nio Mendes (NEUA).\u00a0Ap\u00f3s o interregno de alguns anos voltou a haver vontade, uma nova equipa de mergulhadores, uma autoriza\u00e7\u00e3o do ICNF (Instituto de Conserva\u00e7\u00e3o da Natureza e Florestas) e a comunidade espeleol\u00f3gica voltou a dizer presente neste esfor\u00e7o.\u00a0A equipa de mergulhadores foi composta por Jos\u00e9 M\u00e1rio Ventura e Joana Capitani (ambos do GEM) com a organiza\u00e7\u00e3o das atividades a cabo de Pedro Robalo. Como habitual participaram espele\u00f3logos s\u00f3cios de v\u00e1rias associa\u00e7\u00f5es a saber, por ordem alfab\u00e9tica: ARCM, AESDA, GEONAUTA, GEM, GEMA, NAMMI, NEL e v\u00e1rios n\u00e3o afiliados.\u00a0A autoriza\u00e7\u00e3o do ICNF foi concedida ao Grupo de Espeleologia e Montanhismo (GEM) que foi a entidade organizadora das atividades doravante descritas.\u00a0Os objetivos da atividade deste ano foram dar a conhecer a gruta da Contenda a um novo grupo de espele\u00f3logos e realizar um novo mergulho na galeria do Rio. Sobre os mergulhos anteriores aconselhamos a leitura dos textos que podem ser acedidos em\u00a0<a style=\"font-size: 16px; letter-spacing: 0px;\" href=\"https:\/\/nalga.wordpress.com\/2013\/10\/02\/contenda-2013\/\" target=\"_blank\" rel=\"noreferrer noopener\">https:\/\/nalga.wordpress.com\/2013\/10\/02\/contenda-2013\/<\/a> e <a style=\"font-size: 16px; letter-spacing: 0px;\" href=\"https:\/\/nalga.wordpress.com\/2011\/09\/04\/gruta-da-contenda-2011-a-exploracao-continua\/\" target=\"_blank\" rel=\"noreferrer noopener\">https:\/\/nalga.wordpress.com\/2011\/09\/04\/gruta-da-contenda-2011-a-exploracao-continua\/<\/a>\u00a0O objetivo do mergulho era permitir o reconhecimento da parte imersa da galeria do Rio j\u00e1 mergulhada anteriormente para posteriormente lan\u00e7ar um novo esfor\u00e7o de explora\u00e7\u00e3o na parte imersa da gruta.\u00a0Segue-se um \"di\u00e1rio das atividades\".<\/p>\n<p>12\/08\/2020<\/p>\n<p><strong>Trabalhos realizados:<\/strong> Reconhecimento da gruta. Verifica\u00e7\u00e3o do n\u00edvel da \u00e1gua, verifica\u00e7\u00e3o de ancoragens e substitui\u00e7\u00e3o de cordas. Teste de inv\u00f3lucro de prote\u00e7\u00e3o das garrafas de mergulho. As cordas que se encontravam na gruta foram substitu\u00eddas por novas, por j\u00e1 n\u00e3o apresentarem condi\u00e7\u00f5es de seguran\u00e7a. Verificou-se que o n\u00edvel de \u00e1gua ainda estava quase no topo do po\u00e7o que faz o acesso \u00e0 galeria do Rio.\u00a0Apesar do n\u00edvel da \u00e1gua ainda estar alto, dado o adiantado do Ver\u00e3o e quest\u00f5es de agenda, optou-se por come\u00e7ar os preparativos para o mergulho na galeria do Rio. \t\t<\/p>\n<figure>\n\t\t\t\t\t\t\t\t\t\t\t<a href=\"https:\/\/gem.pt\/wp-content\/uploads\/2021\/02\/img-20200816-wa0004.jpg\" data-elementor-open-lightbox=\"yes\" data-e-action-hash=\"#elementor-action%3Aaction%3Dlightbox%26settings%3DeyJpZCI6OTY3MiwidXJsIjoiaHR0cHM6XC9cL2dlbS5wdFwvd3AtY29udGVudFwvdXBsb2Fkc1wvMjAyMVwvMDJcL2ltZy0yMDIwMDgxNi13YTAwMDQuanBnIn0%3D\"><br \/>\n\t\t\t\t\t\t\t<img fetchpriority=\"high\" width=\"433\" height=\"577\" src=\"https:\/\/gem.pt\/wp-content\/uploads\/2021\/02\/img-20200816-wa0004.jpg\" alt=\"\" decoding=\"async\" \/>\t\t\t\t\t\t\t\t<\/a><figcaption>Figura 1 - Algum do equipamento transportado<\/figcaption><\/figure>\n<figure>\n\t\t\t\t\t\t\t\t\t\t\t<a href=\"https:\/\/gem.pt\/wp-content\/uploads\/2021\/02\/img-20200822-wa0002.jpg\" data-elementor-open-lightbox=\"yes\" data-e-action-hash=\"#elementor-action%3Aaction%3Dlightbox%26settings%3DeyJpZCI6OTY3MywidXJsIjoiaHR0cHM6XC9cL2dlbS5wdFwvd3AtY29udGVudFwvdXBsb2Fkc1wvMjAyMVwvMDJcL2ltZy0yMDIwMDgyMi13YTAwMDIuanBnIn0%3D\"><br \/>\n\t\t\t\t\t\t\t<img width=\"433\" height=\"577\" src=\"https:\/\/gem.pt\/wp-content\/uploads\/2021\/02\/img-20200822-wa0002.jpg\" alt=\"\" decoding=\"async\" \/>\t\t\t\t\t\t\t\t<\/a><figcaption>Figura 2 - Equipa em progress\u00e3o<\/figcaption><\/figure>\n<p>15\/08\/2020<\/p>\n<p><strong>Trabalhos realizados:<\/strong>\u00a0Transporte de equipamento de mergulho at\u00e9 \u00e0 galeria SPE 66. Verifica\u00e7\u00e3o do n\u00edvel de \u00e1gua. Fotografia e filmagem da gruta e transporte do equipamento. O n\u00edvel de \u00e1gua encontrava-se 2,5m abaixo da 1\u00aa amarra\u00e7\u00e3o do po\u00e7o de acesso \u00e0 galeria do Rio. O n\u00edvel da \u00e1gua ainda estava muito alto para permitir a realiza\u00e7\u00e3o do mergulho. Foi um dia de grande esfor\u00e7o, mas quase todo o equipamento de mergulho ficou em posi\u00e7\u00e3o. <\/p>\n<p>23\/08\/2020<\/p>\n<p><strong>Trabalhos realizados:<\/strong> Devido \u00e0s chuvas dos dias anteriores foi necess\u00e1rio entrar para verificar os n\u00edveis de \u00e1gua nos sif\u00f5es S1 e S2. O sif\u00e3o S1 estava com \u00e1gua mas transit\u00e1vel, foi realizado bombeamento por gravidade e o sif\u00e3o ficou a drenar para melhorar o acesso. O sif\u00e3o S2 estava surpreendentemente seco! <\/p>\n<p>26\/08\/2020<\/p>\n<p><strong>Trabalhos realizados:<\/strong> Verifica\u00e7\u00e3o do n\u00edvel de \u00e1gua. Avalia\u00e7\u00e3o do acesso \u00e0 galeria do Rio por um po\u00e7o alternativo, que \u00e9 mais largo. O n\u00edvel de \u00e1gua encontrava-se 4,9m abaixo da 1\u00aa amarra\u00e7\u00e3o do po\u00e7o de acesso \u00e0 galeria do Rio. Contudo o acesso pelo po\u00e7o alternativo, embora com um n\u00edvel de \u00e1gua elevado para a \u00e9poca mostrou-se vi\u00e1vel. Este po\u00e7o d\u00e1 acesso a um afluente que se une \u00e0 galeria do Rio umas dezenas de metros depois. O n\u00edvel da \u00e1gua demorava a baixar, num ano usual j\u00e1 se teria acesso franco \u00e0 zona do mergulho.<\/p>\n<p>28\/08\/2020<\/p>\n<p><strong>Trabalhos realizados:<\/strong> Realiza\u00e7\u00e3o do mergulho na galeria do Rio pelos mergulhadores Jos\u00e9 M\u00e1rio Ventura e Joana Capitani e remo\u00e7\u00e3o parcial do equipamento de mergulho.\u00a0O n\u00edvel de \u00e1gua encontrava-se 5,3m abaixo da 1\u00aa amarra\u00e7\u00e3o do po\u00e7o de acesso \u00e0 galeria do Rio. Apesar do n\u00edvel da \u00e1gua na gruta, historicamente elevado pelos registos existentes, por quest\u00f5es log\u00edsticas o mergulho n\u00e3o podia ser mais adiado.\u00a0O mergulho foi realizado com total seguran\u00e7a, seguindo todos os protocolos e com todos os equipamentos necess\u00e1rios. O acesso \u00e0 galeria do Rio foi realizado pelo po\u00e7o alternativo, acima referido, que d\u00e1 acesso a uma galeria afluente da galeria do Rio. N\u00e3o se conseguiu um ponto de acesso pr\u00e1tico mas arranjou-se forma de montar os equipamentos e entrar na \u00e1gua.\u00a0As condi\u00e7\u00f5es iniciais estavam razo\u00e1veis (para o que era esperado), mas infelizmente \u00e0 medida que se avan\u00e7ou em dire\u00e7\u00e3o \u00e0 galeria do Rio a visibilidade piorava cada vez mais ao ponto da progress\u00e3o passar a ser feita pelo tacto. Por esta raz\u00e3o n\u00e3o foi poss\u00edvel a colecta de dados novos e suspeita-se que efectivamente n\u00e3o tenha sido atingida a galeria do Rio. O mergulho foi realizado com t\u00e9cnica de montagem lateral das garrafas (sidemount) para facilitar o transporte at\u00e9 ao ponto de acesso, e tamb\u00e9m para permitir o deslocamento em passagens subaqu\u00e1ticas restritas, como \u00e9 o caso do po\u00e7o alternativo.\u00a0Ainda nesse dia os equipamentos de mergulho foram parcialmente removidos da gruta.Alguns v\u00eddeos do mergulho da autoria de Jos\u00e9 M\u00e1rio Ventura (GEM) e Joana Capitani (GEM) podem ser consultados nos links:https:\/\/youtu.be\/-ZGUKRnlLh4https:\/\/youtu.be\/ZA5L1OxXFYw<\/p>\n<p>29\/08\/2020<\/p>\n<p><strong>Trabalhos realizados:<\/strong> Remo\u00e7\u00e3o do restante equipamento de mergulho da gruta. <\/p>\n<p>12\/09\/2020<\/p>\n<p><strong>Trabalhos realizados:<\/strong> Reconhecimento de outras zonas da gruta. Verifica\u00e7\u00e3o do n\u00edvel de \u00e1gua. O n\u00edvel de \u00e1gua encontrava-se 7,5m abaixo da 1\u00aa amarra\u00e7\u00e3o do po\u00e7o de acesso \u00e0 galeria do Rio. O acesso \u00e0 galeria do Rio estava aberto e a equipa atingiu o Rio. Fotos dos trabalhos do dia 15\/08 por Vitor Toucinho (GEM)<br \/>\n\t\t\t\t\t\t\t\t<a data-elementor-open-lightbox=\"yes\" data-elementor-lightbox-slideshow=\"a2354e8\" data-elementor-lightbox-title=\"OLYMPUS DIGITAL CAMERA\" data-e-action-hash=\"#elementor-action%3Aaction%3Dlightbox%26settings%3DeyJpZCI6OTY0OCwidXJsIjoiaHR0cHM6XC9cL2dlbS5wdFwvd3AtY29udGVudFwvdXBsb2Fkc1wvMjAyMVwvMDJcLzIwMjAwODE1LVA4MTUwMDA5LmpwZyIsInNsaWRlc2hvdyI6ImEyMzU0ZTgifQ%3D%3D\" href=\"https:\/\/gem.pt\/wp-content\/uploads\/2021\/02\/20200815-P8150009.jpg\"><\/p>\n<figure><img decoding=\"async\" src=\"https:\/\/gem.pt\/wp-content\/uploads\/elementor\/thumbs\/20200815-P8150009-rcr6qk3qkgmfh8exv1vjv3e4bpy0g61yukj1nszo20.jpg\" alt=\"OLYMPUS DIGITAL CAMERA\" \/><\/figure>\n<p><\/a><a data-elementor-open-lightbox=\"yes\" data-elementor-lightbox-slideshow=\"a2354e8\" data-elementor-lightbox-title=\"OLYMPUS DIGITAL CAMERA\" data-e-action-hash=\"#elementor-action%3Aaction%3Dlightbox%26settings%3DeyJpZCI6OTY0OSwidXJsIjoiaHR0cHM6XC9cL2dlbS5wdFwvd3AtY29udGVudFwvdXBsb2Fkc1wvMjAyMVwvMDJcLzIwMjAwODE1LVA4MTUwMDEwLmpwZyIsInNsaWRlc2hvdyI6ImEyMzU0ZTgifQ%3D%3D\" href=\"https:\/\/gem.pt\/wp-content\/uploads\/2021\/02\/20200815-P8150010.jpg\"><\/p>\n<figure><img decoding=\"async\" src=\"https:\/\/gem.pt\/wp-content\/uploads\/elementor\/thumbs\/20200815-P8150010-rcr6qk3qkgmfh8exv1vjv3e4bpy0g61yukj1nszo20.jpg\" alt=\"OLYMPUS DIGITAL CAMERA\" \/><\/figure>\n<p><\/a><a data-elementor-open-lightbox=\"yes\" data-elementor-lightbox-slideshow=\"a2354e8\" data-elementor-lightbox-title=\"OLYMPUS DIGITAL CAMERA\" data-e-action-hash=\"#elementor-action%3Aaction%3Dlightbox%26settings%3DeyJpZCI6OTY1MCwidXJsIjoiaHR0cHM6XC9cL2dlbS5wdFwvd3AtY29udGVudFwvdXBsb2Fkc1wvMjAyMVwvMDJcLzIwMjAwODE1LVA4MTUwMDE1LmpwZyIsInNsaWRlc2hvdyI6ImEyMzU0ZTgifQ%3D%3D\" href=\"https:\/\/gem.pt\/wp-content\/uploads\/2021\/02\/20200815-P8150015.jpg\"><\/p>\n<figure><img decoding=\"async\" src=\"https:\/\/gem.pt\/wp-content\/uploads\/elementor\/thumbs\/20200815-P8150015-rcr6ql1kranpsudkpka6fl5kx3tdnv5p6p6j52y9vs.jpg\" alt=\"OLYMPUS DIGITAL CAMERA\" \/><\/figure>\n<p><\/a><a data-elementor-open-lightbox=\"yes\" data-elementor-lightbox-slideshow=\"a2354e8\" data-elementor-lightbox-title=\"OLYMPUS DIGITAL CAMERA\" data-e-action-hash=\"#elementor-action%3Aaction%3Dlightbox%26settings%3DeyJpZCI6OTY1MSwidXJsIjoiaHR0cHM6XC9cL2dlbS5wdFwvd3AtY29udGVudFwvdXBsb2Fkc1wvMjAyMVwvMDJcLzIwMjAwODE1LVA4MTUwMDE2LmpwZyIsInNsaWRlc2hvdyI6ImEyMzU0ZTgifQ%3D%3D\" href=\"https:\/\/gem.pt\/wp-content\/uploads\/2021\/02\/20200815-P8150016.jpg\"><\/p>\n<figure><img decoding=\"async\" src=\"https:\/\/gem.pt\/wp-content\/uploads\/elementor\/thumbs\/20200815-P8150016-rcr6qk3qkgmfh8exv1vjv3e4bpy0g61yukj1nszo20.jpg\" alt=\"OLYMPUS DIGITAL CAMERA\" \/><\/figure>\n<p><\/a><a data-elementor-open-lightbox=\"yes\" data-elementor-lightbox-slideshow=\"a2354e8\" data-e-action-hash=\"#elementor-action%3Aaction%3Dlightbox%26settings%3DeyJpZCI6OTY1MiwidXJsIjoiaHR0cHM6XC9cL2dlbS5wdFwvd3AtY29udGVudFwvdXBsb2Fkc1wvMjAyMVwvMDJcLzIwMjAwODE1LVA4MTUwMDE3LmpwZyIsInNsaWRlc2hvdyI6ImEyMzU0ZTgifQ%3D%3D\" href=\"https:\/\/gem.pt\/wp-content\/uploads\/2021\/02\/20200815-P8150017.jpg\"><\/p>\n<figure><img decoding=\"async\" src=\"https:\/\/gem.pt\/wp-content\/uploads\/elementor\/thumbs\/20200815-P8150017-rcr6qk3qkgmfh8exv1vjv3e4bpy0g61yukj1nszo20.jpg\" alt=\"\" \/><\/figure>\n<p><\/a><a data-elementor-open-lightbox=\"yes\" data-elementor-lightbox-slideshow=\"a2354e8\" data-elementor-lightbox-title=\"OLYMPUS DIGITAL CAMERA\" data-e-action-hash=\"#elementor-action%3Aaction%3Dlightbox%26settings%3DeyJpZCI6OTY1MywidXJsIjoiaHR0cHM6XC9cL2dlbS5wdFwvd3AtY29udGVudFwvdXBsb2Fkc1wvMjAyMVwvMDJcLzIwMjAwODE1LVA4MTUwMDIwLmpwZyIsInNsaWRlc2hvdyI6ImEyMzU0ZTgifQ%3D%3D\" href=\"https:\/\/gem.pt\/wp-content\/uploads\/2021\/02\/20200815-P8150020.jpg\"><\/p>\n<figure><img decoding=\"async\" src=\"https:\/\/gem.pt\/wp-content\/uploads\/elementor\/thumbs\/20200815-P8150020-rcr6qk3qkgmfh8exv1vjv3e4bpy0g61yukj1nszo20.jpg\" alt=\"OLYMPUS DIGITAL CAMERA\" \/><\/figure>\n<p><\/a><a data-elementor-open-lightbox=\"yes\" data-elementor-lightbox-slideshow=\"a2354e8\" data-elementor-lightbox-title=\"OLYMPUS DIGITAL CAMERA\" data-e-action-hash=\"#elementor-action%3Aaction%3Dlightbox%26settings%3DeyJpZCI6OTY1NCwidXJsIjoiaHR0cHM6XC9cL2dlbS5wdFwvd3AtY29udGVudFwvdXBsb2Fkc1wvMjAyMVwvMDJcLzIwMjAwODE1LVA4MTUwMDIxLmpwZyIsInNsaWRlc2hvdyI6ImEyMzU0ZTgifQ%3D%3D\" href=\"https:\/\/gem.pt\/wp-content\/uploads\/2021\/02\/20200815-P8150021.jpg\"><\/p>\n<figure><img decoding=\"async\" src=\"https:\/\/gem.pt\/wp-content\/uploads\/elementor\/thumbs\/20200815-P8150021-rcr6qk3qkgmfh8exv1vjv3e4bpy0g61yukj1nszo20.jpg\" alt=\"OLYMPUS DIGITAL CAMERA\" \/><\/figure>\n<p><\/a><a data-elementor-open-lightbox=\"yes\" data-elementor-lightbox-slideshow=\"a2354e8\" data-elementor-lightbox-title=\"OLYMPUS DIGITAL CAMERA\" data-e-action-hash=\"#elementor-action%3Aaction%3Dlightbox%26settings%3DeyJpZCI6OTY1NSwidXJsIjoiaHR0cHM6XC9cL2dlbS5wdFwvd3AtY29udGVudFwvdXBsb2Fkc1wvMjAyMVwvMDJcLzIwMjAwODE1LVA4MTUwMDIzLmpwZyIsInNsaWRlc2hvdyI6ImEyMzU0ZTgifQ%3D%3D\" href=\"https:\/\/gem.pt\/wp-content\/uploads\/2021\/02\/20200815-P8150023.jpg\"><\/p>\n<figure><img decoding=\"async\" src=\"https:\/\/gem.pt\/wp-content\/uploads\/elementor\/thumbs\/20200815-P8150023-rcr6qk3qkgmfh8exv1vjv3e4bpy0g61yukj1nszo20.jpg\" alt=\"OLYMPUS DIGITAL CAMERA\" \/><\/figure>\n<p><\/a><a data-elementor-open-lightbox=\"yes\" data-elementor-lightbox-slideshow=\"a2354e8\" data-elementor-lightbox-title=\"OLYMPUS DIGITAL CAMERA\" data-e-action-hash=\"#elementor-action%3Aaction%3Dlightbox%26settings%3DeyJpZCI6OTY1NiwidXJsIjoiaHR0cHM6XC9cL2dlbS5wdFwvd3AtY29udGVudFwvdXBsb2Fkc1wvMjAyMVwvMDJcLzIwMjAwODE1LVA4MTUwMDI0LmpwZyIsInNsaWRlc2hvdyI6ImEyMzU0ZTgifQ%3D%3D\" href=\"https:\/\/gem.pt\/wp-content\/uploads\/2021\/02\/20200815-P8150024.jpg\"><\/p>\n<figure><img decoding=\"async\" src=\"https:\/\/gem.pt\/wp-content\/uploads\/elementor\/thumbs\/20200815-P8150024-rcr6qk3qkgmfh8exv1vjv3e4bpy0g61yukj1nszo20.jpg\" alt=\"OLYMPUS DIGITAL CAMERA\" \/><\/figure>\n<p><\/a><a data-elementor-open-lightbox=\"yes\" data-elementor-lightbox-slideshow=\"a2354e8\" data-elementor-lightbox-title=\"OLYMPUS DIGITAL CAMERA\" data-e-action-hash=\"#elementor-action%3Aaction%3Dlightbox%26settings%3DeyJpZCI6OTY1NywidXJsIjoiaHR0cHM6XC9cL2dlbS5wdFwvd3AtY29udGVudFwvdXBsb2Fkc1wvMjAyMVwvMDJcLzIwMjAwODE1LVA4MTUwMDMyLmpwZyIsInNsaWRlc2hvdyI6ImEyMzU0ZTgifQ%3D%3D\" href=\"https:\/\/gem.pt\/wp-content\/uploads\/2021\/02\/20200815-P8150032.jpg\"><\/p>\n<figure><img decoding=\"async\" src=\"https:\/\/gem.pt\/wp-content\/uploads\/elementor\/thumbs\/20200815-P8150032-rcr6ql1kranpsudkpka6fl5kx3tdnv5p6p6j52y9vs.jpg\" alt=\"OLYMPUS DIGITAL CAMERA\" \/><\/figure>\n<p><\/a><a data-elementor-open-lightbox=\"yes\" data-elementor-lightbox-slideshow=\"a2354e8\" data-elementor-lightbox-title=\"OLYMPUS DIGITAL CAMERA\" data-e-action-hash=\"#elementor-action%3Aaction%3Dlightbox%26settings%3DeyJpZCI6OTY1OCwidXJsIjoiaHR0cHM6XC9cL2dlbS5wdFwvd3AtY29udGVudFwvdXBsb2Fkc1wvMjAyMVwvMDJcLzIwMjAwODE1LVA4MTUwMDM3LmpwZyIsInNsaWRlc2hvdyI6ImEyMzU0ZTgifQ%3D%3D\" href=\"https:\/\/gem.pt\/wp-content\/uploads\/2021\/02\/20200815-P8150037.jpg\"><\/p>\n<figure><img decoding=\"async\" src=\"https:\/\/gem.pt\/wp-content\/uploads\/elementor\/thumbs\/20200815-P8150037-rcr6qk3qkgmfh8exv1vjv3e4bpy0g61yukj1nszo20.jpg\" alt=\"OLYMPUS DIGITAL CAMERA\" \/><\/figure>\n<p><\/a><a data-elementor-open-lightbox=\"yes\" data-elementor-lightbox-slideshow=\"a2354e8\" data-elementor-lightbox-title=\"OLYMPUS DIGITAL CAMERA\" data-e-action-hash=\"#elementor-action%3Aaction%3Dlightbox%26settings%3DeyJpZCI6OTY2MSwidXJsIjoiaHR0cHM6XC9cL2dlbS5wdFwvd3AtY29udGVudFwvdXBsb2Fkc1wvMjAyMVwvMDJcLzIwMjAwODE1LVA4MTUwMDQxLmpwZyIsInNsaWRlc2hvdyI6ImEyMzU0ZTgifQ%3D%3D\" href=\"https:\/\/gem.pt\/wp-content\/uploads\/2021\/02\/20200815-P8150041.jpg\"><\/p>\n<figure><img decoding=\"async\" src=\"https:\/\/gem.pt\/wp-content\/uploads\/elementor\/thumbs\/20200815-P8150041-rcr6qk3qkgmfh8exv1vjv3e4bpy0g61yukj1nszo20.jpg\" alt=\"OLYMPUS DIGITAL CAMERA\" \/><\/figure>\n<p><\/a>\t\t\t<\/p>\n<p>Equipa<\/p>\n<p>Ana Barros (GEM), Ant\u00f3nio Afonso (ARCM), Ant\u00f3nio In\u00e1cio (Geonauta), Bruno Enes (GEM), Bruno Pais (AESDA), Carlos Silva (NEL), Dora Sequeira (Geonauta), Elis\u00e3o Roque (NEL), Filipe Castro (GEM), Joana Capitani (GEM), Jo\u00e3o Bastos (NEL), Jo\u00e3o Ferreira (NEL), Jos\u00e9 Lopes (NEL), Jos\u00e9 M\u00e1rio Ventura (GEM), Jos\u00e9 Ribeiro (GEM), Jorge Faustino (GEM), Lu\u00eds Meira (AESDA), M\u00e1rcia Cruz (GEM), Marco Matias (GEM), Maria Miguel (AESDA), Paulo Almeida (afilia\u00e7\u00e3o desconhecida), Isis Almeida&nbsp;(afilia\u00e7\u00e3o desconhecida),&nbsp;Paulo Lopes (GEM),&nbsp;Paulo Rocha (GEMA), Paulo Rodrigues\/superf\u00edcie (GEM), Pedro Fazenda (NAMMI), Pedro Robalo (GEM),&nbsp;Rui Pina (GEM),&nbsp;Teresa Cardoso (GEM), V\u00edtor Louren\u00e7o (GEM), Vitor Toucinho (GEM).<\/p>\n<p>Texto: Paulo Rodrigues<br \/>Revis\u00e3o: Pedro Robalo, Joana Capitani e Jos\u00e9 M\u00e1rio Ventura<\/p>\n","protected":false},"excerpt":{"rendered":"<p>Contenda &#8211; O Regresso aos Banhos 27 de Fevereiro de 2021\u00a0Com a obten\u00e7\u00e3o de autoriza\u00e7\u00e3o do ICNF voltou-se \u00e0s atividades na gruta da Contenda, desta feita aos espeleomergulhos. A \u00faltima atividade realizada na gruta, no \u00e2mbito do Projeto Contenda, tinha sido em 2015 na galeria SPE 66. O \u00faltimo espeleomergulho datava j\u00e1 de 2013, realizado [&hellip;]<\/p>\n","protected":false},"author":12,"featured_media":0,"parent":1574,"menu_order":0,"comment_status":"closed","ping_status":"closed","template":"","meta":{"footnotes":""},"class_list":["post-9646","page","type-page","status-publish","hentry"],"_links":{"self":[{"href":"https:\/\/gem.pt\/1\/wp-json\/wp\/v2\/pages\/9646","targetHints":{"allow":["GET"]}}],"collection":[{"href":"https:\/\/gem.pt\/1\/wp-json\/wp\/v2\/pages"}],"about":[{"href":"https:\/\/gem.pt\/1\/wp-json\/wp\/v2\/types\/page"}],"author":[{"embeddable":true,"href":"https:\/\/gem.pt\/1\/wp-json\/wp\/v2\/users\/12"}],"replies":[{"embeddable":true,"href":"https:\/\/gem.pt\/1\/wp-json\/wp\/v2\/comments?post=9646"}],"version-history":[{"count":3,"href":"https:\/\/gem.pt\/1\/wp-json\/wp\/v2\/pages\/9646\/revisions"}],"predecessor-version":[{"id":22177,"href":"https:\/\/gem.pt\/1\/wp-json\/wp\/v2\/pages\/9646\/revisions\/22177"}],"up":[{"embeddable":true,"href":"https:\/\/gem.pt\/1\/wp-json\/wp\/v2\/pages\/1574"}],"wp:attachment":[{"href":"https:\/\/gem.pt\/1\/wp-json\/wp\/v2\/media?parent=9646"}],"curies":[{"name":"wp","href":"https:\/\/api.w.org\/{rel}","templated":true}]}}