{"id":976,"date":"2020-05-24T23:28:37","date_gmt":"2020-05-24T23:28:37","guid":{"rendered":"https:\/\/gem.pt\/@teste\/?page_id=976"},"modified":"2025-02-15T16:46:13","modified_gmt":"2025-02-15T16:46:13","slug":"espeleo-polje","status":"publish","type":"page","link":"https:\/\/gem.pt\/1\/projetos\/espeleo-polje\/","title":{"rendered":"Espeleo-Polge"},"content":{"rendered":"<h1>Espeleo-Polje<\/h1>\n<p>Projeto espeleol\u00f3gico a pensar na explora\u00e7\u00e3o e estudo das grutas associadas \u00e0s nascentes c\u00e1rsicas do polje de Minde<\/p>\n<hr \/>\n<p>\u00a0Introdu\u00e7\u00e3o\u00a0Este projeto teve in\u00edcio em 2007 com os trabalhos na gruta da Contenda, tendo-se acrescentado a partir de 2010 a gruta do Mindinho.\u00a0Os trabalhos at\u00e9 agora realizados e projetados para o ano de 2013 s\u00e3o a continua\u00e7\u00e3o da explora\u00e7\u00e3o, topografia, levantamento geol\u00f3gico e mergulho nas grutas da Contenda e Mindinho.\u00a0O apoio institucional para a realiza\u00e7\u00e3o destes trabalhos \u00e9 dado em 2013 essencialmente pelos grupos GEM, NEUA ARCM e NEL.\u00a0Os trabalhos realizados at\u00e9 agora tiveram a participa\u00e7\u00e3o de espele\u00f3logos da maior parte das associa\u00e7\u00f5es de espeleologia portuguesas.\u00a0Objetivos 2013\u00a0Gruta da Contenda<\/p>\n<ul>\n<li>Espeleomergulho e topografia na galeria do rio.<\/li>\n<li>A galeria do rio \u00e9 um dos poucos pontos em Portugal de explora\u00e7\u00e3o completamente virgem.<\/li>\n<li>A galeria do rio situa-se na parte terminal, a cerca de 70m de profundidade e a mais de 4 horas de progress\u00e3o desde a entrada da gruta.<\/li>\n<li>Os mergulhos realizados em 2011 provam o grande potencial espeleol\u00f3gico da galeria com potenciais liga\u00e7\u00f5es a outras grutas do Sistema Moinhos Velhos.<\/li>\n<\/ul>\n","protected":false},"excerpt":{"rendered":"<p>Espeleo-Polje Projeto espeleol\u00f3gico a pensar na explora\u00e7\u00e3o e estudo das grutas associadas \u00e0s nascentes c\u00e1rsicas do polje de Minde \u00a0Introdu\u00e7\u00e3o\u00a0Este projeto teve in\u00edcio em 2007 com os trabalhos na gruta da Contenda, tendo-se acrescentado a partir de 2010 a gruta do Mindinho.\u00a0Os trabalhos at\u00e9 agora realizados e projetados para o ano de 2013 s\u00e3o a [&hellip;]<\/p>\n","protected":false},"author":1,"featured_media":0,"parent":850,"menu_order":1,"comment_status":"closed","ping_status":"closed","template":"","meta":{"footnotes":""},"class_list":["post-976","page","type-page","status-publish","hentry"],"_links":{"self":[{"href":"https:\/\/gem.pt\/1\/wp-json\/wp\/v2\/pages\/976","targetHints":{"allow":["GET"]}}],"collection":[{"href":"https:\/\/gem.pt\/1\/wp-json\/wp\/v2\/pages"}],"about":[{"href":"https:\/\/gem.pt\/1\/wp-json\/wp\/v2\/types\/page"}],"author":[{"embeddable":true,"href":"https:\/\/gem.pt\/1\/wp-json\/wp\/v2\/users\/1"}],"replies":[{"embeddable":true,"href":"https:\/\/gem.pt\/1\/wp-json\/wp\/v2\/comments?post=976"}],"version-history":[{"count":0,"href":"https:\/\/gem.pt\/1\/wp-json\/wp\/v2\/pages\/976\/revisions"}],"up":[{"embeddable":true,"href":"https:\/\/gem.pt\/1\/wp-json\/wp\/v2\/pages\/850"}],"wp:attachment":[{"href":"https:\/\/gem.pt\/1\/wp-json\/wp\/v2\/media?parent=976"}],"curies":[{"name":"wp","href":"https:\/\/api.w.org\/{rel}","templated":true}]}}