{"id":995,"date":"2020-05-25T23:53:00","date_gmt":"2020-05-25T23:53:00","guid":{"rendered":"https:\/\/gem.pt\/@teste\/?page_id=995"},"modified":"2020-05-28T23:08:05","modified_gmt":"2020-05-28T23:08:05","slug":"prospecao-em-pnsac","status":"publish","type":"page","link":"https:\/\/gem.pt\/1\/projetos\/prospecao-em-pnsac\/","title":{"rendered":"Prospe\u00e7\u00e3o em PNSAC"},"content":{"rendered":"<p>\u00a0<\/p>\n<p>Prospe\u00e7\u00e3o em PNSAC<br \/>O projeto consiste na verifica\u00e7\u00e3o de pontos com a localiza\u00e7\u00e3o de cavidades situadas no interior do Parque Natural das Serras de Aire e Candeeiros (PNSAC).<\/p>\n<hr \/>\n<p>\u00a0A origem dos pontos \u00e9 diversa, desde pontos publicados em revistas e livros, cadastros pessoais, cadastro do GEM e outros.\u00a0As atividades s\u00e3o essencialmente de \"bater terreno\" para verificar se as coordenadas est\u00e3o corretas e sempre que necess\u00e1rio e poss\u00edvel corrigi-las. Ao \"bater\" o terreno, qualquer outra cavidade que se encontrar ter\u00e1 tamb\u00e9m a sua localiza\u00e7\u00e3o registada.\u00a0<img fetchpriority=\"high\" decoding=\"async\" src=\"https:\/\/gem.pt\/wp-content\/uploads\/2020\/05\/Projetos_3_1.jpg\" alt=\"\" width=\"1050\" height=\"575\" \/>\u00a0Implanta\u00e7\u00e3o em SIG por Pedro Robalo (GEM)<\/p>\n","protected":false},"excerpt":{"rendered":"<p>\u00a0 Prospe\u00e7\u00e3o em PNSACO projeto consiste na verifica\u00e7\u00e3o de pontos com a localiza\u00e7\u00e3o de cavidades situadas no interior do Parque Natural das Serras de Aire e Candeeiros (PNSAC). \u00a0A origem dos pontos \u00e9 diversa, desde pontos publicados em revistas e livros, cadastros pessoais, cadastro do GEM e outros.\u00a0As atividades s\u00e3o essencialmente de &#8220;bater terreno&#8221; para [&hellip;]<\/p>\n","protected":false},"author":1,"featured_media":0,"parent":850,"menu_order":2,"comment_status":"closed","ping_status":"closed","template":"","meta":{"footnotes":""},"class_list":["post-995","page","type-page","status-publish","hentry"],"_links":{"self":[{"href":"https:\/\/gem.pt\/1\/wp-json\/wp\/v2\/pages\/995","targetHints":{"allow":["GET"]}}],"collection":[{"href":"https:\/\/gem.pt\/1\/wp-json\/wp\/v2\/pages"}],"about":[{"href":"https:\/\/gem.pt\/1\/wp-json\/wp\/v2\/types\/page"}],"author":[{"embeddable":true,"href":"https:\/\/gem.pt\/1\/wp-json\/wp\/v2\/users\/1"}],"replies":[{"embeddable":true,"href":"https:\/\/gem.pt\/1\/wp-json\/wp\/v2\/comments?post=995"}],"version-history":[{"count":0,"href":"https:\/\/gem.pt\/1\/wp-json\/wp\/v2\/pages\/995\/revisions"}],"up":[{"embeddable":true,"href":"https:\/\/gem.pt\/1\/wp-json\/wp\/v2\/pages\/850"}],"wp:attachment":[{"href":"https:\/\/gem.pt\/1\/wp-json\/wp\/v2\/media?parent=995"}],"curies":[{"name":"wp","href":"https:\/\/api.w.org\/{rel}","templated":true}]}}